{"id":4335,"date":"2026-04-28T15:22:58","date_gmt":"2026-04-28T15:22:58","guid":{"rendered":"https:\/\/c1cert.se\/?page_id=4335"},"modified":"2026-04-28T15:26:41","modified_gmt":"2026-04-28T15:26:41","slug":"iso-90012026","status":"publish","type":"page","link":"https:\/\/c1cert.se\/en\/iso-90012026\/","title":{"rendered":"ISO 9001:2026"},"content":{"rendered":"<div data-elementor-type=\"wp-page\" data-elementor-id=\"4335\" class=\"elementor elementor-4335\" data-elementor-post-type=\"page\">\n\t\t\t\t\t\t<section class=\"elementor-section elementor-top-section elementor-element elementor-element-7a9ad1c elementor-section-height-min-height elementor-section-items-bottom elementor-section-full_width elementor-section-height-default\" data-id=\"7a9ad1c\" data-element_type=\"section\" data-settings=\"{&quot;background_background&quot;:&quot;classic&quot;}\">\n\t\t\t\t\t\t\t<div class=\"elementor-background-overlay\"><\/div>\n\t\t\t\t\t\t\t<div class=\"elementor-container elementor-column-gap-default\">\n\t\t\t\t\t<div class=\"elementor-column elementor-col-100 elementor-top-column elementor-element elementor-element-0ab1daa\" data-id=\"0ab1daa\" data-element_type=\"column\">\n\t\t\t<div class=\"elementor-widget-wrap elementor-element-populated\">\n\t\t\t\t\t\t<section class=\"elementor-section elementor-inner-section elementor-element elementor-element-be81a35 elementor-section-boxed elementor-section-height-default elementor-section-height-default\" data-id=\"be81a35\" data-element_type=\"section\">\n\t\t\t\t\t\t<div class=\"elementor-container elementor-column-gap-default\">\n\t\t\t\t\t<div class=\"elementor-column elementor-col-100 elementor-inner-column elementor-element elementor-element-c580e9d\" data-id=\"c580e9d\" data-element_type=\"column\">\n\t\t\t<div class=\"elementor-widget-wrap elementor-element-populated\">\n\t\t\t\t\t\t<div class=\"elementor-element elementor-element-6870082 elementor-widget elementor-widget-text-editor\" data-id=\"6870082\" data-element_type=\"widget\" data-widget_type=\"text-editor.default\">\n\t\t\t\t<div class=\"elementor-widget-container\">\n\t\t\t\t\t\t\t\t\t<h1>ISO 9001:2026<\/h1>\t\t\t\t\t\t\t\t<\/div>\n\t\t\t\t<\/div>\n\t\t\t\t\t<\/div>\n\t\t<\/div>\n\t\t\t\t\t<\/div>\n\t\t<\/section>\n\t\t\t\t\t<\/div>\n\t\t<\/div>\n\t\t\t\t\t<\/div>\n\t\t<\/section>\n\t\t\t\t<section class=\"elementor-section elementor-top-section elementor-element elementor-element-cd843e3 elementor-section-boxed elementor-section-height-default elementor-section-height-default\" data-id=\"cd843e3\" data-element_type=\"section\">\n\t\t\t\t\t\t<div class=\"elementor-container elementor-column-gap-default\">\n\t\t\t\t\t<div class=\"elementor-column elementor-col-100 elementor-top-column elementor-element elementor-element-f66cfa5\" data-id=\"f66cfa5\" data-element_type=\"column\">\n\t\t\t<div class=\"elementor-widget-wrap elementor-element-populated\">\n\t\t\t\t\t\t<div class=\"elementor-element elementor-element-5b8b3b7 elementor-widget elementor-widget-spacer\" data-id=\"5b8b3b7\" data-element_type=\"widget\" data-widget_type=\"spacer.default\">\n\t\t\t\t<div class=\"elementor-widget-container\">\n\t\t\t\t\t\t\t<div class=\"elementor-spacer\">\n\t\t\t<div class=\"elementor-spacer-inner\"><\/div>\n\t\t<\/div>\n\t\t\t\t\t\t<\/div>\n\t\t\t\t<\/div>\n\t\t\t\t<div class=\"elementor-element elementor-element-8b72323 elementor-widget elementor-widget-text-editor\" data-id=\"8b72323\" data-element_type=\"widget\" data-widget_type=\"text-editor.default\">\n\t\t\t\t<div class=\"elementor-widget-container\">\n\t\t\t\t\t\t\t\t\t<h2 style=\"font-family: 'Open Sans', sans-serif; color: #494949;\">Snart kommer en ny kvalitetsstandard f\u00f6r ledningssystem<\/h2><p><span style=\"font-size: 22px;\">En ny utg\u00e5va av ISO 9001 planeras att publiceras under 2026 och ers\u00e4tter d\u00e4rmed nuvarande ISO 9001:2015. Revideringen inneb\u00e4r f\u00f6rtydliganden och sk\u00e4rpta krav inom omr\u00e5den som ledarskap, riskhantering, digitalisering samt etik och styrning, samtidigt som standardens struktur fortsatt harmoniseras med \u00f6vriga ISO-standarder. Med den nya ISO 9001:2026 introduceras \u00e4ven ett nytt mer omfattande Annex A, vilket f\u00f6rv\u00e4ntas ge ytterligare v\u00e4gledning och struktur kring specifika delar av standardens syfte och till\u00e4mpning. Annexet \u00e4r inte kravst\u00e4llande i sig, utan fungerar som ett st\u00f6d f\u00f6r att f\u00f6rtydliga hur organisationer kan tolka och implementera vissa krav p\u00e5 ett mer enhetligt och effektivt s\u00e4tt.\u00a0<\/span><span style=\"font-size: 22px; color: inherit; font-family: inherit;\">Den nya versionen v\u00e4ntas ge ett tydligare ramverk f\u00f6r hur organisationer ska integrera digitala och datadrivna arbetss\u00e4tt i sitt kvalitetsledningssystem. Samtidigt st\u00e4rks kraven p\u00e5 styrning av leveranskedjor, med \u00f6kat fokus p\u00e5 resiliens, riskf\u00f6rutseende och uppf\u00f6ljning av prestation. Etik och styrning kopplas n\u00e4rmare kvalitetsledning i linje med \u00f6kade ESG-krav och intressentf\u00f6rv\u00e4ntningar.<\/span><\/p><p><span style=\"color: inherit; font-family: inherit; font-size: 22px;\">Den engelska versionen av uppdateringen f\u00f6rv\u00e4ntas lanseras under senare halvan av 2026 och d\u00e4refter p\u00e5b\u00f6rjas lokala \u00f6vers\u00e4ttningar, vilket inneb\u00e4r att det dr\u00f6jer n\u00e5got vi kan g\u00f6ra uppdateringen hos er. Ut\u00f6ver det f\u00f6rv\u00e4ntas redan certifierade verksamheter f\u00e5 en \u00f6verg\u00e5ngsperiod p\u00e5 tre \u00e5r, likt ISO14001:2026. Mer information kommer n\u00e4r vi n\u00e4rmar oss implementering.<\/span><\/p>\t\t\t\t\t\t\t\t<\/div>\n\t\t\t\t<\/div>\n\t\t\t\t<div class=\"elementor-element elementor-element-4602ff9 elementor-widget elementor-widget-spacer\" data-id=\"4602ff9\" data-element_type=\"widget\" data-widget_type=\"spacer.default\">\n\t\t\t\t<div class=\"elementor-widget-container\">\n\t\t\t\t\t\t\t<div class=\"elementor-spacer\">\n\t\t\t<div class=\"elementor-spacer-inner\"><\/div>\n\t\t<\/div>\n\t\t\t\t\t\t<\/div>\n\t\t\t\t<\/div>\n\t\t\t\t\t<\/div>\n\t\t<\/div>\n\t\t\t\t\t<\/div>\n\t\t<\/section>\n\t\t\t\t<\/div>","protected":false},"excerpt":{"rendered":"<p>ISO 9001:2026 Snart kommer en ny kvalitetsstandard f\u00f6r ledningssystem En ny utg\u00e5va av ISO 9001 planeras att publiceras under 2026 och ers\u00e4tter d\u00e4rmed nuvarande ISO 9001:2015. Revideringen inneb\u00e4r f\u00f6rtydliganden och sk\u00e4rpta krav inom omr\u00e5den som ledarskap, riskhantering, digitalisering samt etik och styrning, samtidigt som standardens struktur fortsatt harmoniseras med \u00f6vriga ISO-standarder. Med den nya ISO [&hellip;]<\/p>","protected":false},"author":7,"featured_media":0,"parent":0,"menu_order":0,"comment_status":"closed","ping_status":"closed","template":"","meta":{"_acf_changed":false,"footnotes":""},"class_list":["post-4335","page","type-page","status-publish","hentry"],"acf":[],"_links":{"self":[{"href":"https:\/\/c1cert.se\/en\/wp-json\/wp\/v2\/pages\/4335"}],"collection":[{"href":"https:\/\/c1cert.se\/en\/wp-json\/wp\/v2\/pages"}],"about":[{"href":"https:\/\/c1cert.se\/en\/wp-json\/wp\/v2\/types\/page"}],"author":[{"embeddable":true,"href":"https:\/\/c1cert.se\/en\/wp-json\/wp\/v2\/users\/7"}],"replies":[{"embeddable":true,"href":"https:\/\/c1cert.se\/en\/wp-json\/wp\/v2\/comments?post=4335"}],"version-history":[{"count":3,"href":"https:\/\/c1cert.se\/en\/wp-json\/wp\/v2\/pages\/4335\/revisions"}],"predecessor-version":[{"id":4339,"href":"https:\/\/c1cert.se\/en\/wp-json\/wp\/v2\/pages\/4335\/revisions\/4339"}],"wp:attachment":[{"href":"https:\/\/c1cert.se\/en\/wp-json\/wp\/v2\/media?parent=4335"}],"curies":[{"name":"wp","href":"https:\/\/api.w.org\/{rel}","templated":true}]}}