{"id":15,"date":"2024-01-03T08:16:26","date_gmt":"2024-01-03T08:16:26","guid":{"rendered":"https:\/\/c1cert.se\/?page_id=15"},"modified":"2025-09-21T13:49:13","modified_gmt":"2025-09-21T13:49:13","slug":"start","status":"publish","type":"page","link":"https:\/\/c1cert.se\/fi\/","title":{"rendered":"C1-sertifiointi"},"content":{"rendered":"<div data-elementor-type=\"wp-page\" data-elementor-id=\"15\" class=\"elementor elementor-15\" data-elementor-post-type=\"page\">\n\t\t\t\t\t\t<section class=\"elementor-section elementor-top-section elementor-element elementor-element-47040bc elementor-section-height-min-height elementor-section-full_width elementor-section-height-default elementor-section-items-middle\" data-id=\"47040bc\" data-element_type=\"section\" data-settings=\"{&quot;background_background&quot;:&quot;classic&quot;}\">\n\t\t\t\t\t\t\t<div class=\"elementor-background-overlay\"><\/div>\n\t\t\t\t\t\t\t<div class=\"elementor-container elementor-column-gap-default\">\n\t\t\t\t\t<div class=\"elementor-column elementor-col-100 elementor-top-column elementor-element elementor-element-d8f63a3\" data-id=\"d8f63a3\" data-element_type=\"column\">\n\t\t\t<div class=\"elementor-widget-wrap elementor-element-populated\">\n\t\t\t\t\t\t<div class=\"elementor-element elementor-element-959a5cb elementor-hidden-tablet elementor-hidden-mobile elementor-widget elementor-widget-text-editor\" data-id=\"959a5cb\" data-element_type=\"widget\" data-widget_type=\"text-editor.default\">\n\t\t\t\t<div class=\"elementor-widget-container\">\n\t\t\t\t\t\t\t\t\t<h1>Akkreditoitu sertifiointikumppanisi<\/h1><h2>ISO9001, ISO14001, ISO45001 JA ISO27001.<\/h2>\t\t\t\t\t\t\t\t<\/div>\n\t\t\t\t<\/div>\n\t\t\t\t<div class=\"elementor-element elementor-element-7a7962c elementor-hidden-desktop elementor-widget elementor-widget-text-editor\" data-id=\"7a7962c\" data-element_type=\"widget\" data-widget_type=\"text-editor.default\">\n\t\t\t\t<div class=\"elementor-widget-container\">\n\t\t\t\t\t\t\t\t\t<h3>Akkreditoitu sertifiointikumppanisi<\/h3><h5>ISO9001, ISO14001, ISO45001 JA ISO27001.<\/h5>\t\t\t\t\t\t\t\t<\/div>\n\t\t\t\t<\/div>\n\t\t\t\t\t<\/div>\n\t\t<\/div>\n\t\t\t\t\t<\/div>\n\t\t<\/section>\n\t\t\t\t<section class=\"elementor-section elementor-top-section elementor-element elementor-element-bef2fd8 elementor-section-boxed elementor-section-height-default elementor-section-height-default\" data-id=\"bef2fd8\" data-element_type=\"section\" data-settings=\"{&quot;background_background&quot;:&quot;classic&quot;}\">\n\t\t\t\t\t\t<div class=\"elementor-container elementor-column-gap-default\">\n\t\t\t\t\t<div class=\"elementor-column elementor-col-100 elementor-top-column elementor-element elementor-element-1668505\" data-id=\"1668505\" data-element_type=\"column\">\n\t\t\t<div class=\"elementor-widget-wrap elementor-element-populated\">\n\t\t\t\t\t\t<div class=\"elementor-element elementor-element-44fc931 elementor-widget elementor-widget-spacer\" data-id=\"44fc931\" data-element_type=\"widget\" data-widget_type=\"spacer.default\">\n\t\t\t\t<div class=\"elementor-widget-container\">\n\t\t\t\t\t\t\t<div class=\"elementor-spacer\">\n\t\t\t<div class=\"elementor-spacer-inner\"><\/div>\n\t\t<\/div>\n\t\t\t\t\t\t<\/div>\n\t\t\t\t<\/div>\n\t\t\t\t<section class=\"elementor-section elementor-inner-section elementor-element elementor-element-26ec811 elementor-section-boxed elementor-section-height-default elementor-section-height-default\" data-id=\"26ec811\" data-element_type=\"section\" data-settings=\"{&quot;background_background&quot;:&quot;classic&quot;}\">\n\t\t\t\t\t\t<div class=\"elementor-container elementor-column-gap-default\">\n\t\t\t\t\t<div class=\"elementor-column elementor-col-50 elementor-inner-column elementor-element elementor-element-8967697\" data-id=\"8967697\" data-element_type=\"column\">\n\t\t\t<div class=\"elementor-widget-wrap elementor-element-populated\">\n\t\t\t\t\t\t<div class=\"elementor-element elementor-element-c4ad63b elementor-widget elementor-widget-image\" data-id=\"c4ad63b\" data-element_type=\"widget\" data-widget_type=\"image.default\">\n\t\t\t\t<div class=\"elementor-widget-container\">\n\t\t\t\t\t\t\t\t\t\t\t\t\t\t\t<img fetchpriority=\"high\" decoding=\"async\" width=\"800\" height=\"534\" src=\"https:\/\/c1cert.se\/wp-content\/uploads\/2024\/02\/DSC3906-1024x683.webp\" class=\"attachment-large size-large wp-image-1586\" alt=\"\" srcset=\"https:\/\/c1cert.se\/wp-content\/uploads\/2024\/02\/DSC3906-1024x683.webp 1024w, https:\/\/c1cert.se\/wp-content\/uploads\/2024\/02\/DSC3906-300x200.webp 300w, https:\/\/c1cert.se\/wp-content\/uploads\/2024\/02\/DSC3906-768x512.webp 768w, https:\/\/c1cert.se\/wp-content\/uploads\/2024\/02\/DSC3906-1536x1024.webp 1536w, https:\/\/c1cert.se\/wp-content\/uploads\/2024\/02\/DSC3906-scaled.webp 1920w, https:\/\/c1cert.se\/wp-content\/uploads\/2024\/02\/DSC3906-18x12.webp 18w\" sizes=\"(max-width: 800px) 100vw, 800px\" \/>\t\t\t\t\t\t\t\t\t\t\t\t\t\t\t<\/div>\n\t\t\t\t<\/div>\n\t\t\t\t\t<\/div>\n\t\t<\/div>\n\t\t\t\t<div class=\"elementor-column elementor-col-50 elementor-inner-column elementor-element elementor-element-725da97\" data-id=\"725da97\" data-element_type=\"column\">\n\t\t\t<div class=\"elementor-widget-wrap elementor-element-populated\">\n\t\t\t\t\t\t<div class=\"elementor-element elementor-element-6b270a2 elementor-widget elementor-widget-text-editor\" data-id=\"6b270a2\" data-element_type=\"widget\" data-widget_type=\"text-editor.default\">\n\t\t\t\t<div class=\"elementor-widget-container\">\n\t\t\t\t\t\t\t\t\t<h2>T\u00e4t\u00e4 me teemme<\/h2><p>Tarjoamme akkreditoidun johtamisj\u00e4rjestelm\u00e4n sertifiointia ja sertifioimme:<\/p><ul><li><a href=\"https:\/\/c1cert.se\/fi\/iso-9001-ledningssystem-for-kvalitet\/\">ISO9001:2015 - Laadunhallinta<\/a><\/li><li><a href=\"https:\/\/c1cert.se\/fi\/iso-14001-ledningssystem-for-miljo\/\">ISO14001:2015 - Ymp\u00e4rist\u00f6asioiden hallinta<\/a><\/li><li><a href=\"https:\/\/c1cert.se\/fi\/iso-45001-ledningssystem-for-arbetsmiljo\/\">ISO45001:2018 - Ty\u00f6terveys ja -turvallisuus<\/a><\/li><li><a href=\"https:\/\/c1cert.se\/fi\/iso-27001-informationssakerhet\/\">ISO27001:2022 - Tietoturva<\/a><\/li><\/ul><p><br \/>Sertifiointipalvelujen lis\u00e4ksi suoritamme varmennuksia tiettyjen standardien, asiakas- tai toimittajakohtaisten vaatimusten tai esimerkiksi ISO 26000 -standardin mukaisesti sosiaalisen vastuun ja hiilip\u00e4\u00e4st\u00f6ohjeiden osalta.<\/p>\t\t\t\t\t\t\t\t<\/div>\n\t\t\t\t<\/div>\n\t\t\t\t\t<\/div>\n\t\t<\/div>\n\t\t\t\t\t<\/div>\n\t\t<\/section>\n\t\t\t\t<div class=\"elementor-element elementor-element-2bbc826 elementor-align-right elementor-widget elementor-widget-button\" data-id=\"2bbc826\" data-element_type=\"widget\" data-widget_type=\"button.default\">\n\t\t\t\t<div class=\"elementor-widget-container\">\n\t\t\t\t\t\t\t\t\t<div class=\"elementor-button-wrapper\">\n\t\t\t\t\t<a class=\"elementor-button elementor-button-link elementor-size-lg\" href=\"https:\/\/c1cert.se\/fi\/vara-tjanster\/certifiering\/\">\n\t\t\t\t\t\t<span class=\"elementor-button-content-wrapper\">\n\t\t\t\t\t\t<span class=\"elementor-button-icon\">\n\t\t\t\t<svg aria-hidden=\"true\" class=\"e-font-icon-svg e-far-arrow-alt-circle-right\" viewbox=\"0 0 512 512\" xmlns=\"http:\/\/www.w3.org\/2000\/svg\"><path d=\"M504 256C504 119 393 8 256 8S8 119 8 256s111 248 248 248 248-111 248-248zm-448 0c0-110.5 89.5-200 200-200s200 89.5 200 200-89.5 200-200 200S56 366.5 56 256zm72 20v-40c0-6.6 5.4-12 12-12h116v-67c0-10.7 12.9-16 20.5-8.5l99 99c4.7 4.7 4.7 12.3 0 17l-99 99c-7.6 7.6-20.5 2.2-20.5-8.5v-67H140c-6.6 0-12-5.4-12-12z\"><\/path><\/svg>\t\t\t<\/span>\n\t\t\t\t\t\t\t\t\t<span class=\"elementor-button-text\">LUE LIS\u00c4\u00c4<\/span>\n\t\t\t\t\t<\/span>\n\t\t\t\t\t<\/a>\n\t\t\t\t<\/div>\n\t\t\t\t\t\t\t\t<\/div>\n\t\t\t\t<\/div>\n\t\t\t\t<div class=\"elementor-element elementor-element-71cba4d elementor-widget elementor-widget-spacer\" data-id=\"71cba4d\" data-element_type=\"widget\" data-widget_type=\"spacer.default\">\n\t\t\t\t<div class=\"elementor-widget-container\">\n\t\t\t\t\t\t\t<div class=\"elementor-spacer\">\n\t\t\t<div class=\"elementor-spacer-inner\"><\/div>\n\t\t<\/div>\n\t\t\t\t\t\t<\/div>\n\t\t\t\t<\/div>\n\t\t\t\t\t<\/div>\n\t\t<\/div>\n\t\t\t\t\t<\/div>\n\t\t<\/section>\n\t\t\t\t<section class=\"elementor-section elementor-top-section elementor-element elementor-element-e06678e elementor-section-boxed elementor-section-height-default elementor-section-height-default\" data-id=\"e06678e\" data-element_type=\"section\" data-settings=\"{&quot;background_background&quot;:&quot;classic&quot;}\">\n\t\t\t\t\t\t<div class=\"elementor-container elementor-column-gap-default\">\n\t\t\t\t\t<div class=\"elementor-column elementor-col-100 elementor-top-column elementor-element elementor-element-a5d84a8\" data-id=\"a5d84a8\" data-element_type=\"column\">\n\t\t\t<div class=\"elementor-widget-wrap elementor-element-populated\">\n\t\t\t\t\t\t<div class=\"elementor-element elementor-element-71e8f44 elementor-widget elementor-widget-spacer\" data-id=\"71e8f44\" data-element_type=\"widget\" data-widget_type=\"spacer.default\">\n\t\t\t\t<div class=\"elementor-widget-container\">\n\t\t\t\t\t\t\t<div class=\"elementor-spacer\">\n\t\t\t<div class=\"elementor-spacer-inner\"><\/div>\n\t\t<\/div>\n\t\t\t\t\t\t<\/div>\n\t\t\t\t<\/div>\n\t\t\t\t<section class=\"elementor-section elementor-inner-section elementor-element elementor-element-6ecac10 elementor-section-boxed elementor-section-height-default elementor-section-height-default\" data-id=\"6ecac10\" data-element_type=\"section\" data-settings=\"{&quot;background_background&quot;:&quot;classic&quot;}\">\n\t\t\t\t\t\t<div class=\"elementor-container elementor-column-gap-default\">\n\t\t\t\t\t<div class=\"elementor-column elementor-col-50 elementor-inner-column elementor-element elementor-element-90325cd\" data-id=\"90325cd\" data-element_type=\"column\">\n\t\t\t<div class=\"elementor-widget-wrap elementor-element-populated\">\n\t\t\t\t\t\t<div class=\"elementor-element elementor-element-ede005f elementor-widget elementor-widget-image\" data-id=\"ede005f\" data-element_type=\"widget\" data-widget_type=\"image.default\">\n\t\t\t\t<div class=\"elementor-widget-container\">\n\t\t\t\t\t\t\t\t\t\t\t\t\t\t\t<img decoding=\"async\" width=\"800\" height=\"534\" src=\"https:\/\/c1cert.se\/wp-content\/uploads\/2024\/11\/DSC5486-1024x683.jpg\" class=\"attachment-large size-large wp-image-3545\" alt=\"\" srcset=\"https:\/\/c1cert.se\/wp-content\/uploads\/2024\/11\/DSC5486-1024x683.jpg 1024w, https:\/\/c1cert.se\/wp-content\/uploads\/2024\/11\/DSC5486-300x200.jpg 300w, https:\/\/c1cert.se\/wp-content\/uploads\/2024\/11\/DSC5486-768x513.jpg 768w, https:\/\/c1cert.se\/wp-content\/uploads\/2024\/11\/DSC5486-1536x1025.jpg 1536w, https:\/\/c1cert.se\/wp-content\/uploads\/2024\/11\/DSC5486-2048x1367.jpg 2048w, https:\/\/c1cert.se\/wp-content\/uploads\/2024\/11\/DSC5486-18x12.jpg 18w\" sizes=\"(max-width: 800px) 100vw, 800px\" \/>\t\t\t\t\t\t\t\t\t\t\t\t\t\t\t<\/div>\n\t\t\t\t<\/div>\n\t\t\t\t\t<\/div>\n\t\t<\/div>\n\t\t\t\t<div class=\"elementor-column elementor-col-50 elementor-inner-column elementor-element elementor-element-684cde9\" data-id=\"684cde9\" data-element_type=\"column\">\n\t\t\t<div class=\"elementor-widget-wrap elementor-element-populated\">\n\t\t\t\t\t\t<div class=\"elementor-element elementor-element-0bf8680 elementor-widget elementor-widget-text-editor\" data-id=\"0bf8680\" data-element_type=\"widget\" data-widget_type=\"text-editor.default\">\n\t\t\t\t<div class=\"elementor-widget-container\">\n\t\t\t\t\t\t\t\t\t<h2>Keit\u00e4 me olemme?<\/h2>\n<p>C1 Certification on Pohjoismaiden paras sertifiointielin. Nelj\u00e4 avainsanaamme, jotka ovat nopea, yksinkertainen, yst\u00e4v\u00e4llinen ja joustava, osoittavat selv\u00e4sti, miten toimimme. Ainutlaatuinen kypsyysmallimme ja 7 johtamisperiaatteen mukainen auditointi, jonka toteuttavat p\u00e4tev\u00e4t auditoijat, antavat asiakkaillemme uudenlaista auditointiarvoa. Lis\u00e4ksi olemme kehitt\u00e4neet liiketoiminnan tukij\u00e4rjestelm\u00e4\u00e4mme keskittyen kahden t\u00e4rkeimm\u00e4n sidosryhm\u00e4mme, asiakkaiden ja tilintarkastajien, erilaisiin tarpeisiin.<\/p>\t\t\t\t\t\t\t\t<\/div>\n\t\t\t\t<\/div>\n\t\t\t\t\t<\/div>\n\t\t<\/div>\n\t\t\t\t\t<\/div>\n\t\t<\/section>\n\t\t\t\t<div class=\"elementor-element elementor-element-5ef85d4 elementor-align-right elementor-widget elementor-widget-button\" data-id=\"5ef85d4\" data-element_type=\"widget\" data-widget_type=\"button.default\">\n\t\t\t\t<div class=\"elementor-widget-container\">\n\t\t\t\t\t\t\t\t\t<div class=\"elementor-button-wrapper\">\n\t\t\t\t\t<a class=\"elementor-button elementor-button-link elementor-size-lg\" href=\"https:\/\/c1cert.se\/fi\/om-oss\/\">\n\t\t\t\t\t\t<span class=\"elementor-button-content-wrapper\">\n\t\t\t\t\t\t<span class=\"elementor-button-icon\">\n\t\t\t\t<svg aria-hidden=\"true\" class=\"e-font-icon-svg e-far-arrow-alt-circle-right\" viewbox=\"0 0 512 512\" xmlns=\"http:\/\/www.w3.org\/2000\/svg\"><path d=\"M504 256C504 119 393 8 256 8S8 119 8 256s111 248 248 248 248-111 248-248zm-448 0c0-110.5 89.5-200 200-200s200 89.5 200 200-89.5 200-200 200S56 366.5 56 256zm72 20v-40c0-6.6 5.4-12 12-12h116v-67c0-10.7 12.9-16 20.5-8.5l99 99c4.7 4.7 4.7 12.3 0 17l-99 99c-7.6 7.6-20.5 2.2-20.5-8.5v-67H140c-6.6 0-12-5.4-12-12z\"><\/path><\/svg>\t\t\t<\/span>\n\t\t\t\t\t\t\t\t\t<span class=\"elementor-button-text\">LUE LIS\u00c4\u00c4<\/span>\n\t\t\t\t\t<\/span>\n\t\t\t\t\t<\/a>\n\t\t\t\t<\/div>\n\t\t\t\t\t\t\t\t<\/div>\n\t\t\t\t<\/div>\n\t\t\t\t<div class=\"elementor-element elementor-element-3b62da0 elementor-widget elementor-widget-spacer\" data-id=\"3b62da0\" data-element_type=\"widget\" data-widget_type=\"spacer.default\">\n\t\t\t\t<div class=\"elementor-widget-container\">\n\t\t\t\t\t\t\t<div class=\"elementor-spacer\">\n\t\t\t<div class=\"elementor-spacer-inner\"><\/div>\n\t\t<\/div>\n\t\t\t\t\t\t<\/div>\n\t\t\t\t<\/div>\n\t\t\t\t\t<\/div>\n\t\t<\/div>\n\t\t\t\t\t<\/div>\n\t\t<\/section>\n\t\t\t\t<section class=\"elementor-section elementor-top-section elementor-element elementor-element-b41cb04 elementor-section-boxed elementor-section-height-default elementor-section-height-default\" data-id=\"b41cb04\" data-element_type=\"section\" data-settings=\"{&quot;background_background&quot;:&quot;classic&quot;}\">\n\t\t\t\t\t\t<div class=\"elementor-container elementor-column-gap-default\">\n\t\t\t\t\t<div class=\"elementor-column elementor-col-100 elementor-top-column elementor-element elementor-element-4c127d6\" data-id=\"4c127d6\" data-element_type=\"column\">\n\t\t\t<div class=\"elementor-widget-wrap elementor-element-populated\">\n\t\t\t\t\t\t<div class=\"elementor-element elementor-element-9c93b4c elementor-widget elementor-widget-spacer\" data-id=\"9c93b4c\" data-element_type=\"widget\" data-widget_type=\"spacer.default\">\n\t\t\t\t<div class=\"elementor-widget-container\">\n\t\t\t\t\t\t\t<div class=\"elementor-spacer\">\n\t\t\t<div class=\"elementor-spacer-inner\"><\/div>\n\t\t<\/div>\n\t\t\t\t\t\t<\/div>\n\t\t\t\t<\/div>\n\t\t\t\t<section class=\"elementor-section elementor-inner-section elementor-element elementor-element-4e6dc33 elementor-section-boxed elementor-section-height-default elementor-section-height-default\" data-id=\"4e6dc33\" data-element_type=\"section\" data-settings=\"{&quot;background_background&quot;:&quot;classic&quot;}\">\n\t\t\t\t\t\t<div class=\"elementor-container elementor-column-gap-default\">\n\t\t\t\t\t<div class=\"elementor-column elementor-col-50 elementor-inner-column elementor-element elementor-element-27fe27e\" data-id=\"27fe27e\" data-element_type=\"column\">\n\t\t\t<div class=\"elementor-widget-wrap elementor-element-populated\">\n\t\t\t\t\t\t<div class=\"elementor-element elementor-element-24768a9 elementor-widget elementor-widget-image\" data-id=\"24768a9\" data-element_type=\"widget\" data-widget_type=\"image.default\">\n\t\t\t\t<div class=\"elementor-widget-container\">\n\t\t\t\t\t\t\t\t\t\t\t\t\t\t\t<img decoding=\"async\" width=\"800\" height=\"534\" src=\"https:\/\/c1cert.se\/wp-content\/uploads\/2024\/11\/DSC7260-1024x683.jpg\" class=\"attachment-large size-large wp-image-3558\" alt=\"\" srcset=\"https:\/\/c1cert.se\/wp-content\/uploads\/2024\/11\/DSC7260-1024x683.jpg 1024w, https:\/\/c1cert.se\/wp-content\/uploads\/2024\/11\/DSC7260-300x200.jpg 300w, https:\/\/c1cert.se\/wp-content\/uploads\/2024\/11\/DSC7260-768x512.jpg 768w, https:\/\/c1cert.se\/wp-content\/uploads\/2024\/11\/DSC7260-1536x1025.jpg 1536w, https:\/\/c1cert.se\/wp-content\/uploads\/2024\/11\/DSC7260-2048x1366.jpg 2048w, https:\/\/c1cert.se\/wp-content\/uploads\/2024\/11\/DSC7260-18x12.jpg 18w\" sizes=\"(max-width: 800px) 100vw, 800px\" \/>\t\t\t\t\t\t\t\t\t\t\t\t\t\t\t<\/div>\n\t\t\t\t<\/div>\n\t\t\t\t\t<\/div>\n\t\t<\/div>\n\t\t\t\t<div class=\"elementor-column elementor-col-50 elementor-inner-column elementor-element elementor-element-9b6a713\" data-id=\"9b6a713\" data-element_type=\"column\">\n\t\t\t<div class=\"elementor-widget-wrap elementor-element-populated\">\n\t\t\t\t\t\t<div class=\"elementor-element elementor-element-7d11ed8 elementor-widget elementor-widget-text-editor\" data-id=\"7d11ed8\" data-element_type=\"widget\" data-widget_type=\"text-editor.default\">\n\t\t\t\t<div class=\"elementor-widget-container\">\n\t\t\t\t\t\t\t\t\t<h2>Asiakastyytyv\u00e4isyys<\/h2><p>Olemme ylpeit\u00e4 siit\u00e4, ett\u00e4 meill\u00e4 on Pohjoismaiden korkein asiakastyytyv\u00e4isyys! T\u00e4m\u00e4n varmistamiseksi soitamme asiakkaillemme jokaisen suoritetun tarkastuksen j\u00e4lkeen. Asiakaspalaute vahvistaa, ett\u00e4 emme ainoastaan t\u00e4yt\u00e4 odotuksia, vaan usein jopa ylit\u00e4mme ne.<\/p><p>Omistautuneen henkil\u00f6kuntamme, huolellisen seurannan ja jatkuvaan parantamiseen keskittymisen ansiosta varmistamme, ett\u00e4 jokainen asiakas saa parhaan mahdollisen palvelun ja kokemuksen.<\/p>\t\t\t\t\t\t\t\t<\/div>\n\t\t\t\t<\/div>\n\t\t\t\t\t<\/div>\n\t\t<\/div>\n\t\t\t\t\t<\/div>\n\t\t<\/section>\n\t\t\t\t<div class=\"elementor-element elementor-element-1df3e3f elementor-align-right elementor-widget elementor-widget-button\" data-id=\"1df3e3f\" data-element_type=\"widget\" data-widget_type=\"button.default\">\n\t\t\t\t<div class=\"elementor-widget-container\">\n\t\t\t\t\t\t\t\t\t<div class=\"elementor-button-wrapper\">\n\t\t\t\t\t<a class=\"elementor-button elementor-button-link elementor-size-lg\" href=\"https:\/\/c1cert.se\/fi\/om-oss\/var-kundnojdhet\/\">\n\t\t\t\t\t\t<span class=\"elementor-button-content-wrapper\">\n\t\t\t\t\t\t<span class=\"elementor-button-icon\">\n\t\t\t\t<svg aria-hidden=\"true\" class=\"e-font-icon-svg e-far-arrow-alt-circle-right\" viewbox=\"0 0 512 512\" xmlns=\"http:\/\/www.w3.org\/2000\/svg\"><path d=\"M504 256C504 119 393 8 256 8S8 119 8 256s111 248 248 248 248-111 248-248zm-448 0c0-110.5 89.5-200 200-200s200 89.5 200 200-89.5 200-200 200S56 366.5 56 256zm72 20v-40c0-6.6 5.4-12 12-12h116v-67c0-10.7 12.9-16 20.5-8.5l99 99c4.7 4.7 4.7 12.3 0 17l-99 99c-7.6 7.6-20.5 2.2-20.5-8.5v-67H140c-6.6 0-12-5.4-12-12z\"><\/path><\/svg>\t\t\t<\/span>\n\t\t\t\t\t\t\t\t\t<span class=\"elementor-button-text\">LUE LIS\u00c4\u00c4<\/span>\n\t\t\t\t\t<\/span>\n\t\t\t\t\t<\/a>\n\t\t\t\t<\/div>\n\t\t\t\t\t\t\t\t<\/div>\n\t\t\t\t<\/div>\n\t\t\t\t<div class=\"elementor-element elementor-element-037946c elementor-widget elementor-widget-spacer\" data-id=\"037946c\" data-element_type=\"widget\" data-widget_type=\"spacer.default\">\n\t\t\t\t<div class=\"elementor-widget-container\">\n\t\t\t\t\t\t\t<div class=\"elementor-spacer\">\n\t\t\t<div class=\"elementor-spacer-inner\"><\/div>\n\t\t<\/div>\n\t\t\t\t\t\t<\/div>\n\t\t\t\t<\/div>\n\t\t\t\t\t<\/div>\n\t\t<\/div>\n\t\t\t\t\t<\/div>\n\t\t<\/section>\n\t\t\t\t<\/div>","protected":false},"excerpt":{"rendered":"<p>Akkreditoitu sertifiointikumppanisi ISO9001, ISO14001, ISO45001 &amp; ISO27001 Akkreditoitu sertifiointikumppanisi ISO9001, ISO14001, ISO45001 &amp; ISO27001 Mit\u00e4 teemme Tarjoamme johtamisj\u00e4rjestelmien akkreditoituja sertifiointeja ja sertifioimme seuraavia standardeja vastaan: ISO9001:2015 - Laadunhallinta ISO14001:2015 - Ymp\u00e4rist\u00f6johtaminen ISO45001:2018 - Ty\u00f6terveys ja -turvallisuus ISO27001:2022 - Tietoturvallisuus Sertifiointipalvelujen lis\u00e4ksi suoritamme varmennuksia tiettyj\u00e4 standardeja, asiakas- tai toimittajakohtaisia vaatimuksia tai esim. ISO [...].<\/p>","protected":false},"author":1,"featured_media":0,"parent":0,"menu_order":0,"comment_status":"closed","ping_status":"closed","template":"elementor_header_footer","meta":{"_acf_changed":false,"footnotes":""},"class_list":["post-15","page","type-page","status-publish","hentry"],"acf":[],"_links":{"self":[{"href":"https:\/\/c1cert.se\/fi\/wp-json\/wp\/v2\/pages\/15"}],"collection":[{"href":"https:\/\/c1cert.se\/fi\/wp-json\/wp\/v2\/pages"}],"about":[{"href":"https:\/\/c1cert.se\/fi\/wp-json\/wp\/v2\/types\/page"}],"author":[{"embeddable":true,"href":"https:\/\/c1cert.se\/fi\/wp-json\/wp\/v2\/users\/1"}],"replies":[{"embeddable":true,"href":"https:\/\/c1cert.se\/fi\/wp-json\/wp\/v2\/comments?post=15"}],"version-history":[{"count":539,"href":"https:\/\/c1cert.se\/fi\/wp-json\/wp\/v2\/pages\/15\/revisions"}],"predecessor-version":[{"id":4155,"href":"https:\/\/c1cert.se\/fi\/wp-json\/wp\/v2\/pages\/15\/revisions\/4155"}],"wp:attachment":[{"href":"https:\/\/c1cert.se\/fi\/wp-json\/wp\/v2\/media?parent=15"}],"curies":[{"name":"wp","href":"https:\/\/api.w.org\/{rel}","templated":true}]}}