{"id":1987,"date":"2024-02-29T09:41:41","date_gmt":"2024-02-29T09:41:41","guid":{"rendered":"https:\/\/c1cert.se\/?page_id=1987"},"modified":"2025-08-30T10:46:33","modified_gmt":"2025-08-30T10:46:33","slug":"policy","status":"publish","type":"page","link":"https:\/\/c1cert.se\/fi\/policy\/","title":{"rendered":"Politiikka"},"content":{"rendered":"<div data-elementor-type=\"wp-page\" data-elementor-id=\"1987\" class=\"elementor elementor-1987\" data-elementor-post-type=\"page\">\n\t\t\t\t\t\t<section class=\"elementor-section elementor-top-section elementor-element elementor-element-3bc8df8 elementor-section-height-min-height elementor-section-items-bottom elementor-section-full_width elementor-section-height-default\" data-id=\"3bc8df8\" data-element_type=\"section\" data-settings=\"{&quot;background_background&quot;:&quot;classic&quot;}\">\n\t\t\t\t\t\t\t<div class=\"elementor-background-overlay\"><\/div>\n\t\t\t\t\t\t\t<div class=\"elementor-container elementor-column-gap-default\">\n\t\t\t\t\t<div class=\"elementor-column elementor-col-100 elementor-top-column elementor-element elementor-element-f1559d3\" data-id=\"f1559d3\" data-element_type=\"column\">\n\t\t\t<div class=\"elementor-widget-wrap elementor-element-populated\">\n\t\t\t\t\t\t<section class=\"elementor-section elementor-inner-section elementor-element elementor-element-1a9c11a elementor-section-boxed elementor-section-height-default elementor-section-height-default\" data-id=\"1a9c11a\" data-element_type=\"section\">\n\t\t\t\t\t\t<div class=\"elementor-container elementor-column-gap-default\">\n\t\t\t\t\t<div class=\"elementor-column elementor-col-100 elementor-inner-column elementor-element elementor-element-04dab7d\" data-id=\"04dab7d\" data-element_type=\"column\">\n\t\t\t<div class=\"elementor-widget-wrap elementor-element-populated\">\n\t\t\t\t\t\t<div class=\"elementor-element elementor-element-261e907 elementor-widget elementor-widget-text-editor\" data-id=\"261e907\" data-element_type=\"widget\" data-widget_type=\"text-editor.default\">\n\t\t\t\t<div class=\"elementor-widget-container\">\n\t\t\t\t\t\t\t\t\t<h1>Politiikka<\/h1>\t\t\t\t\t\t\t\t<\/div>\n\t\t\t\t<\/div>\n\t\t\t\t\t<\/div>\n\t\t<\/div>\n\t\t\t\t\t<\/div>\n\t\t<\/section>\n\t\t\t\t\t<\/div>\n\t\t<\/div>\n\t\t\t\t\t<\/div>\n\t\t<\/section>\n\t\t\t\t<section class=\"elementor-section elementor-top-section elementor-element elementor-element-fefbb33 elementor-section-boxed elementor-section-height-default elementor-section-height-default\" data-id=\"fefbb33\" data-element_type=\"section\">\n\t\t\t\t\t\t<div class=\"elementor-container elementor-column-gap-default\">\n\t\t\t\t\t<div class=\"elementor-column elementor-col-100 elementor-top-column elementor-element elementor-element-e02f144\" data-id=\"e02f144\" data-element_type=\"column\">\n\t\t\t<div class=\"elementor-widget-wrap elementor-element-populated\">\n\t\t\t\t\t\t<div class=\"elementor-element elementor-element-feaa573 elementor-widget elementor-widget-spacer\" data-id=\"feaa573\" data-element_type=\"widget\" data-widget_type=\"spacer.default\">\n\t\t\t\t<div class=\"elementor-widget-container\">\n\t\t\t\t\t\t\t<div class=\"elementor-spacer\">\n\t\t\t<div class=\"elementor-spacer-inner\"><\/div>\n\t\t<\/div>\n\t\t\t\t\t\t<\/div>\n\t\t\t\t<\/div>\n\t\t\t\t\t<\/div>\n\t\t<\/div>\n\t\t\t\t\t<\/div>\n\t\t<\/section>\n\t\t\t\t<section class=\"elementor-section elementor-top-section elementor-element elementor-element-de0835e elementor-section-boxed elementor-section-height-default elementor-section-height-default\" data-id=\"de0835e\" data-element_type=\"section\" data-settings=\"{&quot;background_background&quot;:&quot;classic&quot;}\">\n\t\t\t\t\t\t<div class=\"elementor-container elementor-column-gap-default\">\n\t\t\t\t\t<div class=\"elementor-column elementor-col-100 elementor-top-column elementor-element elementor-element-6f678d4\" data-id=\"6f678d4\" data-element_type=\"column\">\n\t\t\t<div class=\"elementor-widget-wrap elementor-element-populated\">\n\t\t\t\t\t\t<div class=\"elementor-element elementor-element-5851e7c elementor-widget__width-initial elementor-widget elementor-widget-text-editor\" data-id=\"5851e7c\" data-element_type=\"widget\" data-widget_type=\"text-editor.default\">\n\t\t\t\t<div class=\"elementor-widget-container\">\n\t\t\t\t\t\t\t\t\t<h2>Laatupolitiikkamme<\/h2><p>Laadukkaan ty\u00f6n on luonnollisesti koskettava kaikkia ty\u00f6ntekij\u00f6it\u00e4 ja alihankkijoita. Johtamisj\u00e4rjestelm\u00e4n on oltava jokap\u00e4iv\u00e4inen v\u00e4line yrityksen ja sen parannusty\u00f6n asianmukaisessa johtamisessa ja johtamisessa sek\u00e4 lakien ja sidosryhmien vaatimusten t\u00e4ytt\u00e4misess\u00e4 selke\u00e4sti riippumattomasti ja puolueettomasti.<\/p><h2>Tietosuojak\u00e4yt\u00e4nt\u00f6mme<\/h2><p>T\u00e4m\u00e4 k\u00e4yt\u00e4nt\u00f6 kattaa kaikki C1 Certificationin tarjoamat palvelut, ja sit\u00e4 p\u00e4ivitet\u00e4\u00e4n s\u00e4\u00e4nn\u00f6llisesti, koska palveluvalikoimamme voi muuttua. Rehellisyys varmistetaan arvioimalla ja kouluttamalla jatkuvasti ty\u00f6ntekij\u00f6it\u00e4mme, alihankkijoitamme ja IT-toimittajiamme. IT-toimittajallamme on palvelimet Ruotsissa, ja se on sertifioitu muun muassa seuraaviin kohteisiin. ISO 27001:2022.<\/p><p>C1 Certification toimii ja ty\u00f6skentelee varmistaakseen henkil\u00f6tietojesi t\u00e4ydellisen suojan. T\u00e4m\u00e4 tapahtuu noudattamalla ja kunnioittamalla selke\u00e4sti yleist\u00e4 tietosuoja-asetusta (GDPR) ja siihen liittyvi\u00e4 oikeuksia. Laki (GDPR) ohjaa sit\u00e4, miten me organisaationa voimme ker\u00e4t\u00e4, tallentaa ja k\u00e4ytt\u00e4\u00e4 \"henkil\u00f6kohtaisesti tunnistettavia tietoja\".<\/p><p>Jos haluat lukea lis\u00e4\u00e4 oikeuksistasi, paina painiketta\u00a0<a href=\"https:\/\/www.imy.se\/privatperson\/dataskydd\/dina-rattigheter\/\" target=\"_blank\" rel=\"noopener\">t\u00e4\u00e4ll\u00e4<\/a>.<\/p>\t\t\t\t\t\t\t\t<\/div>\n\t\t\t\t<\/div>\n\t\t\t\t<div class=\"elementor-element elementor-element-d5af5ff elementor-widget elementor-widget-spacer\" data-id=\"d5af5ff\" data-element_type=\"widget\" data-widget_type=\"spacer.default\">\n\t\t\t\t<div class=\"elementor-widget-container\">\n\t\t\t\t\t\t\t<div class=\"elementor-spacer\">\n\t\t\t<div class=\"elementor-spacer-inner\"><\/div>\n\t\t<\/div>\n\t\t\t\t\t\t<\/div>\n\t\t\t\t<\/div>\n\t\t\t\t\t<\/div>\n\t\t<\/div>\n\t\t\t\t\t<\/div>\n\t\t<\/section>\n\t\t\t\t<\/div>","protected":false},"excerpt":{"rendered":"<p>Politiikka Laatupolitiikkamme Laatuty\u00f6ss\u00e4 on luonnollisesti oltava mukana kaikki ty\u00f6ntekij\u00e4t ja alihankkijat. Johtamisj\u00e4rjestelm\u00e4n on oltava p\u00e4ivitt\u00e4inen v\u00e4line, jonka avulla yrityst\u00e4 ja sen parannuspyrkimyksi\u00e4 voidaan johtaa ja johtaa asianmukaisesti sek\u00e4 t\u00e4ytt\u00e4\u00e4 sidosryhmien lait ja vaatimukset selke\u00e4sti riippumattomasti ja puolueettomasti. Tietosuojak\u00e4yt\u00e4nt\u00f6mme T\u00e4m\u00e4 k\u00e4yt\u00e4nt\u00f6 kattaa kaikki palvelut, jotka [...].<\/p>","protected":false},"author":1,"featured_media":0,"parent":0,"menu_order":0,"comment_status":"closed","ping_status":"closed","template":"","meta":{"_acf_changed":false,"footnotes":""},"class_list":["post-1987","page","type-page","status-publish","hentry"],"acf":[],"_links":{"self":[{"href":"https:\/\/c1cert.se\/fi\/wp-json\/wp\/v2\/pages\/1987"}],"collection":[{"href":"https:\/\/c1cert.se\/fi\/wp-json\/wp\/v2\/pages"}],"about":[{"href":"https:\/\/c1cert.se\/fi\/wp-json\/wp\/v2\/types\/page"}],"author":[{"embeddable":true,"href":"https:\/\/c1cert.se\/fi\/wp-json\/wp\/v2\/users\/1"}],"replies":[{"embeddable":true,"href":"https:\/\/c1cert.se\/fi\/wp-json\/wp\/v2\/comments?post=1987"}],"version-history":[{"count":34,"href":"https:\/\/c1cert.se\/fi\/wp-json\/wp\/v2\/pages\/1987\/revisions"}],"predecessor-version":[{"id":4022,"href":"https:\/\/c1cert.se\/fi\/wp-json\/wp\/v2\/pages\/1987\/revisions\/4022"}],"wp:attachment":[{"href":"https:\/\/c1cert.se\/fi\/wp-json\/wp\/v2\/media?parent=1987"}],"curies":[{"name":"wp","href":"https:\/\/api.w.org\/{rel}","templated":true}]}}