{"id":27,"date":"2024-01-03T08:19:59","date_gmt":"2024-01-03T08:19:59","guid":{"rendered":"https:\/\/c1cert.se\/?page_id=27"},"modified":"2025-09-21T14:36:16","modified_gmt":"2025-09-21T14:36:16","slug":"nyheter","status":"publish","type":"page","link":"https:\/\/c1cert.se\/fi\/om-oss\/nyheter\/","title":{"rendered":"Mit\u00e4 uutta"},"content":{"rendered":"<div data-elementor-type=\"wp-page\" data-elementor-id=\"27\" class=\"elementor elementor-27\" data-elementor-post-type=\"page\">\n\t\t\t\t\t\t<section class=\"elementor-section elementor-top-section elementor-element elementor-element-9d50c87 elementor-section-height-min-height elementor-section-items-bottom elementor-section-full_width elementor-section-height-default\" data-id=\"9d50c87\" data-element_type=\"section\" data-settings=\"{&quot;background_background&quot;:&quot;classic&quot;}\">\n\t\t\t\t\t\t\t<div class=\"elementor-background-overlay\"><\/div>\n\t\t\t\t\t\t\t<div class=\"elementor-container elementor-column-gap-default\">\n\t\t\t\t\t<div class=\"elementor-column elementor-col-100 elementor-top-column elementor-element elementor-element-c8824d0\" data-id=\"c8824d0\" data-element_type=\"column\">\n\t\t\t<div class=\"elementor-widget-wrap elementor-element-populated\">\n\t\t\t\t\t\t<section class=\"elementor-section elementor-inner-section elementor-element elementor-element-5ef2aa1 elementor-section-boxed elementor-section-height-default elementor-section-height-default\" data-id=\"5ef2aa1\" data-element_type=\"section\">\n\t\t\t\t\t\t<div class=\"elementor-container elementor-column-gap-default\">\n\t\t\t\t\t<div class=\"elementor-column elementor-col-100 elementor-inner-column elementor-element elementor-element-07e4132\" data-id=\"07e4132\" data-element_type=\"column\">\n\t\t\t<div class=\"elementor-widget-wrap elementor-element-populated\">\n\t\t\t\t\t\t<div class=\"elementor-element elementor-element-1f70028 elementor-widget elementor-widget-text-editor\" data-id=\"1f70028\" data-element_type=\"widget\" data-widget_type=\"text-editor.default\">\n\t\t\t\t<div class=\"elementor-widget-container\">\n\t\t\t\t\t\t\t\t\t<h1>Uutisarkisto<\/h1>\t\t\t\t\t\t\t\t<\/div>\n\t\t\t\t<\/div>\n\t\t\t\t\t<\/div>\n\t\t<\/div>\n\t\t\t\t\t<\/div>\n\t\t<\/section>\n\t\t\t\t\t<\/div>\n\t\t<\/div>\n\t\t\t\t\t<\/div>\n\t\t<\/section>\n\t\t\t\t<section class=\"elementor-section elementor-top-section elementor-element elementor-element-6c1ebb7 elementor-section-boxed elementor-section-height-default elementor-section-height-default\" data-id=\"6c1ebb7\" data-element_type=\"section\">\n\t\t\t\t\t\t<div class=\"elementor-container elementor-column-gap-default\">\n\t\t\t\t\t<div class=\"elementor-column elementor-col-100 elementor-top-column elementor-element elementor-element-3fd140f\" data-id=\"3fd140f\" data-element_type=\"column\">\n\t\t\t<div class=\"elementor-widget-wrap elementor-element-populated\">\n\t\t\t\t\t\t<div class=\"elementor-element elementor-element-9640415 elementor-widget elementor-widget-spacer\" data-id=\"9640415\" data-element_type=\"widget\" data-widget_type=\"spacer.default\">\n\t\t\t\t<div class=\"elementor-widget-container\">\n\t\t\t\t\t\t\t<div class=\"elementor-spacer\">\n\t\t\t<div class=\"elementor-spacer-inner\"><\/div>\n\t\t<\/div>\n\t\t\t\t\t\t<\/div>\n\t\t\t\t<\/div>\n\t\t\t\t\t<\/div>\n\t\t<\/div>\n\t\t\t\t\t<\/div>\n\t\t<\/section>\n\t\t\t\t<section class=\"elementor-section elementor-top-section elementor-element elementor-element-d3e9082 elementor-section-boxed elementor-section-height-default elementor-section-height-default\" data-id=\"d3e9082\" data-element_type=\"section\">\n\t\t\t\t\t\t<div class=\"elementor-container elementor-column-gap-default\">\n\t\t\t\t\t<div class=\"elementor-column elementor-col-100 elementor-top-column elementor-element elementor-element-420ea75\" data-id=\"420ea75\" data-element_type=\"column\">\n\t\t\t<div class=\"elementor-widget-wrap elementor-element-populated\">\n\t\t\t\t\t\t<div class=\"elementor-element elementor-element-c68448a elementor-grid-3 elementor-grid-tablet-2 elementor-grid-mobile-1 elementor-posts--thumbnail-top elementor-widget elementor-widget-posts\" data-id=\"c68448a\" data-element_type=\"widget\" data-settings=\"{&quot;classic_columns&quot;:&quot;3&quot;,&quot;classic_columns_tablet&quot;:&quot;2&quot;,&quot;classic_columns_mobile&quot;:&quot;1&quot;,&quot;classic_row_gap&quot;:{&quot;unit&quot;:&quot;px&quot;,&quot;size&quot;:35,&quot;sizes&quot;:[]},&quot;classic_row_gap_tablet&quot;:{&quot;unit&quot;:&quot;px&quot;,&quot;size&quot;:&quot;&quot;,&quot;sizes&quot;:[]},&quot;classic_row_gap_mobile&quot;:{&quot;unit&quot;:&quot;px&quot;,&quot;size&quot;:&quot;&quot;,&quot;sizes&quot;:[]}}\" data-widget_type=\"posts.classic\">\n\t\t\t\t<div class=\"elementor-widget-container\">\n\t\t\t\t\t\t\t<div class=\"elementor-posts-container elementor-posts elementor-posts--skin-classic elementor-grid\">\n\t\t\t\t<article class=\"elementor-post elementor-grid-item post-4319 post type-post status-publish format-standard has-post-thumbnail hentry category-nyheter category-nyheter-sida-1\">\n\t\t\t\t<a class=\"elementor-post__thumbnail__link\" href=\"https:\/\/c1cert.se\/fi\/grundutbildning\/\" tabindex=\"-1\" >\n\t\t\t<div class=\"elementor-post__thumbnail\"><img fetchpriority=\"high\" decoding=\"async\" width=\"1600\" height=\"1200\" src=\"https:\/\/c1cert.se\/wp-content\/uploads\/2026\/04\/Utb-info-Hemsida.png\" class=\"attachment-full size-full wp-image-4321\" alt=\"\" srcset=\"https:\/\/c1cert.se\/wp-content\/uploads\/2026\/04\/Utb-info-Hemsida.png 1600w, https:\/\/c1cert.se\/wp-content\/uploads\/2026\/04\/Utb-info-Hemsida-300x225.png 300w, https:\/\/c1cert.se\/wp-content\/uploads\/2026\/04\/Utb-info-Hemsida-1024x768.png 1024w, https:\/\/c1cert.se\/wp-content\/uploads\/2026\/04\/Utb-info-Hemsida-768x576.png 768w, https:\/\/c1cert.se\/wp-content\/uploads\/2026\/04\/Utb-info-Hemsida-1536x1152.png 1536w, https:\/\/c1cert.se\/wp-content\/uploads\/2026\/04\/Utb-info-Hemsida-16x12.png 16w\" sizes=\"(max-width: 1600px) 100vw, 1600px\" \/><\/div>\n\t\t<\/a>\n\t\t\t\t<div class=\"elementor-post__text\">\n\t\t\t\t<h2 class=\"elementor-post__title\">\n\t\t\t<a href=\"https:\/\/c1cert.se\/fi\/grundutbildning\/\" >\n\t\t\t\tPeruskoulutus\t\t\t<\/a>\n\t\t<\/h2>\n\t\t\t\t<div class=\"elementor-post__excerpt\">\n\t\t\t<p>J\u00e4rjestimme hiljattain eritt\u00e4in arvostetun perustason tietoturvakoulutuksen, jota johti oma asiantunteva p\u00e4\u00e4auditoijamme Patrik Frykman, toimistollamme Tukholmassa. Osallistujat olivat eritt\u00e4in tyytyv\u00e4isi\u00e4 ja l\u00e4htiv\u00e4t koulutuksesta vahvemmin tiet\u00e4myksin. Haluatko sin\u00e4kin kehitty\u00e4? Tarjoamme sek\u00e4 valmiita ett\u00e4 t\u00e4ysin r\u00e4\u00e4t\u00e4l\u00f6ityj\u00e4 koulutuksia organisaatiosi tarpeisiin.\u00a0<\/p>\n\t\t<\/div>\n\t\t\t\t<\/div>\n\t\t\t\t<\/article>\n\t\t\t\t<article class=\"elementor-post elementor-grid-item post-4298 post type-post status-publish format-standard has-post-thumbnail hentry category-nyheter category-nyheter-sida-1\">\n\t\t\t\t<a class=\"elementor-post__thumbnail__link\" href=\"https:\/\/c1cert.se\/fi\/nyanstalld\/\" tabindex=\"-1\" >\n\t\t\t<div class=\"elementor-post__thumbnail\"><img decoding=\"async\" width=\"1600\" height=\"1200\" src=\"https:\/\/c1cert.se\/wp-content\/uploads\/2026\/02\/Patrik-Nyh-Web.png\" class=\"attachment-full size-full wp-image-4299\" alt=\"\" srcset=\"https:\/\/c1cert.se\/wp-content\/uploads\/2026\/02\/Patrik-Nyh-Web.png 1600w, https:\/\/c1cert.se\/wp-content\/uploads\/2026\/02\/Patrik-Nyh-Web-300x225.png 300w, https:\/\/c1cert.se\/wp-content\/uploads\/2026\/02\/Patrik-Nyh-Web-1024x768.png 1024w, https:\/\/c1cert.se\/wp-content\/uploads\/2026\/02\/Patrik-Nyh-Web-768x576.png 768w, https:\/\/c1cert.se\/wp-content\/uploads\/2026\/02\/Patrik-Nyh-Web-1536x1152.png 1536w, https:\/\/c1cert.se\/wp-content\/uploads\/2026\/02\/Patrik-Nyh-Web-16x12.png 16w\" sizes=\"(max-width: 1600px) 100vw, 1600px\" \/><\/div>\n\t\t<\/a>\n\t\t\t\t<div class=\"elementor-post__text\">\n\t\t\t\t<h2 class=\"elementor-post__title\">\n\t\t\t<a href=\"https:\/\/c1cert.se\/fi\/nyanstalld\/\" >\n\t\t\t\tUusi ty\u00f6ntekij\u00e4\t\t\t<\/a>\n\t\t<\/h2>\n\t\t\t\t<div class=\"elementor-post__excerpt\">\n\t\t\t<p>Patrik on ty\u00f6skennellyt C1 Sertifioinnin kanssa pitk\u00e4\u00e4n alihankkijan roolissa, ja nyt h\u00e4n on p\u00e4\u00e4auditoija ja johtoryhm\u00e4n j\u00e4sen. Kokemuksensa ja asiantuntemuksensa ansiosta Patrik on avainasemassa jatkuvassa kasvussa ja asiakastyytyv\u00e4isyytesi yll\u00e4pit\u00e4misess\u00e4. L\u00e4mpim\u00e4sti tervetuloa Patrik!<\/p>\n\t\t<\/div>\n\t\t\t\t<\/div>\n\t\t\t\t<\/article>\n\t\t\t\t<article class=\"elementor-post elementor-grid-item post-3792 post type-post status-publish format-standard has-post-thumbnail hentry category-nyheter category-nyheter-sida-1\">\n\t\t\t\t<a class=\"elementor-post__thumbnail__link\" href=\"https:\/\/c1cert.se\/fi\/nordiskt-tillvaxtforetag\/\" tabindex=\"-1\" >\n\t\t\t<div class=\"elementor-post__thumbnail\"><img decoding=\"async\" width=\"1600\" height=\"1200\" src=\"https:\/\/c1cert.se\/wp-content\/uploads\/2025\/03\/Webbbyhet-UC.png\" class=\"attachment-full size-full wp-image-3793\" alt=\"\" srcset=\"https:\/\/c1cert.se\/wp-content\/uploads\/2025\/03\/Webbbyhet-UC.png 1600w, https:\/\/c1cert.se\/wp-content\/uploads\/2025\/03\/Webbbyhet-UC-300x225.png 300w, https:\/\/c1cert.se\/wp-content\/uploads\/2025\/03\/Webbbyhet-UC-1024x768.png 1024w, https:\/\/c1cert.se\/wp-content\/uploads\/2025\/03\/Webbbyhet-UC-768x576.png 768w, https:\/\/c1cert.se\/wp-content\/uploads\/2025\/03\/Webbbyhet-UC-1536x1152.png 1536w, https:\/\/c1cert.se\/wp-content\/uploads\/2025\/03\/Webbbyhet-UC-16x12.png 16w\" sizes=\"(max-width: 1600px) 100vw, 1600px\" \/><\/div>\n\t\t<\/a>\n\t\t\t\t<div class=\"elementor-post__text\">\n\t\t\t\t<h2 class=\"elementor-post__title\">\n\t\t\t<a href=\"https:\/\/c1cert.se\/fi\/nordiskt-tillvaxtforetag\/\" >\n\t\t\t\tPohjoismainen kasvuyritys\t\t\t<\/a>\n\t\t<\/h2>\n\t\t\t\t<div class=\"elementor-post__excerpt\">\n\t\t\t<p>C1 Certification on j\u00e4lleen kerran tunnustettu yhdeksi niist\u00e4 viidest\u00e4 prosentista ruotsalaisista yrityksist\u00e4, jotka t\u00e4ytt\u00e4v\u00e4t UC:n pohjoismaisen kasvuyrityksen kriteerit. Kriteerit kattavat useita tekij\u00f6it\u00e4, kuten liikevaihdon kasvun ja kannattavuuden, ja palkinnon saaminen j\u00e4lleen kerran on osoitus jatkuvasta menestyksest\u00e4mme ja kyvyst\u00e4mme sopeutua markkinoiden kehitykseen ja muutoksiin.<\/p>\n\t\t<\/div>\n\t\t\t\t<\/div>\n\t\t\t\t<\/article>\n\t\t\t\t<article class=\"elementor-post elementor-grid-item post-3789 post type-post status-publish format-standard has-post-thumbnail hentry category-nyheter category-nyheter-sida-1\">\n\t\t\t\t<a class=\"elementor-post__thumbnail__link\" href=\"https:\/\/c1cert.se\/fi\/strategisk-samarbete\/\" tabindex=\"-1\" >\n\t\t\t<div class=\"elementor-post__thumbnail\"><img loading=\"lazy\" decoding=\"async\" width=\"1600\" height=\"1200\" src=\"https:\/\/c1cert.se\/wp-content\/uploads\/2025\/03\/C1-certification-Norge-Webb.png\" class=\"attachment-full size-full wp-image-3790\" alt=\"\" srcset=\"https:\/\/c1cert.se\/wp-content\/uploads\/2025\/03\/C1-certification-Norge-Webb.png 1600w, https:\/\/c1cert.se\/wp-content\/uploads\/2025\/03\/C1-certification-Norge-Webb-300x225.png 300w, https:\/\/c1cert.se\/wp-content\/uploads\/2025\/03\/C1-certification-Norge-Webb-1024x768.png 1024w, https:\/\/c1cert.se\/wp-content\/uploads\/2025\/03\/C1-certification-Norge-Webb-768x576.png 768w, https:\/\/c1cert.se\/wp-content\/uploads\/2025\/03\/C1-certification-Norge-Webb-1536x1152.png 1536w, https:\/\/c1cert.se\/wp-content\/uploads\/2025\/03\/C1-certification-Norge-Webb-16x12.png 16w\" sizes=\"(max-width: 1600px) 100vw, 1600px\" \/><\/div>\n\t\t<\/a>\n\t\t\t\t<div class=\"elementor-post__text\">\n\t\t\t\t<h2 class=\"elementor-post__title\">\n\t\t\t<a href=\"https:\/\/c1cert.se\/fi\/strategisk-samarbete\/\" >\n\t\t\t\tStrateginen yhteisty\u00f6\t\t\t<\/a>\n\t\t<\/h2>\n\t\t\t\t<div class=\"elementor-post__excerpt\">\n\t\t\t<p>C1 Certification ja norjalainen Scandinavian Certification AS aloittavat strategisen yhteisty\u00f6n, jonka avulla voimme tarjota asiakkaillemme entist\u00e4 enemm\u00e4n palveluita entist\u00e4 useammilla maamarkkinoilla. Yhteisty\u00f6n perustana ovat yhteiset arvot, n\u00e4kemykset alasta ja siit\u00e4, miten akkreditoitu sertifiointi auttaa asiakkaitamme kehittym\u00e4\u00e4n.<\/p>\n\t\t<\/div>\n\t\t\t\t<\/div>\n\t\t\t\t<\/article>\n\t\t\t\t<article class=\"elementor-post elementor-grid-item post-3726 post type-post status-publish format-standard has-post-thumbnail hentry category-nyheter category-nyheter-sida-1\">\n\t\t\t\t<a class=\"elementor-post__thumbnail__link\" href=\"https:\/\/c1cert.se\/fi\/iso-27001-utbildning\/\" tabindex=\"-1\" >\n\t\t\t<div class=\"elementor-post__thumbnail\"><img loading=\"lazy\" decoding=\"async\" width=\"1600\" height=\"1200\" src=\"https:\/\/c1cert.se\/wp-content\/uploads\/2025\/03\/ISO27001-Utbildning-hemsida.png\" class=\"attachment-full size-full wp-image-3727\" alt=\"\" srcset=\"https:\/\/c1cert.se\/wp-content\/uploads\/2025\/03\/ISO27001-Utbildning-hemsida.png 1600w, https:\/\/c1cert.se\/wp-content\/uploads\/2025\/03\/ISO27001-Utbildning-hemsida-300x225.png 300w, https:\/\/c1cert.se\/wp-content\/uploads\/2025\/03\/ISO27001-Utbildning-hemsida-1024x768.png 1024w, https:\/\/c1cert.se\/wp-content\/uploads\/2025\/03\/ISO27001-Utbildning-hemsida-768x576.png 768w, https:\/\/c1cert.se\/wp-content\/uploads\/2025\/03\/ISO27001-Utbildning-hemsida-1536x1152.png 1536w, https:\/\/c1cert.se\/wp-content\/uploads\/2025\/03\/ISO27001-Utbildning-hemsida-16x12.png 16w\" sizes=\"(max-width: 1600px) 100vw, 1600px\" \/><\/div>\n\t\t<\/a>\n\t\t\t\t<div class=\"elementor-post__text\">\n\t\t\t\t<h2 class=\"elementor-post__title\">\n\t\t\t<a href=\"https:\/\/c1cert.se\/fi\/iso-27001-utbildning\/\" >\n\t\t\t\tISO 27001 -koulutus\t\t\t<\/a>\n\t\t<\/h2>\n\t\t\t\t<div class=\"elementor-post__excerpt\">\n\t\t\t<p>Viime viikolla ISO 27001 -asiantuntijamme Patrik Frykman piti eritt\u00e4in arvostetun koulutuksen tieto- ja kyberturvallisuudesta! T\u00e4yteen varattu sali ja sitoutuneet osallistujat eri toimialoilta saimme aikaan dynaamisen ja oivaltavan koulutuksen, joka oli t\u00e4ynn\u00e4 opettavaisia keskusteluja. Kaikki kurssin osallistujat antoivat Patrikille korkeimman arvosanan, joka liittyi h\u00e4nen asiantuntemukseensa ja kykyyns\u00e4 antaa arvokkaita n\u00e4kemyksi\u00e4.<\/p>\n\t\t<\/div>\n\t\t\t\t<\/div>\n\t\t\t\t<\/article>\n\t\t\t\t<article class=\"elementor-post elementor-grid-item post-3723 post type-post status-publish format-standard has-post-thumbnail hentry category-nyheter category-nyheter-sida-1\">\n\t\t\t\t<a class=\"elementor-post__thumbnail__link\" href=\"https:\/\/c1cert.se\/fi\/spedman-global-logistics\/\" tabindex=\"-1\" >\n\t\t\t<div class=\"elementor-post__thumbnail\"><img loading=\"lazy\" decoding=\"async\" width=\"1600\" height=\"1200\" src=\"https:\/\/c1cert.se\/wp-content\/uploads\/2025\/03\/Spedman-hemsida.png\" class=\"attachment-full size-full wp-image-3724\" alt=\"\" srcset=\"https:\/\/c1cert.se\/wp-content\/uploads\/2025\/03\/Spedman-hemsida.png 1600w, https:\/\/c1cert.se\/wp-content\/uploads\/2025\/03\/Spedman-hemsida-300x225.png 300w, https:\/\/c1cert.se\/wp-content\/uploads\/2025\/03\/Spedman-hemsida-1024x768.png 1024w, https:\/\/c1cert.se\/wp-content\/uploads\/2025\/03\/Spedman-hemsida-768x576.png 768w, https:\/\/c1cert.se\/wp-content\/uploads\/2025\/03\/Spedman-hemsida-1536x1152.png 1536w, https:\/\/c1cert.se\/wp-content\/uploads\/2025\/03\/Spedman-hemsida-16x12.png 16w\" sizes=\"(max-width: 1600px) 100vw, 1600px\" \/><\/div>\n\t\t<\/a>\n\t\t\t\t<div class=\"elementor-post__text\">\n\t\t\t\t<h2 class=\"elementor-post__title\">\n\t\t\t<a href=\"https:\/\/c1cert.se\/fi\/spedman-global-logistics\/\" >\n\t\t\t\tSpedman Global Logistics\t\t\t<\/a>\n\t\t<\/h2>\n\t\t\t\t<div class=\"elementor-post__excerpt\">\n\t\t\t<p>C1 Sertifiointi sai hiljattain j\u00e4lleen yhden onnistumisen, kun luovutimme sertifikaatin eritt\u00e4in tyytyv\u00e4iselle asiakkaalle, Spedman Global Logisticsille. Kuvassa Ruotsin myyntip\u00e4\u00e4llikk\u00f6 Christoffer Andersson ja asiakas Malin Wachsmann. Malin tiivisti kokemuksensa parhaiten itse: \"Kun otimme yhteytt\u00e4 C1 Certificationiin, tunsimme heti asiantuntemuksen ja halun hoitaa teht\u00e4v\u00e4ns\u00e4 parhaalla mahdollisella tavalla ainutlaatuisen asiakkaan kanssa.\"<\/p>\n\t\t<\/div>\n\t\t\t\t<\/div>\n\t\t\t\t<\/article>\n\t\t\t\t<article class=\"elementor-post elementor-grid-item post-3628 post type-post status-publish format-standard has-post-thumbnail hentry category-nyheter category-nyheter-sida-1\">\n\t\t\t\t<a class=\"elementor-post__thumbnail__link\" href=\"https:\/\/c1cert.se\/fi\/arlig-konferens\/\" tabindex=\"-1\" >\n\t\t\t<div class=\"elementor-post__thumbnail\"><img loading=\"lazy\" decoding=\"async\" width=\"1600\" height=\"1200\" src=\"https:\/\/c1cert.se\/wp-content\/uploads\/2025\/01\/Sommarkonferens.png\" class=\"attachment-full size-full wp-image-3629\" alt=\"\" srcset=\"https:\/\/c1cert.se\/wp-content\/uploads\/2025\/01\/Sommarkonferens.png 1600w, https:\/\/c1cert.se\/wp-content\/uploads\/2025\/01\/Sommarkonferens-300x225.png 300w, https:\/\/c1cert.se\/wp-content\/uploads\/2025\/01\/Sommarkonferens-1024x768.png 1024w, https:\/\/c1cert.se\/wp-content\/uploads\/2025\/01\/Sommarkonferens-768x576.png 768w, https:\/\/c1cert.se\/wp-content\/uploads\/2025\/01\/Sommarkonferens-1536x1152.png 1536w, https:\/\/c1cert.se\/wp-content\/uploads\/2025\/01\/Sommarkonferens-16x12.png 16w\" sizes=\"(max-width: 1600px) 100vw, 1600px\" \/><\/div>\n\t\t<\/a>\n\t\t\t\t<div class=\"elementor-post__text\">\n\t\t\t\t<h2 class=\"elementor-post__title\">\n\t\t\t<a href=\"https:\/\/c1cert.se\/fi\/arlig-konferens\/\" >\n\t\t\t\tVuosittainen konferenssi\t\t\t<\/a>\n\t\t<\/h2>\n\t\t\t\t<div class=\"elementor-post__excerpt\">\n\t\t\t<p>Olemme ylpeit\u00e4 siit\u00e4, ett\u00e4 C1 Certification on sitoutunut ty\u00f6ntekij\u00f6ihimme erinomaisesti. Kuvassa on osa ihanasta tiimist\u00e4mme ja puhujista jokin aika sitten pidetyss\u00e4 vuosikokouksessamme. Konferenssille oli ominaista ilo, tulevaisuusajattelu ja yhteinen keskittyminen kehitykseen, digitalisaatioon ja jatkuvaan parantamiseen. Suuri kiitos kaikille, jotka edist\u00e4v\u00e4t menestyst\u00e4mme ja yhdess\u00e4 luomamme dynaamisen ty\u00f6ymp\u00e4rist\u00f6n, jossa etenemme aina kohti uusia tavoitteita!<\/p>\n\t\t<\/div>\n\t\t\t\t<\/div>\n\t\t\t\t<\/article>\n\t\t\t\t<article class=\"elementor-post elementor-grid-item post-3624 post type-post status-publish format-standard has-post-thumbnail hentry category-nyheter category-nyheter-sida-1\">\n\t\t\t\t<a class=\"elementor-post__thumbnail__link\" href=\"https:\/\/c1cert.se\/fi\/nytt-huvudkontor\/\" tabindex=\"-1\" >\n\t\t\t<div class=\"elementor-post__thumbnail\"><img loading=\"lazy\" decoding=\"async\" width=\"1600\" height=\"1200\" src=\"https:\/\/c1cert.se\/wp-content\/uploads\/2024\/01\/Nytt-huvudkontor.png\" class=\"attachment-full size-full wp-image-3621\" alt=\"\" srcset=\"https:\/\/c1cert.se\/wp-content\/uploads\/2024\/01\/Nytt-huvudkontor.png 1600w, https:\/\/c1cert.se\/wp-content\/uploads\/2024\/01\/Nytt-huvudkontor-300x225.png 300w, https:\/\/c1cert.se\/wp-content\/uploads\/2024\/01\/Nytt-huvudkontor-1024x768.png 1024w, https:\/\/c1cert.se\/wp-content\/uploads\/2024\/01\/Nytt-huvudkontor-768x576.png 768w, https:\/\/c1cert.se\/wp-content\/uploads\/2024\/01\/Nytt-huvudkontor-1536x1152.png 1536w, https:\/\/c1cert.se\/wp-content\/uploads\/2024\/01\/Nytt-huvudkontor-16x12.png 16w\" sizes=\"(max-width: 1600px) 100vw, 1600px\" \/><\/div>\n\t\t<\/a>\n\t\t\t\t<div class=\"elementor-post__text\">\n\t\t\t\t<h2 class=\"elementor-post__title\">\n\t\t\t<a href=\"https:\/\/c1cert.se\/fi\/nytt-huvudkontor\/\" >\n\t\t\t\tUusi p\u00e4\u00e4konttori\t\t\t<\/a>\n\t\t<\/h2>\n\t\t\t\t<div class=\"elementor-post__excerpt\">\n\t\t\t<p>Nyt kehitysty\u00f6mme jatkuu, t\u00e4ll\u00e4 kertaa Ruotsissa, uudessa p\u00e4\u00e4konttorissamme Tukholman syd\u00e4mess\u00e4 osoitteessa Olof Palmes Gata 29. Uusi toimistomme on suunniteltu dynaamisemmaksi ja yhteisty\u00f6kykyisemm\u00e4ksi, jotta voimme jatkossakin tukea sertifiointitarpeitanne samalla nopeudella, yksinkertaisuudella, yst\u00e4v\u00e4llisyydell\u00e4 ja joustavuudella, jota meilt\u00e4 odotatte. Ota yhteytt\u00e4, jos haluat lis\u00e4tietoja uudesta p\u00e4\u00e4konttoristamme.<\/p>\n\t\t<\/div>\n\t\t\t\t<\/div>\n\t\t\t\t<\/article>\n\t\t\t\t<\/div>\n\t\t\n\t\t\t\t\t\t<\/div>\n\t\t\t\t<\/div>\n\t\t\t\t\t<\/div>\n\t\t<\/div>\n\t\t\t\t\t<\/div>\n\t\t<\/section>\n\t\t\t\t<section class=\"elementor-section elementor-top-section elementor-element elementor-element-3212f90 elementor-section-boxed elementor-section-height-default elementor-section-height-default\" data-id=\"3212f90\" data-element_type=\"section\">\n\t\t\t\t\t\t<div class=\"elementor-container elementor-column-gap-default\">\n\t\t\t\t\t<div class=\"elementor-column elementor-col-100 elementor-top-column elementor-element elementor-element-11bf2ae\" data-id=\"11bf2ae\" data-element_type=\"column\">\n\t\t\t<div class=\"elementor-widget-wrap elementor-element-populated\">\n\t\t\t\t\t\t<div class=\"elementor-element elementor-element-7b8669c elementor-widget elementor-widget-spacer\" data-id=\"7b8669c\" data-element_type=\"widget\" data-widget_type=\"spacer.default\">\n\t\t\t\t<div class=\"elementor-widget-container\">\n\t\t\t\t\t\t\t<div class=\"elementor-spacer\">\n\t\t\t<div class=\"elementor-spacer-inner\"><\/div>\n\t\t<\/div>\n\t\t\t\t\t\t<\/div>\n\t\t\t\t<\/div>\n\t\t\t\t\t<\/div>\n\t\t<\/div>\n\t\t\t\t\t<\/div>\n\t\t<\/section>\n\t\t\t\t<\/div>","protected":false},"excerpt":{"rendered":"<p>Uutisarkisto<\/p>","protected":false},"author":1,"featured_media":0,"parent":25,"menu_order":0,"comment_status":"closed","ping_status":"closed","template":"","meta":{"_acf_changed":false,"footnotes":""},"class_list":["post-27","page","type-page","status-publish","hentry"],"acf":[],"_links":{"self":[{"href":"https:\/\/c1cert.se\/fi\/wp-json\/wp\/v2\/pages\/27"}],"collection":[{"href":"https:\/\/c1cert.se\/fi\/wp-json\/wp\/v2\/pages"}],"about":[{"href":"https:\/\/c1cert.se\/fi\/wp-json\/wp\/v2\/types\/page"}],"author":[{"embeddable":true,"href":"https:\/\/c1cert.se\/fi\/wp-json\/wp\/v2\/users\/1"}],"replies":[{"embeddable":true,"href":"https:\/\/c1cert.se\/fi\/wp-json\/wp\/v2\/comments?post=27"}],"version-history":[{"count":94,"href":"https:\/\/c1cert.se\/fi\/wp-json\/wp\/v2\/pages\/27\/revisions"}],"predecessor-version":[{"id":4182,"href":"https:\/\/c1cert.se\/fi\/wp-json\/wp\/v2\/pages\/27\/revisions\/4182"}],"up":[{"embeddable":true,"href":"https:\/\/c1cert.se\/fi\/wp-json\/wp\/v2\/pages\/25"}],"wp:attachment":[{"href":"https:\/\/c1cert.se\/fi\/wp-json\/wp\/v2\/media?parent=27"}],"curies":[{"name":"wp","href":"https:\/\/api.w.org\/{rel}","templated":true}]}}