{"id":29,"date":"2024-01-03T08:21:03","date_gmt":"2024-01-03T08:21:03","guid":{"rendered":"https:\/\/c1cert.se\/?page_id=29"},"modified":"2026-02-12T16:30:07","modified_gmt":"2026-02-12T16:30:07","slug":"var-kundnojdhet","status":"publish","type":"page","link":"https:\/\/c1cert.se\/fi\/om-oss\/var-kundnojdhet\/","title":{"rendered":"Asiakastyytyv\u00e4isyytemme"},"content":{"rendered":"<div data-elementor-type=\"wp-page\" data-elementor-id=\"29\" class=\"elementor elementor-29\" data-elementor-post-type=\"page\">\n\t\t\t\t\t\t<section class=\"elementor-section elementor-top-section elementor-element elementor-element-03e3558 elementor-section-height-min-height elementor-section-items-bottom elementor-section-full_width elementor-section-height-default\" data-id=\"03e3558\" data-element_type=\"section\" data-settings=\"{&quot;background_background&quot;:&quot;classic&quot;}\">\n\t\t\t\t\t\t\t<div class=\"elementor-background-overlay\"><\/div>\n\t\t\t\t\t\t\t<div class=\"elementor-container elementor-column-gap-default\">\n\t\t\t\t\t<div class=\"elementor-column elementor-col-100 elementor-top-column elementor-element elementor-element-af36c5c\" data-id=\"af36c5c\" data-element_type=\"column\">\n\t\t\t<div class=\"elementor-widget-wrap elementor-element-populated\">\n\t\t\t\t\t\t<section class=\"elementor-section elementor-inner-section elementor-element elementor-element-491b69c elementor-section-boxed elementor-section-height-default elementor-section-height-default\" data-id=\"491b69c\" data-element_type=\"section\">\n\t\t\t\t\t\t<div class=\"elementor-container elementor-column-gap-default\">\n\t\t\t\t\t<div class=\"elementor-column elementor-col-100 elementor-inner-column elementor-element elementor-element-88eed4d\" data-id=\"88eed4d\" data-element_type=\"column\">\n\t\t\t<div class=\"elementor-widget-wrap elementor-element-populated\">\n\t\t\t\t\t\t<div class=\"elementor-element elementor-element-bca090f elementor-widget elementor-widget-text-editor\" data-id=\"bca090f\" data-element_type=\"widget\" data-widget_type=\"text-editor.default\">\n\t\t\t\t<div class=\"elementor-widget-container\">\n\t\t\t\t\t\t\t\t\t<h1>Asiakastyytyv\u00e4isyytemme<\/h1>\t\t\t\t\t\t\t\t<\/div>\n\t\t\t\t<\/div>\n\t\t\t\t\t<\/div>\n\t\t<\/div>\n\t\t\t\t\t<\/div>\n\t\t<\/section>\n\t\t\t\t\t<\/div>\n\t\t<\/div>\n\t\t\t\t\t<\/div>\n\t\t<\/section>\n\t\t\t\t<section class=\"elementor-section elementor-top-section elementor-element elementor-element-9613064 elementor-section-boxed elementor-section-height-default elementor-section-height-default\" data-id=\"9613064\" data-element_type=\"section\">\n\t\t\t\t\t\t<div class=\"elementor-container elementor-column-gap-default\">\n\t\t\t\t\t<div class=\"elementor-column elementor-col-100 elementor-top-column elementor-element elementor-element-c440a5b\" data-id=\"c440a5b\" data-element_type=\"column\">\n\t\t\t<div class=\"elementor-widget-wrap elementor-element-populated\">\n\t\t\t\t\t\t<div class=\"elementor-element elementor-element-0cd6558 elementor-widget elementor-widget-spacer\" data-id=\"0cd6558\" data-element_type=\"widget\" data-widget_type=\"spacer.default\">\n\t\t\t\t<div class=\"elementor-widget-container\">\n\t\t\t\t\t\t\t<div class=\"elementor-spacer\">\n\t\t\t<div class=\"elementor-spacer-inner\"><\/div>\n\t\t<\/div>\n\t\t\t\t\t\t<\/div>\n\t\t\t\t<\/div>\n\t\t\t\t\t<\/div>\n\t\t<\/div>\n\t\t\t\t\t<\/div>\n\t\t<\/section>\n\t\t\t\t<section class=\"elementor-section elementor-top-section elementor-element elementor-element-96223e0 elementor-section-boxed elementor-section-height-default elementor-section-height-default\" data-id=\"96223e0\" data-element_type=\"section\" data-settings=\"{&quot;background_background&quot;:&quot;classic&quot;}\">\n\t\t\t\t\t\t<div class=\"elementor-container elementor-column-gap-default\">\n\t\t\t\t\t<div class=\"elementor-column elementor-col-100 elementor-top-column elementor-element elementor-element-94a5041\" data-id=\"94a5041\" data-element_type=\"column\">\n\t\t\t<div class=\"elementor-widget-wrap elementor-element-populated\">\n\t\t\t\t\t\t<div class=\"elementor-element elementor-element-ebec0dd elementor-widget__width-initial elementor-widget elementor-widget-text-editor\" data-id=\"ebec0dd\" data-element_type=\"widget\" data-widget_type=\"text-editor.default\">\n\t\t\t\t<div class=\"elementor-widget-container\">\n\t\t\t\t\t\t\t\t\t<h2>Net Promoter Score<\/h2><p>C1 Sertifioinnissa asiakkaiden ja ty\u00f6ntekij\u00f6iden tyytyv\u00e4isyys on etusijalla. Mittaamme asiakkaidemme tyytyv\u00e4isyytt\u00e4 palveluihimme Net Promoter Score (NPS) -mittarin avulla. Yksinkertainen kysymys paljastaa kaiken:<\/p><p>Kuinka todenn\u00e4k\u00f6isesti suosittelisit C1 Sertifiointia jollekulle verkostossasi viimeisimm\u00e4n auditointimme perusteella?<\/p><p>Asiakkaiden vastaukset asteikolla 1-10 ja niiden perustelut antavat meille arvokasta tietoa heid\u00e4n kokemuksistaan tarkastuksistamme, p\u00e4tevyydest\u00e4mme ja menetelmist\u00e4mme. Pistem\u00e4\u00e4r\u00e4 lasketaan v\u00e4hent\u00e4m\u00e4ll\u00e4 kielteisten vastausten prosenttiosuus my\u00f6nteisten vastausten prosenttiosuudesta, jolloin kokonaispistem\u00e4\u00e4r\u00e4 on -100 ja 100 v\u00e4lill\u00e4. Yli 50 NPS-arvoa pidet\u00e4\u00e4n poikkeuksellisen korkeana.<\/p><p>Varmistaaksemme, ett\u00e4 saamme aitoa palautetta, johtoryhm\u00e4n j\u00e4sen soittaa henkil\u00f6kohtaisesti kaikille asiakkaille kolme viikkoa jokaisen suoritetun toimeksiannon j\u00e4lkeen. Ei kyselyj\u00e4, vaan oikeita keskusteluja oikeiden ihmisten kanssa. T\u00e4m\u00e4 johtaa korkeaan reagointikykyyn, nopeaan parantamiseen ja sitoutumiseen.<\/p>\t\t\t\t\t\t\t\t<\/div>\n\t\t\t\t<\/div>\n\t\t\t\t<div class=\"elementor-element elementor-element-cee9676 elementor-widget elementor-widget-spacer\" data-id=\"cee9676\" data-element_type=\"widget\" data-widget_type=\"spacer.default\">\n\t\t\t\t<div class=\"elementor-widget-container\">\n\t\t\t\t\t\t\t<div class=\"elementor-spacer\">\n\t\t\t<div class=\"elementor-spacer-inner\"><\/div>\n\t\t<\/div>\n\t\t\t\t\t\t<\/div>\n\t\t\t\t<\/div>\n\t\t\t\t\t<\/div>\n\t\t<\/div>\n\t\t\t\t\t<\/div>\n\t\t<\/section>\n\t\t\t\t<section class=\"elementor-section elementor-top-section elementor-element elementor-element-7f5647d elementor-section-boxed elementor-section-height-default elementor-section-height-default\" data-id=\"7f5647d\" data-element_type=\"section\">\n\t\t\t\t\t\t<div class=\"elementor-container elementor-column-gap-default\">\n\t\t\t\t\t<div class=\"elementor-column elementor-col-100 elementor-top-column elementor-element elementor-element-0110638\" data-id=\"0110638\" data-element_type=\"column\" data-settings=\"{&quot;background_background&quot;:&quot;classic&quot;}\">\n\t\t\t<div class=\"elementor-widget-wrap elementor-element-populated\">\n\t\t\t\t\t\t<div class=\"elementor-element elementor-element-84ab8ba elementor-widget elementor-widget-text-editor\" data-id=\"84ab8ba\" data-element_type=\"widget\" data-widget_type=\"text-editor.default\">\n\t\t\t\t<div class=\"elementor-widget-container\">\n\t\t\t\t\t\t\t\t\t<h3>Nykyinen nps: 93.6<\/h3>\t\t\t\t\t\t\t\t<\/div>\n\t\t\t\t<\/div>\n\t\t\t\t\t<\/div>\n\t\t<\/div>\n\t\t\t\t\t<\/div>\n\t\t<\/section>\n\t\t\t\t<section class=\"elementor-section elementor-top-section elementor-element elementor-element-5488dc1 elementor-section-boxed elementor-section-height-default elementor-section-height-default\" data-id=\"5488dc1\" data-element_type=\"section\">\n\t\t\t\t\t\t<div class=\"elementor-container elementor-column-gap-default\">\n\t\t\t\t\t<div class=\"elementor-column elementor-col-100 elementor-top-column elementor-element elementor-element-181f6e1\" data-id=\"181f6e1\" data-element_type=\"column\">\n\t\t\t<div class=\"elementor-widget-wrap elementor-element-populated\">\n\t\t\t\t\t\t<div class=\"elementor-element elementor-element-6ef6404 elementor-widget elementor-widget-spacer\" data-id=\"6ef6404\" data-element_type=\"widget\" data-widget_type=\"spacer.default\">\n\t\t\t\t<div class=\"elementor-widget-container\">\n\t\t\t\t\t\t\t<div class=\"elementor-spacer\">\n\t\t\t<div class=\"elementor-spacer-inner\"><\/div>\n\t\t<\/div>\n\t\t\t\t\t\t<\/div>\n\t\t\t\t<\/div>\n\t\t\t\t\t<\/div>\n\t\t<\/div>\n\t\t\t\t\t<\/div>\n\t\t<\/section>\n\t\t\t\t<section class=\"elementor-section elementor-top-section elementor-element elementor-element-7d3e17e elementor-section-boxed elementor-section-height-default elementor-section-height-default\" data-id=\"7d3e17e\" data-element_type=\"section\" data-settings=\"{&quot;background_background&quot;:&quot;classic&quot;}\">\n\t\t\t\t\t\t<div class=\"elementor-container elementor-column-gap-default\">\n\t\t\t\t\t<div class=\"elementor-column elementor-col-100 elementor-top-column elementor-element elementor-element-ca18b11\" data-id=\"ca18b11\" data-element_type=\"column\" data-settings=\"{&quot;background_background&quot;:&quot;classic&quot;}\">\n\t\t\t<div class=\"elementor-widget-wrap elementor-element-populated\">\n\t\t\t\t\t\t<div class=\"elementor-element elementor-element-a1e8c22 elementor-widget elementor-widget-text-editor\" data-id=\"a1e8c22\" data-element_type=\"widget\" data-widget_type=\"text-editor.default\">\n\t\t\t\t<div class=\"elementor-widget-container\">\n\t\t\t\t\t\t\t\t\t<h3><span style=\"color: inherit;\">2025: 93.5 - 2024: 93 NPS - 2023: 93 NPS - 2022: 91 NPS - 2021: 89 NPS.<\/span><\/h3>\t\t\t\t\t\t\t\t<\/div>\n\t\t\t\t<\/div>\n\t\t\t\t\t<\/div>\n\t\t<\/div>\n\t\t\t\t\t<\/div>\n\t\t<\/section>\n\t\t\t\t<section class=\"elementor-section elementor-top-section elementor-element elementor-element-ae80fbf elementor-section-boxed elementor-section-height-default elementor-section-height-default\" data-id=\"ae80fbf\" data-element_type=\"section\">\n\t\t\t\t\t\t<div class=\"elementor-container elementor-column-gap-default\">\n\t\t\t\t\t<div class=\"elementor-column elementor-col-100 elementor-top-column elementor-element elementor-element-c3b8c09\" data-id=\"c3b8c09\" data-element_type=\"column\">\n\t\t\t<div class=\"elementor-widget-wrap elementor-element-populated\">\n\t\t\t\t\t\t<div class=\"elementor-element elementor-element-6d884b6 elementor-widget elementor-widget-spacer\" data-id=\"6d884b6\" data-element_type=\"widget\" data-widget_type=\"spacer.default\">\n\t\t\t\t<div class=\"elementor-widget-container\">\n\t\t\t\t\t\t\t<div class=\"elementor-spacer\">\n\t\t\t<div class=\"elementor-spacer-inner\"><\/div>\n\t\t<\/div>\n\t\t\t\t\t\t<\/div>\n\t\t\t\t<\/div>\n\t\t\t\t\t<\/div>\n\t\t<\/div>\n\t\t\t\t\t<\/div>\n\t\t<\/section>\n\t\t\t\t<section class=\"elementor-section elementor-top-section elementor-element elementor-element-bc6ed8b elementor-section-boxed elementor-section-height-default elementor-section-height-default\" data-id=\"bc6ed8b\" data-element_type=\"section\" data-settings=\"{&quot;background_background&quot;:&quot;classic&quot;}\">\n\t\t\t\t\t\t<div class=\"elementor-container elementor-column-gap-default\">\n\t\t\t\t\t<div class=\"elementor-column elementor-col-100 elementor-top-column elementor-element elementor-element-5554854\" data-id=\"5554854\" data-element_type=\"column\">\n\t\t\t<div class=\"elementor-widget-wrap elementor-element-populated\">\n\t\t\t\t\t\t<div class=\"elementor-element elementor-element-639ff2f elementor-widget elementor-widget-spacer\" data-id=\"639ff2f\" data-element_type=\"widget\" data-widget_type=\"spacer.default\">\n\t\t\t\t<div class=\"elementor-widget-container\">\n\t\t\t\t\t\t\t<div class=\"elementor-spacer\">\n\t\t\t<div class=\"elementor-spacer-inner\"><\/div>\n\t\t<\/div>\n\t\t\t\t\t\t<\/div>\n\t\t\t\t<\/div>\n\t\t\t\t\t<\/div>\n\t\t<\/div>\n\t\t\t\t\t<\/div>\n\t\t<\/section>\n\t\t\t\t<section class=\"elementor-section elementor-top-section elementor-element elementor-element-b062ee5 elementor-section-boxed elementor-section-height-default elementor-section-height-default\" data-id=\"b062ee5\" data-element_type=\"section\" data-settings=\"{&quot;background_background&quot;:&quot;classic&quot;}\">\n\t\t\t\t\t\t<div class=\"elementor-container elementor-column-gap-default\">\n\t\t\t\t\t<div class=\"elementor-column elementor-col-100 elementor-top-column elementor-element elementor-element-1ab8410\" data-id=\"1ab8410\" data-element_type=\"column\">\n\t\t\t<div class=\"elementor-widget-wrap elementor-element-populated\">\n\t\t\t\t\t\t<div class=\"elementor-element elementor-element-5530a11 elementor-widget elementor-widget-text-editor\" data-id=\"5530a11\" data-element_type=\"widget\" data-widget_type=\"text-editor.default\">\n\t\t\t\t<div class=\"elementor-widget-container\">\n\t\t\t\t\t\t\t\t\t<h2 style=\"text-align: center;\">Asiakastarjous<\/h2>\t\t\t\t\t\t\t\t<\/div>\n\t\t\t\t<\/div>\n\t\t\t\t<section class=\"elementor-section elementor-inner-section elementor-element elementor-element-ca98533 elementor-section-boxed elementor-section-height-default elementor-section-height-default\" data-id=\"ca98533\" data-element_type=\"section\">\n\t\t\t\t\t\t<div class=\"elementor-container elementor-column-gap-default\">\n\t\t\t\t\t<div class=\"elementor-column elementor-col-50 elementor-inner-column elementor-element elementor-element-daab11f\" data-id=\"daab11f\" data-element_type=\"column\">\n\t\t\t<div class=\"elementor-widget-wrap elementor-element-populated\">\n\t\t\t\t\t\t<div class=\"elementor-element elementor-element-fad3f26 elementor-widget elementor-widget-text-editor\" data-id=\"fad3f26\" data-element_type=\"widget\" data-widget_type=\"text-editor.default\">\n\t\t\t\t<div class=\"elementor-widget-container\">\n\t\t\t\t\t\t\t\t\t<p>\"Vasta nyt ymm\u00e4rr\u00e4mme yhdess\u00e4 C1 Sertifioinnin kanssa, mit\u00e4 standardeilla tavoitellaan, ja t\u00e4m\u00e4 antaa meille aivan uuden n\u00e4k\u00f6kulman ja uutta pontta.\"<\/p><p><br><\/p>\n<p><\/p>\n<p>\"C1 Sertifiointiin on eritt\u00e4in helppo ottaa yhteytt\u00e4, ja se antaa nopeaa palautetta kaikilta osapuolilta.\"&nbsp;<\/p>\t\t\t\t\t\t\t\t<\/div>\n\t\t\t\t<\/div>\n\t\t\t\t\t<\/div>\n\t\t<\/div>\n\t\t\t\t<div class=\"elementor-column elementor-col-50 elementor-inner-column elementor-element elementor-element-433ec81\" data-id=\"433ec81\" data-element_type=\"column\">\n\t\t\t<div class=\"elementor-widget-wrap elementor-element-populated\">\n\t\t\t\t\t\t<div class=\"elementor-element elementor-element-e2ac3db elementor-widget elementor-widget-text-editor\" data-id=\"e2ac3db\" data-element_type=\"widget\" data-widget_type=\"text-editor.default\">\n\t\t\t\t<div class=\"elementor-widget-container\">\n\t\t\t\t\t\t\t\t\t<p>\"J\u00e4rjestelm\u00e4n tuki on eritt\u00e4in k\u00e4ytt\u00e4j\u00e4yst\u00e4v\u00e4llist\u00e4, palvelu on nopeaa ja kypsyysmalli tekee kaikesta paljon helpompaa ja kehittyv\u00e4mp\u00e4\u00e4.\"<\/p><p>\u00a0<\/p><p>\"Tilintarkastaja oli reagoiva, miellytt\u00e4v\u00e4, rento, ammattitaitoinen ja keskittyi selke\u00e4sti liiketoimintaan\".\u00a0<\/p>\t\t\t\t\t\t\t\t<\/div>\n\t\t\t\t<\/div>\n\t\t\t\t\t<\/div>\n\t\t<\/div>\n\t\t\t\t\t<\/div>\n\t\t<\/section>\n\t\t\t\t\t<\/div>\n\t\t<\/div>\n\t\t\t\t\t<\/div>\n\t\t<\/section>\n\t\t\t\t<section class=\"elementor-section elementor-top-section elementor-element elementor-element-92cb68c elementor-section-boxed elementor-section-height-default elementor-section-height-default\" data-id=\"92cb68c\" data-element_type=\"section\" data-settings=\"{&quot;background_background&quot;:&quot;classic&quot;}\">\n\t\t\t\t\t\t<div class=\"elementor-container elementor-column-gap-default\">\n\t\t\t\t\t<div class=\"elementor-column elementor-col-100 elementor-top-column elementor-element elementor-element-a243389\" data-id=\"a243389\" data-element_type=\"column\">\n\t\t\t<div class=\"elementor-widget-wrap elementor-element-populated\">\n\t\t\t\t\t\t<div class=\"elementor-element elementor-element-8a62197 elementor-widget elementor-widget-text-editor\" data-id=\"8a62197\" data-element_type=\"widget\" data-widget_type=\"text-editor.default\">\n\t\t\t\t<div class=\"elementor-widget-container\">\n\t\t\t\t\t\t\t\t\t<p style=\"text-align: center;\">\"C1 Sertifioinnin k\u00e4ytt\u00e4mien johtamisperiaatteiden pohjalta ty\u00f6skentelyst\u00e4 on tullut meille eritt\u00e4in arvoa tuottava ty\u00f6kalu. Kun toimintaamme arvioidaan n\u00e4iden periaatteiden perusteella, k\u00e4y selv\u00e4ksi, mit\u00e4 osa-alueita voimme kehitt\u00e4\u00e4 edelleen, ja j\u00e4sennelty kartoitus antaa meille konkreettisen perustan jatkuvalle parannusty\u00f6lle.&nbsp;<\/p><p style=\"text-align: center;\">Olemme my\u00f6s sit\u00e4 mielt\u00e4, ett\u00e4 yhteisty\u00f6 C1 Certificationin p\u00e4tevien tarkastajien kanssa toimii eritt\u00e4in hyvin. Avoimien keskustelujen ja rakentavan vuoropuhelun kautta saamme aikaan arvokasta vuorovaikutusta. On aina helppoa soittaa tai l\u00e4hett\u00e4\u00e4 s\u00e4hk\u00f6postia - saamme joka kerta nopeat ja harkitut vastaukset. Meist\u00e4 todella tuntuu, ett\u00e4 he ovat meit\u00e4 varten.&nbsp;<\/p><p style=\"text-align: center;\">Toisin kuin aiemmissa sertifiointielimiss\u00e4mme, joissa joskus tuntui silt\u00e4, ett\u00e4 keskityttiin asettamaan meid\u00e4t paikoillemme, olemme huomanneet, ett\u00e4 kaikki C1 Sertifioinnissa ty\u00f6skentelev\u00e4t aidosti asiakasl\u00e4ht\u00f6isesti. Se on valtava ero.\"<\/p><p style=\"text-align: center;\">- Marie Reby, Jens S. Group<\/p>\t\t\t\t\t\t\t\t<\/div>\n\t\t\t\t<\/div>\n\t\t\t\t<div class=\"elementor-element elementor-element-70e3ecb elementor-widget elementor-widget-spacer\" data-id=\"70e3ecb\" data-element_type=\"widget\" data-widget_type=\"spacer.default\">\n\t\t\t\t<div class=\"elementor-widget-container\">\n\t\t\t\t\t\t\t<div class=\"elementor-spacer\">\n\t\t\t<div class=\"elementor-spacer-inner\"><\/div>\n\t\t<\/div>\n\t\t\t\t\t\t<\/div>\n\t\t\t\t<\/div>\n\t\t\t\t\t<\/div>\n\t\t<\/div>\n\t\t\t\t\t<\/div>\n\t\t<\/section>\n\t\t\t\t<section class=\"elementor-section elementor-top-section elementor-element elementor-element-2944604 elementor-section-boxed elementor-section-height-default elementor-section-height-default\" data-id=\"2944604\" data-element_type=\"section\" data-settings=\"{&quot;background_background&quot;:&quot;classic&quot;}\">\n\t\t\t\t\t\t<div class=\"elementor-container elementor-column-gap-default\">\n\t\t\t\t\t<div class=\"elementor-column elementor-col-100 elementor-top-column elementor-element elementor-element-2613c8e\" data-id=\"2613c8e\" data-element_type=\"column\">\n\t\t\t<div class=\"elementor-widget-wrap elementor-element-populated\">\n\t\t\t\t\t\t<div class=\"elementor-element elementor-element-b9399d6 elementor-widget elementor-widget-text-editor\" data-id=\"b9399d6\" data-element_type=\"widget\" data-widget_type=\"text-editor.default\">\n\t\t\t\t<div class=\"elementor-widget-container\">\n\t\t\t\t\t\t\t\t\t<p style=\"text-align: center;\">Oletko tyytyv\u00e4inen sertifiointielimeen?<\/p>\t\t\t\t\t\t\t\t<\/div>\n\t\t\t\t<\/div>\n\t\t\t\t<div class=\"elementor-element elementor-element-c2800eb elementor-widget elementor-widget-spacer\" data-id=\"c2800eb\" data-element_type=\"widget\" data-widget_type=\"spacer.default\">\n\t\t\t\t<div class=\"elementor-widget-container\">\n\t\t\t\t\t\t\t<div class=\"elementor-spacer\">\n\t\t\t<div class=\"elementor-spacer-inner\"><\/div>\n\t\t<\/div>\n\t\t\t\t\t\t<\/div>\n\t\t\t\t<\/div>\n\t\t\t\t\t<\/div>\n\t\t<\/div>\n\t\t\t\t\t<\/div>\n\t\t<\/section>\n\t\t\t\t<\/div>","protected":false},"excerpt":{"rendered":"<p>Asiakastyytyv\u00e4isyytemme Net Promoter Score C1 Sertifioinnissa asiakkaiden ja ty\u00f6ntekij\u00f6iden tyytyv\u00e4isyys on t\u00e4rkein prioriteettimme. K\u00e4yt\u00e4mme Net Promoter Score (NPS) -mittaria mittaamaan, kuinka tyytyv\u00e4isi\u00e4 asiakkaamme ovat palveluihimme. Yksinkertainen kysymys paljastaa kaiken: Kuinka todenn\u00e4k\u00f6isesti suosittelisit C1 Sertifiointia jollekulle verkostossasi toimivalle henkil\u00f6lle meid\u00e4n<\/p>","protected":false},"author":1,"featured_media":0,"parent":25,"menu_order":0,"comment_status":"closed","ping_status":"closed","template":"","meta":{"_acf_changed":false,"footnotes":""},"class_list":["post-29","page","type-page","status-publish","hentry"],"acf":[],"_links":{"self":[{"href":"https:\/\/c1cert.se\/fi\/wp-json\/wp\/v2\/pages\/29"}],"collection":[{"href":"https:\/\/c1cert.se\/fi\/wp-json\/wp\/v2\/pages"}],"about":[{"href":"https:\/\/c1cert.se\/fi\/wp-json\/wp\/v2\/types\/page"}],"author":[{"embeddable":true,"href":"https:\/\/c1cert.se\/fi\/wp-json\/wp\/v2\/users\/1"}],"replies":[{"embeddable":true,"href":"https:\/\/c1cert.se\/fi\/wp-json\/wp\/v2\/comments?post=29"}],"version-history":[{"count":196,"href":"https:\/\/c1cert.se\/fi\/wp-json\/wp\/v2\/pages\/29\/revisions"}],"predecessor-version":[{"id":4303,"href":"https:\/\/c1cert.se\/fi\/wp-json\/wp\/v2\/pages\/29\/revisions\/4303"}],"up":[{"embeddable":true,"href":"https:\/\/c1cert.se\/fi\/wp-json\/wp\/v2\/pages\/25"}],"wp:attachment":[{"href":"https:\/\/c1cert.se\/fi\/wp-json\/wp\/v2\/media?parent=29"}],"curies":[{"name":"wp","href":"https:\/\/api.w.org\/{rel}","templated":true}]}}