{"id":3446,"date":"2024-11-08T20:20:42","date_gmt":"2024-11-08T20:20:42","guid":{"rendered":"https:\/\/c1cert.se\/?page_id=3446"},"modified":"2025-11-11T19:10:54","modified_gmt":"2025-11-11T19:10:54","slug":"certifieringsprocessen","status":"publish","type":"page","link":"https:\/\/c1cert.se\/fi\/certifieringsprocessen\/","title":{"rendered":"Sertifiointiprosessi"},"content":{"rendered":"<div data-elementor-type=\"wp-page\" data-elementor-id=\"3446\" class=\"elementor elementor-3446\" data-elementor-post-type=\"page\">\n\t\t\t\t\t\t<section class=\"elementor-section elementor-top-section elementor-element elementor-element-a373f96 elementor-section-height-min-height elementor-section-items-bottom elementor-section-full_width elementor-section-height-default\" data-id=\"a373f96\" data-element_type=\"section\" data-settings=\"{&quot;background_background&quot;:&quot;classic&quot;}\">\n\t\t\t\t\t\t\t<div class=\"elementor-background-overlay\"><\/div>\n\t\t\t\t\t\t\t<div class=\"elementor-container elementor-column-gap-default\">\n\t\t\t\t\t<div class=\"elementor-column elementor-col-100 elementor-top-column elementor-element elementor-element-7fe4b76\" data-id=\"7fe4b76\" data-element_type=\"column\">\n\t\t\t<div class=\"elementor-widget-wrap elementor-element-populated\">\n\t\t\t\t\t\t<section class=\"elementor-section elementor-inner-section elementor-element elementor-element-663c157 elementor-section-boxed elementor-section-height-default elementor-section-height-default\" data-id=\"663c157\" data-element_type=\"section\">\n\t\t\t\t\t\t<div class=\"elementor-container elementor-column-gap-default\">\n\t\t\t\t\t<div class=\"elementor-column elementor-col-100 elementor-inner-column elementor-element elementor-element-76c8bcd\" data-id=\"76c8bcd\" data-element_type=\"column\">\n\t\t\t<div class=\"elementor-widget-wrap elementor-element-populated\">\n\t\t\t\t\t\t<div class=\"elementor-element elementor-element-23d1a26 elementor-widget elementor-widget-text-editor\" data-id=\"23d1a26\" data-element_type=\"widget\" data-widget_type=\"text-editor.default\">\n\t\t\t\t<div class=\"elementor-widget-container\">\n\t\t\t\t\t\t\t\t\t<h1>Sertifiointiprosessi<\/h1>\t\t\t\t\t\t\t\t<\/div>\n\t\t\t\t<\/div>\n\t\t\t\t\t<\/div>\n\t\t<\/div>\n\t\t\t\t\t<\/div>\n\t\t<\/section>\n\t\t\t\t\t<\/div>\n\t\t<\/div>\n\t\t\t\t\t<\/div>\n\t\t<\/section>\n\t\t\t\t<section class=\"elementor-section elementor-top-section elementor-element elementor-element-ba519ef elementor-section-boxed elementor-section-height-default elementor-section-height-default\" data-id=\"ba519ef\" data-element_type=\"section\">\n\t\t\t\t\t\t<div class=\"elementor-container elementor-column-gap-default\">\n\t\t\t\t\t<div class=\"elementor-column elementor-col-100 elementor-top-column elementor-element elementor-element-8a14050\" data-id=\"8a14050\" data-element_type=\"column\">\n\t\t\t<div class=\"elementor-widget-wrap elementor-element-populated\">\n\t\t\t\t\t\t<div class=\"elementor-element elementor-element-6d8150b elementor-widget elementor-widget-spacer\" data-id=\"6d8150b\" data-element_type=\"widget\" data-widget_type=\"spacer.default\">\n\t\t\t\t<div class=\"elementor-widget-container\">\n\t\t\t\t\t\t\t<div class=\"elementor-spacer\">\n\t\t\t<div class=\"elementor-spacer-inner\"><\/div>\n\t\t<\/div>\n\t\t\t\t\t\t<\/div>\n\t\t\t\t<\/div>\n\t\t\t\t<div class=\"elementor-element elementor-element-4543bd4 elementor-widget elementor-widget-text-editor\" data-id=\"4543bd4\" data-element_type=\"widget\" data-widget_type=\"text-editor.default\">\n\t\t\t\t<div class=\"elementor-widget-container\">\n\t\t\t\t\t\t\t\t\t<h2>Miten se toimii?<\/h2><h4>Ty\u00f6si sertifioinnin saamiseksi<\/h4><p>Sinun on rakennettava ja pantava t\u00e4yt\u00e4nt\u00f6\u00f6n johtamisj\u00e4rjestelm\u00e4 sen standardin (standardien) kriteerien perusteella, jonka (joiden) perusteella sinut sertifioidaan. T\u00e4h\u00e4n sis\u00e4ltyy organisaation tavoitteiden ja p\u00e4\u00e4prosessien tunnistaminen, sen varmistaminen, ett\u00e4 prosesseilla on oikea hallinto ja ett\u00e4 ne ovat mukana organisaatiossa, sek\u00e4 sidosryhmien ja niiden vaatimusten tunnistaminen. Yksinkertaisesti sanottuna sinun on kuvattava, miten ty\u00f6skentelet nyky\u00e4\u00e4n, ja siit\u00e4 k\u00e4sin laadittava parannukset prosesseihisi.<\/p><p>Sinun olisi my\u00f6s varmistettava, ett\u00e4 johdolla on kriteerit prosessien mittaamista ja seurantaa varten, jotta voidaan varmistaa, ett\u00e4 prosessit tukevat tavoitteiden saavuttamista. T\u00e4rkeimpien prosessien tulisi varmistaa oikeudelliset vaatimukset, asiakasvaatimukset ja muiden sidosryhmien vaatimukset.<\/p><h4>Alkuvaiheen vuoropuhelu<\/h4><p>Jotta voisimme tukea yrityst\u00e4si parhaiten tarkastuksen aikana, alkukeskustelu on eritt\u00e4in t\u00e4rke\u00e4, jolloin suunnittelemme tulevan tarkastuksen haasteiden ja mahdollisuuksien pohjalta, jotta varmistamme, ett\u00e4 saat tarkastuksesta kaiken irti.<\/p><h4>Alkuper\u00e4inen tarkastus ja asiakirjojen tarkastaminen<\/h4><p>Sertifiointiauditointi suoritetaan kahdessa vaiheessa. Vaihe 1 on alustava auditointi ja asiakirjojen tarkastaminen, jota seuraa vaihe 2 eli sertifiointiauditointi. Alustavassa auditoinnissa ja asiakirjojen tarkastelussa k\u00e4ymme l\u00e4pi johtamisj\u00e4rjestelm\u00e4nne yleisell\u00e4 tasolla ja varmistamme, ett\u00e4 johtamisj\u00e4rjestelm\u00e4 t\u00e4ytt\u00e4\u00e4 vaatimukset. N\u00e4in varmistamme, ett\u00e4 olet valmis sertifiointiauditointiin ja siihen, mihin siin\u00e4 ja meid\u00e4n tulisi keskitty\u00e4. Yhdess\u00e4 auditoijasi kanssa m\u00e4\u00e4rittelet sertifiointiauditoinnin laajuuden ja auditointiohjelman.<\/p><h4>Sertifiointiauditointi<\/h4><p>Sertifiointiauditointi on vaihe 2, ja se tapahtuu yleens\u00e4 4-6 viikon kuluttua ensimm\u00e4isest\u00e4 auditoinnista, eik\u00e4 se saa kest\u00e4\u00e4 yli 6 kuukautta. Sertifiointiauditointi on kattavampi auditointi, jossa auditoija keskittyy johtamisj\u00e4rjestelm\u00e4si toteuttamiseen. T\u00e4m\u00e4 tapahtuu haastattelujen ja organisaatiossa teht\u00e4vien pistokokeiden avulla. Auditoinnin loppukokouksessa esitell\u00e4\u00e4n auditoijan (auditoijien) haastattelujen, otannan ja asiakirjojen tarkastuksen aikana havaitsemat vaatimustenvastaisuudet. My\u00f6s n\u00e4m\u00e4 sis\u00e4llytet\u00e4\u00e4n auditointiraporttiin, ja sinun on hallittava ne poikkeamanhallintaj\u00e4rjestelm\u00e4ss\u00e4. Loppukokouksessa sinulla on luonnollisesti mahdollisuus kommentoida sek\u00e4 poikkeamia ett\u00e4 auditoijan l\u00f6yt\u00e4mi\u00e4 hyvi\u00e4 esimerkkej\u00e4 ja parhaita k\u00e4yt\u00e4nt\u00f6j\u00e4.<\/p><h4>M\u00e4\u00e4r\u00e4aikaistarkastukset<\/h4><p>S\u00e4ilytt\u00e4\u00e4kseen sertifiointisi ja tukeaksemme johtamisj\u00e4rjestelm\u00e4si kehitt\u00e4mist\u00e4 auditoimme sinut m\u00e4\u00e4r\u00e4aikaistarkastuksissa. Kunkin auditoinnin laajuus m\u00e4\u00e4ritell\u00e4\u00e4n etuk\u00e4teen laatimamme suunnitelman mukaisesti. Auditoimme johtamisj\u00e4rjestelm\u00e4nne yleens\u00e4 kerran vuodessa 12 kuukauden v\u00e4lein, mutta halutessanne se voidaan tehd\u00e4 useammin. M\u00e4\u00e4r\u00e4aikaistarkastukset kattavat vain rajoitetun osan johtamisj\u00e4rjestelm\u00e4st\u00e4si.<\/p><h4>Uudistamistarkastukset<\/h4><p>Koko johtamisj\u00e4rjestelm\u00e4 on auditoitava standardin vaatimusten mukaisesti kolmen vuoden ajan (sertifiointisykli), ja t\u00e4st\u00e4 syyst\u00e4 uusinta-auditointi suoritetaan kolmen vuoden v\u00e4lein. Uusinta-auditointi on laajennettu auditointi, joka kattaa ne standardin vaatimukset, joita ei ole katettu m\u00e4\u00e4r\u00e4aikaisauditoinneissa ja jotka on katettava kolmen vuoden aikana. Kun vaatimustenvastaisuudet on korjattu, C1 Certification p\u00e4\u00e4tt\u00e4\u00e4, tukeeko johtamisj\u00e4rjestelm\u00e4si liiketoimintaasi ja t\u00e4ytt\u00e4\u00e4k\u00f6 se standardien vaatimukset, ja my\u00f6nt\u00e4\u00e4 uuden sertifikaatin.<\/p>\t\t\t\t\t\t\t\t<\/div>\n\t\t\t\t<\/div>\n\t\t\t\t<div class=\"elementor-element elementor-element-cf2f25c elementor-widget elementor-widget-spacer\" data-id=\"cf2f25c\" data-element_type=\"widget\" data-widget_type=\"spacer.default\">\n\t\t\t\t<div class=\"elementor-widget-container\">\n\t\t\t\t\t\t\t<div class=\"elementor-spacer\">\n\t\t\t<div class=\"elementor-spacer-inner\"><\/div>\n\t\t<\/div>\n\t\t\t\t\t\t<\/div>\n\t\t\t\t<\/div>\n\t\t\t\t\t<\/div>\n\t\t<\/div>\n\t\t\t\t\t<\/div>\n\t\t<\/section>\n\t\t\t\t<section class=\"elementor-section elementor-top-section elementor-element elementor-element-c9d927f elementor-section-boxed elementor-section-height-default elementor-section-height-default\" data-id=\"c9d927f\" data-element_type=\"section\" data-settings=\"{&quot;background_background&quot;:&quot;classic&quot;}\">\n\t\t\t\t\t\t<div class=\"elementor-container elementor-column-gap-default\">\n\t\t\t\t\t<div class=\"elementor-column elementor-col-100 elementor-top-column elementor-element elementor-element-1c95adc\" data-id=\"1c95adc\" data-element_type=\"column\">\n\t\t\t<div class=\"elementor-widget-wrap elementor-element-populated\">\n\t\t\t\t\t\t<div class=\"elementor-element elementor-element-974d6a8 elementor-widget elementor-widget-spacer\" data-id=\"974d6a8\" data-element_type=\"widget\" data-widget_type=\"spacer.default\">\n\t\t\t\t<div class=\"elementor-widget-container\">\n\t\t\t\t\t\t\t<div class=\"elementor-spacer\">\n\t\t\t<div class=\"elementor-spacer-inner\"><\/div>\n\t\t<\/div>\n\t\t\t\t\t\t<\/div>\n\t\t\t\t<\/div>\n\t\t\t\t<div class=\"elementor-element elementor-element-9adc682 elementor-widget elementor-widget-text-editor\" data-id=\"9adc682\" data-element_type=\"widget\" data-widget_type=\"text-editor.default\">\n\t\t\t\t<div class=\"elementor-widget-container\">\n\t\t\t\t\t\t\t\t\t<h2>Sertifiointimerkki ja logo<\/h2><p>Asiakas voi vapaasti tiedottaa sertifioinnistaan sidosryhmilleen, kunhan siin\u00e4 viitataan C1 Sertifiointiin ja mainostetaan vain C1 Sertifioinnin my\u00f6nt\u00e4mi\u00e4 sertifiointeja.<br \/><br \/><\/p><h4>Todistus<\/h4><p>C1 Certificationin asiakkaalle my\u00f6nt\u00e4miss\u00e4 sertifikaateissa ja todistuksissa on akkreditointiviranomaisen logo. Asiakkaalla on oikeus kopioida ja jakaa t\u00e4ydellisi\u00e4 kopioita sertifiointiasiakirjoista. Jos sertifiointij\u00e4rjestelm\u00e4ss\u00e4 on m\u00e4\u00e4ritelty erityisehtoja sille, miten asiakas voi v\u00e4litt\u00e4\u00e4 sertifioinnin, asiakkaan on noudatettava n\u00e4it\u00e4 ehtoja, ja C1 Certification ilmoittaa t\u00e4st\u00e4. Asiakkaalla on oikeus esitt\u00e4\u00e4 sertifiointitilansa sertifikaatin ja siihen liittyv\u00e4n sertifiointimerkin (-merkkien) kanssa esimerkiksi verkkosivuilla, esittelyiss\u00e4, ty\u00f6suhdeautoissa jne. C1 Certification hankkii alkuper\u00e4iset tulosteet sek\u00e4 ohjeet sertifikaattien ja sertifiointimerkin (-merkkien) j\u00e4ljent\u00e4misest\u00e4 ja k\u00e4yt\u00f6st\u00e4. Olemme velvollisia jatkuvasti tarkistamaan, ett\u00e4 asiakas k\u00e4ytt\u00e4\u00e4 sertifiointimerkki\u00e4 ja akkreditointilogoa. Olennaiset osatekij\u00e4t ovat:<\/p><ol><li>Logo on j\u00e4ljennett\u00e4v\u00e4 kokonaisuudessaan hyv\u00e4ksytt\u00e4v\u00e4ss\u00e4 koossa ja v\u00e4riss\u00e4.<\/li><li>Logoa on k\u00e4ytett\u00e4v\u00e4 osoittamaan, ett\u00e4 lupa koskee asiakkaan prosesseja eik\u00e4 yrityksen tarjoamia tuotteita tai palveluja.<\/li><li>Logoa ei saa k\u00e4ytt\u00e4\u00e4 siten, ett\u00e4 se antaa harhaanjohtavan kuvan my\u00f6nnetyst\u00e4 sertifikaatista.<\/li><li>Laboratorioraporteissa, tuotteissa tai tuotteiden pakkauksissa ei saa olla merkki\u00e4 tai logoa.<\/li><\/ol><h4><br \/>Tuotepakkaus<\/h4><p>Tuotepakkauksissa tai tuotteen mukana olevissa tiedoissa voidaan ilmoittaa, ett\u00e4 organisaatio kuuluu sertifioidun hallintaj\u00e4rjestelm\u00e4n piiriin. Se ei kuitenkaan saa mill\u00e4\u00e4n tavoin antaa ymm\u00e4rt\u00e4\u00e4, ett\u00e4 tuote, prosessi tai palvelu itsess\u00e4\u00e4n on sertifioitu. Viestinn\u00e4st\u00e4 on k\u00e4yt\u00e4v\u00e4 t\u00e4m\u00e4 selv\u00e4sti ilmi:<br \/><br \/><\/p><ol><li>Sertifioidun yrityksen tunnistetiedot (esim. tuotemerkki tai nimi).<\/li><li>Johtamisj\u00e4rjestelm\u00e4n sertifiointityyppi (esim. laatu, ymp\u00e4rist\u00f6) ja sovellettava standardi.<\/li><li>C1 Certification on my\u00f6nt\u00e4nyt todistuksen.<\/li><\/ol>\t\t\t\t\t\t\t\t<\/div>\n\t\t\t\t<\/div>\n\t\t\t\t<section class=\"elementor-section elementor-inner-section elementor-element elementor-element-f66c7bf elementor-section-full_width elementor-section-height-default elementor-section-height-default\" data-id=\"f66c7bf\" data-element_type=\"section\">\n\t\t\t\t\t\t<div class=\"elementor-container elementor-column-gap-default\">\n\t\t\t\t\t<div class=\"elementor-column elementor-col-100 elementor-inner-column elementor-element elementor-element-8ed6d3c\" data-id=\"8ed6d3c\" data-element_type=\"column\">\n\t\t\t<div class=\"elementor-widget-wrap elementor-element-populated\">\n\t\t\t\t\t\t<div class=\"elementor-element elementor-element-3ebb148 elementor-widget elementor-widget-image\" data-id=\"3ebb148\" data-element_type=\"widget\" data-widget_type=\"image.default\">\n\t\t\t\t<div class=\"elementor-widget-container\">\n\t\t\t\t\t\t\t\t\t\t\t\t\t\t\t<img fetchpriority=\"high\" decoding=\"async\" width=\"800\" height=\"248\" src=\"https:\/\/c1cert.se\/wp-content\/uploads\/2024\/03\/ISO-EN.webp\" class=\"attachment-large size-large wp-image-2442\" alt=\"\" srcset=\"https:\/\/c1cert.se\/wp-content\/uploads\/2024\/03\/ISO-EN.webp 940w, https:\/\/c1cert.se\/wp-content\/uploads\/2024\/03\/ISO-EN-300x93.webp 300w, https:\/\/c1cert.se\/wp-content\/uploads\/2024\/03\/ISO-EN-768x238.webp 768w, https:\/\/c1cert.se\/wp-content\/uploads\/2024\/03\/ISO-EN-18x6.webp 18w\" sizes=\"(max-width: 800px) 100vw, 800px\" \/>\t\t\t\t\t\t\t\t\t\t\t\t\t\t\t<\/div>\n\t\t\t\t<\/div>\n\t\t\t\t\t<\/div>\n\t\t<\/div>\n\t\t\t\t\t<\/div>\n\t\t<\/section>\n\t\t\t\t<div class=\"elementor-element elementor-element-2f36173 elementor-widget elementor-widget-spacer\" data-id=\"2f36173\" data-element_type=\"widget\" data-widget_type=\"spacer.default\">\n\t\t\t\t<div class=\"elementor-widget-container\">\n\t\t\t\t\t\t\t<div class=\"elementor-spacer\">\n\t\t\t<div class=\"elementor-spacer-inner\"><\/div>\n\t\t<\/div>\n\t\t\t\t\t\t<\/div>\n\t\t\t\t<\/div>\n\t\t\t\t\t<\/div>\n\t\t<\/div>\n\t\t\t\t\t<\/div>\n\t\t<\/section>\n\t\t\t\t<section class=\"elementor-section elementor-top-section elementor-element elementor-element-dbc491c elementor-section-boxed elementor-section-height-default elementor-section-height-default\" data-id=\"dbc491c\" data-element_type=\"section\">\n\t\t\t\t\t\t<div class=\"elementor-container elementor-column-gap-default\">\n\t\t\t\t\t<div class=\"elementor-column elementor-col-100 elementor-top-column elementor-element elementor-element-c4a7dfb\" data-id=\"c4a7dfb\" data-element_type=\"column\">\n\t\t\t<div class=\"elementor-widget-wrap elementor-element-populated\">\n\t\t\t\t\t\t<div class=\"elementor-element elementor-element-75eab8d elementor-widget elementor-widget-spacer\" data-id=\"75eab8d\" data-element_type=\"widget\" data-widget_type=\"spacer.default\">\n\t\t\t\t<div class=\"elementor-widget-container\">\n\t\t\t\t\t\t\t<div class=\"elementor-spacer\">\n\t\t\t<div class=\"elementor-spacer-inner\"><\/div>\n\t\t<\/div>\n\t\t\t\t\t\t<\/div>\n\t\t\t\t<\/div>\n\t\t\t\t<div class=\"elementor-element elementor-element-d7c584c elementor-widget elementor-widget-text-editor\" data-id=\"d7c584c\" data-element_type=\"widget\" data-widget_type=\"text-editor.default\">\n\t\t\t\t<div class=\"elementor-widget-container\">\n\t\t\t\t\t\t\t\t\t<h2>Tiedot voimassa olevista todistuksista<\/h2><p>Etsitk\u00f6 voimassa olevia sertifikaatteja? Soita tai l\u00e4het\u00e4 meille s\u00e4hk\u00f6postia, niin saat suoraan vahvistuksen voimassaolosta ja oikeellisuudesta.<\/p><p>Klikkaa alla olevaa painiketta saadaksesi yhteystietomme.<\/p>\t\t\t\t\t\t\t\t<\/div>\n\t\t\t\t<\/div>\n\t\t\t\t<div class=\"elementor-element elementor-element-2366d10 elementor-align-right elementor-widget elementor-widget-button\" data-id=\"2366d10\" data-element_type=\"widget\" data-widget_type=\"button.default\">\n\t\t\t\t<div class=\"elementor-widget-container\">\n\t\t\t\t\t\t\t\t\t<div class=\"elementor-button-wrapper\">\n\t\t\t\t\t<a class=\"elementor-button elementor-button-link elementor-size-lg\" href=\"https:\/\/c1cert.se\/fi\/kontakta-oss\/\" target=\"_blank\">\n\t\t\t\t\t\t<span class=\"elementor-button-content-wrapper\">\n\t\t\t\t\t\t<span class=\"elementor-button-icon\">\n\t\t\t\t<svg aria-hidden=\"true\" class=\"e-font-icon-svg e-far-arrow-alt-circle-right\" viewbox=\"0 0 512 512\" xmlns=\"http:\/\/www.w3.org\/2000\/svg\"><path d=\"M504 256C504 119 393 8 256 8S8 119 8 256s111 248 248 248 248-111 248-248zm-448 0c0-110.5 89.5-200 200-200s200 89.5 200 200-89.5 200-200 200S56 366.5 56 256zm72 20v-40c0-6.6 5.4-12 12-12h116v-67c0-10.7 12.9-16 20.5-8.5l99 99c4.7 4.7 4.7 12.3 0 17l-99 99c-7.6 7.6-20.5 2.2-20.5-8.5v-67H140c-6.6 0-12-5.4-12-12z\"><\/path><\/svg>\t\t\t<\/span>\n\t\t\t\t\t\t\t\t\t<span class=\"elementor-button-text\">LUE LIS\u00c4\u00c4<\/span>\n\t\t\t\t\t<\/span>\n\t\t\t\t\t<\/a>\n\t\t\t\t<\/div>\n\t\t\t\t\t\t\t\t<\/div>\n\t\t\t\t<\/div>\n\t\t\t\t<div class=\"elementor-element elementor-element-6555172 elementor-widget elementor-widget-spacer\" data-id=\"6555172\" data-element_type=\"widget\" data-widget_type=\"spacer.default\">\n\t\t\t\t<div class=\"elementor-widget-container\">\n\t\t\t\t\t\t\t<div class=\"elementor-spacer\">\n\t\t\t<div class=\"elementor-spacer-inner\"><\/div>\n\t\t<\/div>\n\t\t\t\t\t\t<\/div>\n\t\t\t\t<\/div>\n\t\t\t\t\t<\/div>\n\t\t<\/div>\n\t\t\t\t\t<\/div>\n\t\t<\/section>\n\t\t\t\t<section class=\"elementor-section elementor-top-section elementor-element elementor-element-0f31195 elementor-section-boxed elementor-section-height-default elementor-section-height-default\" data-id=\"0f31195\" data-element_type=\"section\" data-settings=\"{&quot;background_background&quot;:&quot;classic&quot;}\">\n\t\t\t\t\t\t<div class=\"elementor-container elementor-column-gap-default\">\n\t\t\t\t\t<div class=\"elementor-column elementor-col-100 elementor-top-column elementor-element elementor-element-43c1efb\" data-id=\"43c1efb\" data-element_type=\"column\">\n\t\t\t<div class=\"elementor-widget-wrap elementor-element-populated\">\n\t\t\t\t\t\t<div class=\"elementor-element elementor-element-5f36582 elementor-widget elementor-widget-spacer\" data-id=\"5f36582\" data-element_type=\"widget\" data-widget_type=\"spacer.default\">\n\t\t\t\t<div class=\"elementor-widget-container\">\n\t\t\t\t\t\t\t<div class=\"elementor-spacer\">\n\t\t\t<div class=\"elementor-spacer-inner\"><\/div>\n\t\t<\/div>\n\t\t\t\t\t\t<\/div>\n\t\t\t\t<\/div>\n\t\t\t\t<div class=\"elementor-element elementor-element-746dc8d elementor-widget__width-initial elementor-widget elementor-widget-text-editor\" data-id=\"746dc8d\" data-element_type=\"widget\" data-widget_type=\"text-editor.default\">\n\t\t\t\t<div class=\"elementor-widget-container\">\n\t\t\t\t\t\t\t\t\t<h2 style=\"font-family: 'Open Sans', sans-serif; color: #494949;\">Todistusten peruuttaminen<\/h2><p>Todistus voidaan peruuttaa v\u00e4liaikaisesti (enint\u00e4\u00e4n 6 kuukautta) tai pysyv\u00e4sti. Varmenteen v\u00e4liaikainen keskeytt\u00e4minen on yleens\u00e4 ensimm\u00e4inen vaihe, jota mahdollisesti seuraa varmenteen pysyv\u00e4 peruuttaminen. Tilanteen vakavuudesta riippuen<br \/>C1 Certification p\u00e4\u00e4tt\u00e4\u00e4 peruuttaa sertifikaatin v\u00e4litt\u00f6m\u00e4sti ja pysyv\u00e4sti. C1 Certificationin valtuutettu henkil\u00f6kunta tekee p\u00e4\u00e4t\u00f6ksen keskeytt\u00e4misest\u00e4 edell\u00e4 mainituissa tilanteissa. T\u00e4m\u00e4 p\u00e4\u00e4t\u00f6s ilmoitetaan asiakkaalle kirjallisesti, mukaan lukien peruutuksen syy ja asiakkaan odotettavissa olevat toimet.<\/p><p>C1 Certification voi aloittaa todistuksen v\u00e4liaikaisen keskeytt\u00e4misen seuraavissa tilanteissa:<\/p><ol><li>Kun sertifioitu johtamisj\u00e4rjestelm\u00e4 ei en\u00e4\u00e4 t\u00e4yt\u00e4 sertifiointivaatimuksia.<\/li><li>Jos sopimusta rikotaan olennaisesti.<\/li><li>Jos asiakas pyyt\u00e4\u00e4 vapaaehtoisesti v\u00e4liaikaista peruutusta.\u00a0<\/li><li>S\u00e4\u00e4d\u00f6slausunnot, jotka voivat vaikuttaa sertifiointiin.<\/li><\/ol><p><br \/>Kun asiakas on selvitt\u00e4nyt tilap\u00e4iseen keskeytykseen johtaneen tilanteen, tarkastelemme asiakkaan toimia uudelleen. Tarkastelun perusteella teemme jonkin seuraavista p\u00e4\u00e4t\u00f6ksist\u00e4, jotka ilmoitetaan asiakkaalle kirjallisesti:\u00a0<\/p><ol><li>Vahvista positiivinen tulos ja palauta todistus. T\u00e4m\u00e4 voidaan tehd\u00e4 enint\u00e4\u00e4n 6 kuukauden kuluessa v\u00e4liaikaisesta keskeytt\u00e4misest\u00e4. Jos p\u00e4\u00e4t\u00f6s tehd\u00e4\u00e4n 6 kuukauden kuluttua v\u00e4liaikaisesta keskeytt\u00e4misest\u00e4, koko sertifiointi on teht\u00e4v\u00e4 uudelleen, mik\u00e4 tarkoittaa, ett\u00e4 sertifiointiprosessin vaiheet 1 ja 2 on suoritettava uudelleen.<\/li><li>L\u00f6yd\u00e4t negatiivisen tuloksen, joka yleens\u00e4 johtaa todistuksen pysyv\u00e4\u00e4n peruuttamiseen.<\/li><li>Kun p\u00e4\u00e4t\u00f6s todistuksen peruuttamisesta tai keskeytt\u00e4misest\u00e4 tehd\u00e4\u00e4n, asiakkaalle ilmoitetaan my\u00f6s oikeudesta valittaa p\u00e4\u00e4t\u00f6ksest\u00e4.<\/li><\/ol>\t\t\t\t\t\t\t\t<\/div>\n\t\t\t\t<\/div>\n\t\t\t\t<div class=\"elementor-element elementor-element-0e3dd44 elementor-widget elementor-widget-spacer\" data-id=\"0e3dd44\" data-element_type=\"widget\" data-widget_type=\"spacer.default\">\n\t\t\t\t<div class=\"elementor-widget-container\">\n\t\t\t\t\t\t\t<div class=\"elementor-spacer\">\n\t\t\t<div class=\"elementor-spacer-inner\"><\/div>\n\t\t<\/div>\n\t\t\t\t\t\t<\/div>\n\t\t\t\t<\/div>\n\t\t\t\t\t<\/div>\n\t\t<\/div>\n\t\t\t\t\t<\/div>\n\t\t<\/section>\n\t\t\t\t<\/div>","protected":false},"excerpt":{"rendered":"<p>Sertifiointiprosessi Miten se toimii? Ty\u00f6si kohti sertifiointia Sinun on rakennettava ja toteutettava johtamisj\u00e4rjestelm\u00e4 sen standardin (standardien) kriteerien perusteella, jota (joita) vastaan sertifioidaan. T\u00e4h\u00e4n sis\u00e4ltyy organisaatiosi tavoitteiden ja p\u00e4\u00e4prosessien tunnistaminen, sen varmistaminen, ett\u00e4 n\u00e4it\u00e4 prosesseja hallitaan asianmukaisesti ja ett\u00e4 ne ovat mukana toiminnassasi, sek\u00e4 sidosryhmien ja niiden vaatimusten tunnistaminen.<\/p>","protected":false},"author":7,"featured_media":0,"parent":0,"menu_order":0,"comment_status":"closed","ping_status":"closed","template":"","meta":{"_acf_changed":false,"footnotes":""},"class_list":["post-3446","page","type-page","status-publish","hentry"],"acf":[],"_links":{"self":[{"href":"https:\/\/c1cert.se\/fi\/wp-json\/wp\/v2\/pages\/3446"}],"collection":[{"href":"https:\/\/c1cert.se\/fi\/wp-json\/wp\/v2\/pages"}],"about":[{"href":"https:\/\/c1cert.se\/fi\/wp-json\/wp\/v2\/types\/page"}],"author":[{"embeddable":true,"href":"https:\/\/c1cert.se\/fi\/wp-json\/wp\/v2\/users\/7"}],"replies":[{"embeddable":true,"href":"https:\/\/c1cert.se\/fi\/wp-json\/wp\/v2\/comments?post=3446"}],"version-history":[{"count":10,"href":"https:\/\/c1cert.se\/fi\/wp-json\/wp\/v2\/pages\/3446\/revisions"}],"predecessor-version":[{"id":4273,"href":"https:\/\/c1cert.se\/fi\/wp-json\/wp\/v2\/pages\/3446\/revisions\/4273"}],"wp:attachment":[{"href":"https:\/\/c1cert.se\/fi\/wp-json\/wp\/v2\/media?parent=3446"}],"curies":[{"name":"wp","href":"https:\/\/api.w.org\/{rel}","templated":true}]}}