{"id":3661,"date":"2025-01-19T07:55:56","date_gmt":"2025-01-19T07:55:56","guid":{"rendered":"https:\/\/c1cert.se\/?page_id=3661"},"modified":"2026-04-06T12:55:06","modified_gmt":"2026-04-06T12:55:06","slug":"grundkurs-i-informationssakerhet","status":"publish","type":"page","link":"https:\/\/c1cert.se\/fi\/grundkurs-i-informationssakerhet\/","title":{"rendered":"Tietoturvan peruskurssi"},"content":{"rendered":"<div data-elementor-type=\"wp-page\" data-elementor-id=\"3661\" class=\"elementor elementor-3661\" data-elementor-post-type=\"page\">\n\t\t\t\t\t\t<section class=\"elementor-section elementor-top-section elementor-element elementor-element-35c2a10 elementor-section-height-min-height elementor-section-items-bottom elementor-section-full_width elementor-section-height-default\" data-id=\"35c2a10\" data-element_type=\"section\" data-settings=\"{&quot;background_background&quot;:&quot;classic&quot;}\">\n\t\t\t\t\t\t\t<div class=\"elementor-background-overlay\"><\/div>\n\t\t\t\t\t\t\t<div class=\"elementor-container elementor-column-gap-default\">\n\t\t\t\t\t<div class=\"elementor-column elementor-col-100 elementor-top-column elementor-element elementor-element-f46f24f\" data-id=\"f46f24f\" data-element_type=\"column\">\n\t\t\t<div class=\"elementor-widget-wrap elementor-element-populated\">\n\t\t\t\t\t\t<section class=\"elementor-section elementor-inner-section elementor-element elementor-element-44d3b30 elementor-section-boxed elementor-section-height-default elementor-section-height-default\" data-id=\"44d3b30\" data-element_type=\"section\">\n\t\t\t\t\t\t<div class=\"elementor-container elementor-column-gap-default\">\n\t\t\t\t\t<div class=\"elementor-column elementor-col-100 elementor-inner-column elementor-element elementor-element-4cdf33f\" data-id=\"4cdf33f\" data-element_type=\"column\">\n\t\t\t<div class=\"elementor-widget-wrap elementor-element-populated\">\n\t\t\t\t\t\t<div class=\"elementor-element elementor-element-83af311 elementor-widget elementor-widget-text-editor\" data-id=\"83af311\" data-element_type=\"widget\" data-widget_type=\"text-editor.default\">\n\t\t\t\t<div class=\"elementor-widget-container\">\n\t\t\t\t\t\t\t\t\t<h1>Tietoturva<\/h1>\t\t\t\t\t\t\t\t<\/div>\n\t\t\t\t<\/div>\n\t\t\t\t\t<\/div>\n\t\t<\/div>\n\t\t\t\t\t<\/div>\n\t\t<\/section>\n\t\t\t\t\t<\/div>\n\t\t<\/div>\n\t\t\t\t\t<\/div>\n\t\t<\/section>\n\t\t\t\t<section class=\"elementor-section elementor-top-section elementor-element elementor-element-e61f17b elementor-section-boxed elementor-section-height-default elementor-section-height-default\" data-id=\"e61f17b\" data-element_type=\"section\">\n\t\t\t\t\t\t<div class=\"elementor-container elementor-column-gap-default\">\n\t\t\t\t\t<div class=\"elementor-column elementor-col-100 elementor-top-column elementor-element elementor-element-3b32810\" data-id=\"3b32810\" data-element_type=\"column\">\n\t\t\t<div class=\"elementor-widget-wrap elementor-element-populated\">\n\t\t\t\t\t\t<div class=\"elementor-element elementor-element-4527cf3 elementor-widget elementor-widget-spacer\" data-id=\"4527cf3\" data-element_type=\"widget\" data-widget_type=\"spacer.default\">\n\t\t\t\t<div class=\"elementor-widget-container\">\n\t\t\t\t\t\t\t<div class=\"elementor-spacer\">\n\t\t\t<div class=\"elementor-spacer-inner\"><\/div>\n\t\t<\/div>\n\t\t\t\t\t\t<\/div>\n\t\t\t\t<\/div>\n\t\t\t\t<div class=\"elementor-element elementor-element-7476a21 elementor-widget elementor-widget-text-editor\" data-id=\"7476a21\" data-element_type=\"widget\" data-widget_type=\"text-editor.default\">\n\t\t\t\t<div class=\"elementor-widget-container\">\n\t\t\t\t\t\t\t\t\t<h2 class=\"p1\">ISO27001:2022-s\u00e4\u00e4ti\u00f6kurssi - Aloita matka kohti tietoturvaa.<\/h2>\n<p class=\"p1\">ISO27001:2022-peruskurssimme tarjoaa perusteellisen ymm\u00e4rryksen siit\u00e4, miten tietoturvallisuuden hallintaj\u00e4rjestelm\u00e4 suunnitellaan, toteutetaan ja kehitet\u00e4\u00e4n. Kurssi j\u00e4rjestet\u00e4\u00e4n kahtena per\u00e4kk\u00e4isen\u00e4 p\u00e4iv\u00e4n\u00e4 paikan p\u00e4\u00e4ll\u00e4 Tukholman keskustassa sijaitsevassa toimistossamme.<\/p>\n<h2 class=\"p1\">Sis\u00e4lt\u00f6 ja tavoitteet<\/h2>\n<p class=\"p1\">Kurssin aikana saat perusteellisen ymm\u00e4rryksen ISO27001- ja ISO27002-standardeista, kuten siit\u00e4, miksi tietoturva on t\u00e4rke\u00e4\u00e4 organisaatiollesi, miten hallintaj\u00e4rjestelm\u00e4 toimii ja miten se liittyy sertifiointiin. Saat my\u00f6s tietoa yleisimmist\u00e4 tietoturvauhkista ja siit\u00e4, miten niit\u00e4 voidaan hallita tehokkaasti. Kurssilla k\u00e4sitell\u00e4\u00e4n my\u00f6s standardin rakennetta, riskien arviointia ja riskienhallinnan soveltamista sek\u00e4 valvontatavoitteita ja niihin liittyvi\u00e4 toimintasuunnitelmia organisaatiossasi sek\u00e4 NIS2:n ja GDPR:n merkityst\u00e4 tietoturvan kannalta.<\/p>\n<p class=\"p1\">Kaikki kurssilaiset saavat kurssitodistuksen ohjelman p\u00e4\u00e4tytty\u00e4.<\/p>\n<h2 class=\"p1\">K\u00e4yt\u00e4nn\u00f6n tietoja<\/h2>\n<p class=\"p1\">Sijainti: C1 Certificationin toimisto osoitteessa Olof Palmes Gata 29, 111 22, Tukholma.<\/p>\n<p class=\"p1\">Aika: 20\/21 lokakuuta 2026, 9:00-17:00.<\/p>\n<p class=\"p1\">Hinta: 15 800 kruunua 1 henkil\u00f6lt\u00e4, 23 700 kruunua 2 henkil\u00f6lt\u00e4.<\/p>\n<p class=\"p1\">Ilmoittautumisen m\u00e4\u00e4r\u00e4aika: 13. maaliskuuta<\/p>\n<p class=\"p1\">Hintaan sis\u00e4ltyy: kurssimateriaali, kurssitodistus, kahvi ja lounas.<\/p>\n<p>Muuta: Voidaan toteuttaa my\u00f6s yrityksen sis\u00e4ll\u00e4, eli paikan p\u00e4\u00e4ll\u00e4 tiloissanne.<\/p>\n<h2 class=\"p1\">Kurssin johtaja<\/h2>\n<p class=\"p1\">Patrik Frykman, tietoturvan ja ISO-standardien kokenut asiantuntija, jakaa k\u00e4yt\u00e4nn\u00f6n n\u00e4kemyksi\u00e4 ja ty\u00f6kaluja, joiden avulla voit menesty\u00e4 tietoturvassa.<\/p>\t\t\t\t\t\t\t\t<\/div>\n\t\t\t\t<\/div>\n\t\t\t\t<div class=\"elementor-element elementor-element-e109e1a elementor-widget elementor-widget-spacer\" data-id=\"e109e1a\" data-element_type=\"widget\" data-widget_type=\"spacer.default\">\n\t\t\t\t<div class=\"elementor-widget-container\">\n\t\t\t\t\t\t\t<div class=\"elementor-spacer\">\n\t\t\t<div class=\"elementor-spacer-inner\"><\/div>\n\t\t<\/div>\n\t\t\t\t\t\t<\/div>\n\t\t\t\t<\/div>\n\t\t\t\t\t<\/div>\n\t\t<\/div>\n\t\t\t\t\t<\/div>\n\t\t<\/section>\n\t\t\t\t<\/div>","protected":false},"excerpt":{"rendered":"<p>Tietoturvallisuuden peruskurssi ISO27001:2022 - Aloita matka kohti tietoturvaa ISO27001:2022 -peruskurssimme tarjoaa perusteellisen ymm\u00e4rryksen siit\u00e4, miten tietoturvallisuuden hallintaj\u00e4rjestelm\u00e4 suunnitellaan, toteutetaan ja kehitet\u00e4\u00e4n. Kurssi j\u00e4rjestet\u00e4\u00e4n kahtena per\u00e4kk\u00e4isen\u00e4 p\u00e4iv\u00e4n\u00e4 paikan p\u00e4\u00e4ll\u00e4 toimistollamme Tukholman keskustassa. Sis\u00e4lt\u00f6 ja tavoitteet Kurssin aikana saat perusteellisen ymm\u00e4rryksen [...]<\/p>","protected":false},"author":7,"featured_media":0,"parent":0,"menu_order":0,"comment_status":"closed","ping_status":"closed","template":"","meta":{"_acf_changed":false,"footnotes":""},"class_list":["post-3661","page","type-page","status-publish","hentry"],"acf":[],"_links":{"self":[{"href":"https:\/\/c1cert.se\/fi\/wp-json\/wp\/v2\/pages\/3661"}],"collection":[{"href":"https:\/\/c1cert.se\/fi\/wp-json\/wp\/v2\/pages"}],"about":[{"href":"https:\/\/c1cert.se\/fi\/wp-json\/wp\/v2\/types\/page"}],"author":[{"embeddable":true,"href":"https:\/\/c1cert.se\/fi\/wp-json\/wp\/v2\/users\/7"}],"replies":[{"embeddable":true,"href":"https:\/\/c1cert.se\/fi\/wp-json\/wp\/v2\/comments?post=3661"}],"version-history":[{"count":39,"href":"https:\/\/c1cert.se\/fi\/wp-json\/wp\/v2\/pages\/3661\/revisions"}],"predecessor-version":[{"id":4309,"href":"https:\/\/c1cert.se\/fi\/wp-json\/wp\/v2\/pages\/3661\/revisions\/4309"}],"wp:attachment":[{"href":"https:\/\/c1cert.se\/fi\/wp-json\/wp\/v2\/media?parent=3661"}],"curies":[{"name":"wp","href":"https:\/\/api.w.org\/{rel}","templated":true}]}}