{"id":3735,"date":"2025-03-02T20:26:27","date_gmt":"2025-03-02T20:26:27","guid":{"rendered":"https:\/\/c1cert.se\/?page_id=3735"},"modified":"2026-04-06T12:56:06","modified_gmt":"2026-04-06T12:56:06","slug":"grundkurs-i-internrevision","status":"publish","type":"page","link":"https:\/\/c1cert.se\/fi\/grundkurs-i-internrevision\/","title":{"rendered":"Sis\u00e4isen tarkastuksen peruskurssi"},"content":{"rendered":"<div data-elementor-type=\"wp-page\" data-elementor-id=\"3735\" class=\"elementor elementor-3735\" data-elementor-post-type=\"page\">\n\t\t\t\t\t\t<section class=\"elementor-section elementor-top-section elementor-element elementor-element-79d7742 elementor-section-height-min-height elementor-section-items-bottom elementor-section-full_width elementor-section-height-default\" data-id=\"79d7742\" data-element_type=\"section\" data-settings=\"{&quot;background_background&quot;:&quot;classic&quot;}\">\n\t\t\t\t\t\t\t<div class=\"elementor-background-overlay\"><\/div>\n\t\t\t\t\t\t\t<div class=\"elementor-container elementor-column-gap-default\">\n\t\t\t\t\t<div class=\"elementor-column elementor-col-100 elementor-top-column elementor-element elementor-element-b52c967\" data-id=\"b52c967\" data-element_type=\"column\">\n\t\t\t<div class=\"elementor-widget-wrap elementor-element-populated\">\n\t\t\t\t\t\t<section class=\"elementor-section elementor-inner-section elementor-element elementor-element-aa50b0c elementor-section-boxed elementor-section-height-default elementor-section-height-default\" data-id=\"aa50b0c\" data-element_type=\"section\">\n\t\t\t\t\t\t<div class=\"elementor-container elementor-column-gap-default\">\n\t\t\t\t\t<div class=\"elementor-column elementor-col-100 elementor-inner-column elementor-element elementor-element-8794913\" data-id=\"8794913\" data-element_type=\"column\">\n\t\t\t<div class=\"elementor-widget-wrap elementor-element-populated\">\n\t\t\t\t\t\t<div class=\"elementor-element elementor-element-24c6e61 elementor-widget elementor-widget-text-editor\" data-id=\"24c6e61\" data-element_type=\"widget\" data-widget_type=\"text-editor.default\">\n\t\t\t\t<div class=\"elementor-widget-container\">\n\t\t\t\t\t\t\t\t\t<h1>Sis\u00e4isen tarkastuksen peruskurssi<\/h1>\t\t\t\t\t\t\t\t<\/div>\n\t\t\t\t<\/div>\n\t\t\t\t\t<\/div>\n\t\t<\/div>\n\t\t\t\t\t<\/div>\n\t\t<\/section>\n\t\t\t\t\t<\/div>\n\t\t<\/div>\n\t\t\t\t\t<\/div>\n\t\t<\/section>\n\t\t\t\t<section class=\"elementor-section elementor-top-section elementor-element elementor-element-d94d896 elementor-section-boxed elementor-section-height-default elementor-section-height-default\" data-id=\"d94d896\" data-element_type=\"section\">\n\t\t\t\t\t\t<div class=\"elementor-container elementor-column-gap-default\">\n\t\t\t\t\t<div class=\"elementor-column elementor-col-100 elementor-top-column elementor-element elementor-element-bb82895\" data-id=\"bb82895\" data-element_type=\"column\">\n\t\t\t<div class=\"elementor-widget-wrap elementor-element-populated\">\n\t\t\t\t\t\t<div class=\"elementor-element elementor-element-fc9f833 elementor-widget elementor-widget-spacer\" data-id=\"fc9f833\" data-element_type=\"widget\" data-widget_type=\"spacer.default\">\n\t\t\t\t<div class=\"elementor-widget-container\">\n\t\t\t\t\t\t\t<div class=\"elementor-spacer\">\n\t\t\t<div class=\"elementor-spacer-inner\"><\/div>\n\t\t<\/div>\n\t\t\t\t\t\t<\/div>\n\t\t\t\t<\/div>\n\t\t\t\t<div class=\"elementor-element elementor-element-9df153b elementor-widget elementor-widget-text-editor\" data-id=\"9df153b\" data-element_type=\"widget\" data-widget_type=\"text-editor.default\">\n\t\t\t\t<div class=\"elementor-widget-container\">\n\t\t\t\t\t\t\t\t\t<h2>Aloita matka kohti sis\u00e4ist\u00e4 tarkastusta<\/h2>\n<p>Suosittu peruskoulutuksemme tuleville sis\u00e4isille tarkastajille antaa syv\u00e4llisen k\u00e4sityksen sis\u00e4isen tarkastuksen roolista ja toteuttamisesta. Kurssi toteutetaan joko kokonaan et\u00e4n\u00e4 Teamsin kautta ja jaetaan kolmeen noin kolmituntiseen istuntoon, joiden v\u00e4liss\u00e4 on viikon v\u00e4li, tai yhden p\u00e4iv\u00e4n luokkahuonekoulutuksena Tukholman keskustassa sijaitsevassa toimistossamme.&nbsp;<\/p>\n<h2>Sis\u00e4lt\u00f6 ja tavoitteet<\/h2>\n<p>Opit sis\u00e4isen auditoinnin perusteet, kuten mit\u00e4 standardi ja johtamisj\u00e4rjestelm\u00e4 ovat, miten akkreditointi ja sertifiointi toimivat sek\u00e4 auditoinnin tarkoituksen ja erityyppiset auditoinnit. Keskustelemme my\u00f6s standardien tarkoituksista organisaatiosi kannalta. Saat yleiskatsauksen ISO-standardeista, mukaan lukien ISO 9001, ISO 14001 ja ISO 45001, ja n\u00e4iden standardien yhteisist\u00e4 elementeist\u00e4. Tutustumme seitsem\u00e4\u00e4n johtamisperiaatteeseen ja niiden yhteyteen standardin vaatimuksiin sek\u00e4 siihen, miten johtamisperiaatteita ja kypsyysmallia voidaan soveltaa organisaatiossasi. Sis\u00e4isen auditoinnin toteuttamisen osalta k\u00e4sittelemme sis\u00e4isen auditoinnin suunnittelua, toteuttamista ja raportointia. Opit my\u00f6s onnistuneita retoriikka- ja haastattelutekniikoita, joissa keskityt\u00e4\u00e4n vuoropuheluun ja luottamukseen, sek\u00e4 vinkkej\u00e4 kysymyksiin ja haettuihin todisteisiin. Lopuksi keskustelemme siit\u00e4, miten vaatimustenvastaisuudet voidaan ilmaista arvokkaasti.<\/p>\n<p>Kaikki kurssilaiset saavat kurssitodistuksen ohjelman p\u00e4\u00e4tytty\u00e4.&nbsp;<\/p>\n<h2>K\u00e4yt\u00e4nn\u00f6n tietoja<\/h2>\n<p>Sijainti: Online<\/p>\n<p><span style=\"color: var( --e-global-color-text );\">Aika: 7. syyskuuta, 14. syyskuuta ja 21. syyskuuta 2026,&nbsp;<\/span>9.00 - 12:00<\/p>\n<p><b>Koulutuksen hinta:<\/b><\/p>\n<p>Hinta: 5 900 kruunua&nbsp;<\/p>\n<p>Hintaan sis\u00e4ltyy: Digitaalinen kurssimateriaali ja kurssitodistus.<\/p>\n<p>Muuta: Voidaan toteuttaa my\u00f6s yrityksen sis\u00e4ll\u00e4, eli paikan p\u00e4\u00e4ll\u00e4 tiloissanne.<\/p>\n<h2>Kurssin johtaja<\/h2>\n<p>Vanhempi kouluttaja\/tilintarkastusjohtaja ja entinen yritysjohtaja jakaa k\u00e4yt\u00e4nn\u00f6n n\u00e4kemyksi\u00e4 ja ty\u00f6kaluja, joiden avulla voit toteuttaa tehokkaan ja arvoa luovan sis\u00e4isen tarkastuksen.<\/p>\t\t\t\t\t\t\t\t<\/div>\n\t\t\t\t<\/div>\n\t\t\t\t<div class=\"elementor-element elementor-element-6de5841 elementor-widget elementor-widget-spacer\" data-id=\"6de5841\" data-element_type=\"widget\" data-widget_type=\"spacer.default\">\n\t\t\t\t<div class=\"elementor-widget-container\">\n\t\t\t\t\t\t\t<div class=\"elementor-spacer\">\n\t\t\t<div class=\"elementor-spacer-inner\"><\/div>\n\t\t<\/div>\n\t\t\t\t\t\t<\/div>\n\t\t\t\t<\/div>\n\t\t\t\t\t<\/div>\n\t\t<\/div>\n\t\t\t\t\t<\/div>\n\t\t<\/section>\n\t\t\t\t<\/div>","protected":false},"excerpt":{"rendered":"<p>Sis\u00e4isen tarkastuksen peruskurssi Aloita matkasi sis\u00e4isen tarkastuksen pariin Suosittu peruskoulutuksemme tuleville sis\u00e4isille tarkastajille tarjoaa syv\u00e4llisen ymm\u00e4rryksen sis\u00e4isen tarkastuksen roolista ja toteutuksesta. Kurssi toteutetaan joko kokonaan et\u00e4n\u00e4 Teamsin kautta, jolloin se jaetaan kolmeen noin kolmen tunnin tilaisuuteen viikon v\u00e4lein, tai yhten\u00e4 p\u00e4iv\u00e4n luokkahuoneopetuksena [\u2026]<\/p>","protected":false},"author":7,"featured_media":0,"parent":0,"menu_order":0,"comment_status":"closed","ping_status":"closed","template":"","meta":{"_acf_changed":false,"footnotes":""},"class_list":["post-3735","page","type-page","status-publish","hentry"],"acf":[],"_links":{"self":[{"href":"https:\/\/c1cert.se\/fi\/wp-json\/wp\/v2\/pages\/3735"}],"collection":[{"href":"https:\/\/c1cert.se\/fi\/wp-json\/wp\/v2\/pages"}],"about":[{"href":"https:\/\/c1cert.se\/fi\/wp-json\/wp\/v2\/types\/page"}],"author":[{"embeddable":true,"href":"https:\/\/c1cert.se\/fi\/wp-json\/wp\/v2\/users\/7"}],"replies":[{"embeddable":true,"href":"https:\/\/c1cert.se\/fi\/wp-json\/wp\/v2\/comments?post=3735"}],"version-history":[{"count":40,"href":"https:\/\/c1cert.se\/fi\/wp-json\/wp\/v2\/pages\/3735\/revisions"}],"predecessor-version":[{"id":4312,"href":"https:\/\/c1cert.se\/fi\/wp-json\/wp\/v2\/pages\/3735\/revisions\/4312"}],"wp:attachment":[{"href":"https:\/\/c1cert.se\/fi\/wp-json\/wp\/v2\/media?parent=3735"}],"curies":[{"name":"wp","href":"https:\/\/api.w.org\/{rel}","templated":true}]}}