{"id":3821,"date":"2025-04-27T18:38:06","date_gmt":"2025-04-27T18:38:06","guid":{"rendered":"https:\/\/c1cert.se\/?page_id=3821"},"modified":"2026-04-06T12:57:48","modified_gmt":"2026-04-06T12:57:48","slug":"fortsattningskurs-i-informationssakerhet","status":"publish","type":"page","link":"https:\/\/c1cert.se\/fi\/fortsattningskurs-i-informationssakerhet\/","title":{"rendered":"Tietoturvan jatkokurssi"},"content":{"rendered":"<div data-elementor-type=\"wp-page\" data-elementor-id=\"3821\" class=\"elementor elementor-3821\" data-elementor-post-type=\"page\">\n\t\t\t\t\t\t<section class=\"elementor-section elementor-top-section elementor-element elementor-element-2489570 elementor-section-height-min-height elementor-section-items-bottom elementor-section-full_width elementor-section-height-default\" data-id=\"2489570\" data-element_type=\"section\" data-settings=\"{&quot;background_background&quot;:&quot;classic&quot;}\">\n\t\t\t\t\t\t\t<div class=\"elementor-background-overlay\"><\/div>\n\t\t\t\t\t\t\t<div class=\"elementor-container elementor-column-gap-default\">\n\t\t\t\t\t<div class=\"elementor-column elementor-col-100 elementor-top-column elementor-element elementor-element-d312a58\" data-id=\"d312a58\" data-element_type=\"column\">\n\t\t\t<div class=\"elementor-widget-wrap elementor-element-populated\">\n\t\t\t\t\t\t<section class=\"elementor-section elementor-inner-section elementor-element elementor-element-e07f422 elementor-section-boxed elementor-section-height-default elementor-section-height-default\" data-id=\"e07f422\" data-element_type=\"section\">\n\t\t\t\t\t\t<div class=\"elementor-container elementor-column-gap-default\">\n\t\t\t\t\t<div class=\"elementor-column elementor-col-100 elementor-inner-column elementor-element elementor-element-b99b2b1\" data-id=\"b99b2b1\" data-element_type=\"column\">\n\t\t\t<div class=\"elementor-widget-wrap elementor-element-populated\">\n\t\t\t\t\t\t<div class=\"elementor-element elementor-element-e157c77 elementor-widget elementor-widget-text-editor\" data-id=\"e157c77\" data-element_type=\"widget\" data-widget_type=\"text-editor.default\">\n\t\t\t\t<div class=\"elementor-widget-container\">\n\t\t\t\t\t\t\t\t\t<h1>Tietoturva<\/h1>\t\t\t\t\t\t\t\t<\/div>\n\t\t\t\t<\/div>\n\t\t\t\t\t<\/div>\n\t\t<\/div>\n\t\t\t\t\t<\/div>\n\t\t<\/section>\n\t\t\t\t\t<\/div>\n\t\t<\/div>\n\t\t\t\t\t<\/div>\n\t\t<\/section>\n\t\t\t\t<section class=\"elementor-section elementor-top-section elementor-element elementor-element-ca1a621 elementor-section-boxed elementor-section-height-default elementor-section-height-default\" data-id=\"ca1a621\" data-element_type=\"section\">\n\t\t\t\t\t\t<div class=\"elementor-container elementor-column-gap-default\">\n\t\t\t\t\t<div class=\"elementor-column elementor-col-100 elementor-top-column elementor-element elementor-element-9b383be\" data-id=\"9b383be\" data-element_type=\"column\">\n\t\t\t<div class=\"elementor-widget-wrap elementor-element-populated\">\n\t\t\t\t\t\t<div class=\"elementor-element elementor-element-e2cfff6 elementor-widget elementor-widget-spacer\" data-id=\"e2cfff6\" data-element_type=\"widget\" data-widget_type=\"spacer.default\">\n\t\t\t\t<div class=\"elementor-widget-container\">\n\t\t\t\t\t\t\t<div class=\"elementor-spacer\">\n\t\t\t<div class=\"elementor-spacer-inner\"><\/div>\n\t\t<\/div>\n\t\t\t\t\t\t<\/div>\n\t\t\t\t<\/div>\n\t\t\t\t<div class=\"elementor-element elementor-element-73bedc1 elementor-widget elementor-widget-text-editor\" data-id=\"73bedc1\" data-element_type=\"widget\" data-widget_type=\"text-editor.default\">\n\t\t\t\t<div class=\"elementor-widget-container\">\n\t\t\t\t\t\t\t\t\t<h2>ISO27001:2022 Jatkokurssi - Soveltuvuusselvityksen (SoA) syvent\u00e4v\u00e4 koulutus.<\/h2>\n<p>T\u00e4m\u00e4 jatkokurssi on suunnattu niille, joilla on jo perusymm\u00e4rrys ISO27001:2022:sta ja jotka haluavat syvent\u00e4\u00e4 tiet\u00e4myst\u00e4\u00e4n yhdest\u00e4 standardin keskeisimm\u00e4st\u00e4 asiakirjasta - Soveltuvuusselvityksest\u00e4 (Statement of Applicability, SoA). Kurssi toteutetaan digitaalisesti koko p\u00e4iv\u00e4n ajan, ja siin\u00e4 keskityt\u00e4\u00e4n k\u00e4yt\u00e4nn\u00f6n soveltamiseen ja syvemp\u00e4\u00e4n ymm\u00e4rrykseen.<\/p>\n<h2>Sis\u00e4lt\u00f6 ja tavoitteet<\/h2>\n<p>Kurssin aikana k\u00e4ymme l\u00e4pi, milt\u00e4 tehokas ja oikein suunniteltu SoA n\u00e4ytt\u00e4\u00e4, mitk\u00e4 ovat standardin vaatimukset ja miten se voi toimia organisaation tietoturvaty\u00f6n keskeisen\u00e4 ohjausasiakirjana. Kurssi sis\u00e4lt\u00e4\u00e4 k\u00e4yt\u00e4nn\u00f6n harjoituksia ja osallistavia keskusteluja, joiden avulla voit yhdist\u00e4\u00e4 teorian ja k\u00e4yt\u00e4nn\u00f6n omassa organisaatiossasi.<\/p>\n<p>Perehdymme seuraaviin aiheisiin: SoA:n tarkoitus ja sen rooli ISO27001:2022:ssa, miten valvontakeinot valitaan ja miten niiden soveltuvuus perustellaan, k\u00e4yt\u00e4nn\u00f6n esimerkkej\u00e4 ja yleisi\u00e4 sudenkuoppia, miten SoA liittyy riskien arviointiin ja riskienhallintaan, SoA:n k\u00e4ytt\u00f6 auditoinnin ja sertifioinnin yhteydess\u00e4 sek\u00e4 SoA:n, ISO27002:n ja muiden ohjaavien asiakirjojen v\u00e4linen suhde.<\/p>\n<p>Kaikki kurssilaiset saavat kurssitodistuksen ohjelman p\u00e4\u00e4tytty\u00e4.<\/p>\n<h2>K\u00e4yt\u00e4nn\u00f6n tietoja<\/h2>\n<p>Sijainti: Digital<\/p>\n<p>Aika: P\u00e4iv\u00e4m\u00e4\u00e4r\u00e4 vahvistuu pian, ilmoita kiinnostuksestasi<\/p>\n<p>Viimeinen ilmoittautumisp\u00e4iv\u00e4:&nbsp;<\/p>\n<p>Hinta: SEK 6.900:-<\/p>\n<p>Muuta: Voidaan toteuttaa my\u00f6s yrityksen sis\u00e4ll\u00e4, eli paikan p\u00e4\u00e4ll\u00e4 tiloissanne.<\/p>\n<h2>Kurssin johtaja<\/h2>\n<p>Patrik Frykman, tietoturvan ja ISO-standardien kokenut asiantuntija, jakaa k\u00e4yt\u00e4nn\u00f6n n\u00e4kemyksi\u00e4 ja ty\u00f6kaluja, joiden avulla voit menesty\u00e4 tietoturvassa.<\/p>\t\t\t\t\t\t\t\t<\/div>\n\t\t\t\t<\/div>\n\t\t\t\t<div class=\"elementor-element elementor-element-6631afe elementor-widget elementor-widget-spacer\" data-id=\"6631afe\" data-element_type=\"widget\" data-widget_type=\"spacer.default\">\n\t\t\t\t<div class=\"elementor-widget-container\">\n\t\t\t\t\t\t\t<div class=\"elementor-spacer\">\n\t\t\t<div class=\"elementor-spacer-inner\"><\/div>\n\t\t<\/div>\n\t\t\t\t\t\t<\/div>\n\t\t\t\t<\/div>\n\t\t\t\t\t<\/div>\n\t\t<\/div>\n\t\t\t\t\t<\/div>\n\t\t<\/section>\n\t\t\t\t<\/div>","protected":false},"excerpt":{"rendered":"<p>Tietoturva Jatkokurssi ISO27001:2022 - Soveltuvuusselvityksen (SoA) syvent\u00e4minen T\u00e4m\u00e4 jatkokurssi on tarkoitettu niille, joilla on jo perusymm\u00e4rrys ISO27001:2022:sta ja jotka haluavat syvent\u00e4\u00e4 tiet\u00e4myst\u00e4\u00e4n yhdest\u00e4 standardin keskeisimm\u00e4st\u00e4 asiakirjasta - soveltuvuusselvityksest\u00e4 (SoA). Kurssi toteutetaan digitaalisesti koko p\u00e4iv\u00e4n ajan, ja siin\u00e4 keskityt\u00e4\u00e4n k\u00e4yt\u00e4nn\u00f6n soveltamiseen [...]<\/p>","protected":false},"author":7,"featured_media":0,"parent":0,"menu_order":0,"comment_status":"closed","ping_status":"closed","template":"","meta":{"_acf_changed":false,"footnotes":""},"class_list":["post-3821","page","type-page","status-publish","hentry"],"acf":[],"_links":{"self":[{"href":"https:\/\/c1cert.se\/fi\/wp-json\/wp\/v2\/pages\/3821"}],"collection":[{"href":"https:\/\/c1cert.se\/fi\/wp-json\/wp\/v2\/pages"}],"about":[{"href":"https:\/\/c1cert.se\/fi\/wp-json\/wp\/v2\/types\/page"}],"author":[{"embeddable":true,"href":"https:\/\/c1cert.se\/fi\/wp-json\/wp\/v2\/users\/7"}],"replies":[{"embeddable":true,"href":"https:\/\/c1cert.se\/fi\/wp-json\/wp\/v2\/comments?post=3821"}],"version-history":[{"count":28,"href":"https:\/\/c1cert.se\/fi\/wp-json\/wp\/v2\/pages\/3821\/revisions"}],"predecessor-version":[{"id":4315,"href":"https:\/\/c1cert.se\/fi\/wp-json\/wp\/v2\/pages\/3821\/revisions\/4315"}],"wp:attachment":[{"href":"https:\/\/c1cert.se\/fi\/wp-json\/wp\/v2\/media?parent=3821"}],"curies":[{"name":"wp","href":"https:\/\/api.w.org\/{rel}","templated":true}]}}