{"id":3831,"date":"2025-04-27T18:51:23","date_gmt":"2025-04-27T18:51:23","guid":{"rendered":"https:\/\/c1cert.se\/?page_id=3831"},"modified":"2026-04-06T12:58:26","modified_gmt":"2026-04-06T12:58:26","slug":"fortsattningskurs-i-internrevision","status":"publish","type":"page","link":"https:\/\/c1cert.se\/fi\/fortsattningskurs-i-internrevision\/","title":{"rendered":"Sis\u00e4isen tarkastuksen jatkokurssi"},"content":{"rendered":"<div data-elementor-type=\"wp-page\" data-elementor-id=\"3831\" class=\"elementor elementor-3831\" data-elementor-post-type=\"page\">\n\t\t\t\t\t\t<section class=\"elementor-section elementor-top-section elementor-element elementor-element-84c74f7 elementor-section-height-min-height elementor-section-items-bottom elementor-section-full_width elementor-section-height-default\" data-id=\"84c74f7\" data-element_type=\"section\" data-settings=\"{&quot;background_background&quot;:&quot;classic&quot;}\">\n\t\t\t\t\t\t\t<div class=\"elementor-background-overlay\"><\/div>\n\t\t\t\t\t\t\t<div class=\"elementor-container elementor-column-gap-default\">\n\t\t\t\t\t<div class=\"elementor-column elementor-col-100 elementor-top-column elementor-element elementor-element-814164b\" data-id=\"814164b\" data-element_type=\"column\">\n\t\t\t<div class=\"elementor-widget-wrap elementor-element-populated\">\n\t\t\t\t\t\t<section class=\"elementor-section elementor-inner-section elementor-element elementor-element-7bef7ef elementor-section-boxed elementor-section-height-default elementor-section-height-default\" data-id=\"7bef7ef\" data-element_type=\"section\">\n\t\t\t\t\t\t<div class=\"elementor-container elementor-column-gap-default\">\n\t\t\t\t\t<div class=\"elementor-column elementor-col-100 elementor-inner-column elementor-element elementor-element-ed0dac2\" data-id=\"ed0dac2\" data-element_type=\"column\">\n\t\t\t<div class=\"elementor-widget-wrap elementor-element-populated\">\n\t\t\t\t\t\t<div class=\"elementor-element elementor-element-d7ce168 elementor-widget elementor-widget-text-editor\" data-id=\"d7ce168\" data-element_type=\"widget\" data-widget_type=\"text-editor.default\">\n\t\t\t\t<div class=\"elementor-widget-container\">\n\t\t\t\t\t\t\t\t\t<h1>Sis\u00e4inen tarkastus<\/h1>\t\t\t\t\t\t\t\t<\/div>\n\t\t\t\t<\/div>\n\t\t\t\t\t<\/div>\n\t\t<\/div>\n\t\t\t\t\t<\/div>\n\t\t<\/section>\n\t\t\t\t\t<\/div>\n\t\t<\/div>\n\t\t\t\t\t<\/div>\n\t\t<\/section>\n\t\t\t\t<section class=\"elementor-section elementor-top-section elementor-element elementor-element-086e01b elementor-section-boxed elementor-section-height-default elementor-section-height-default\" data-id=\"086e01b\" data-element_type=\"section\">\n\t\t\t\t\t\t<div class=\"elementor-container elementor-column-gap-default\">\n\t\t\t\t\t<div class=\"elementor-column elementor-col-100 elementor-top-column elementor-element elementor-element-0c576f9\" data-id=\"0c576f9\" data-element_type=\"column\">\n\t\t\t<div class=\"elementor-widget-wrap elementor-element-populated\">\n\t\t\t\t\t\t<div class=\"elementor-element elementor-element-8a82331 elementor-widget elementor-widget-spacer\" data-id=\"8a82331\" data-element_type=\"widget\" data-widget_type=\"spacer.default\">\n\t\t\t\t<div class=\"elementor-widget-container\">\n\t\t\t\t\t\t\t<div class=\"elementor-spacer\">\n\t\t\t<div class=\"elementor-spacer-inner\"><\/div>\n\t\t<\/div>\n\t\t\t\t\t\t<\/div>\n\t\t\t\t<\/div>\n\t\t\t\t<div class=\"elementor-element elementor-element-0635250 elementor-widget elementor-widget-text-editor\" data-id=\"0635250\" data-element_type=\"widget\" data-widget_type=\"text-editor.default\">\n\t\t\t\t<div class=\"elementor-widget-container\">\n\t\t\t\t\t\t\t\t\t<h2>Sis\u00e4isen tarkastuksen jatkokurssi<\/h2>\n<p>Oletko jo sis\u00e4inen tarkastaja ja haluat saada uusia n\u00e4kemyksi\u00e4, syvemp\u00e4\u00e4 tietoa, ideoita ja inspiraatiota? T\u00e4ydellist\u00e4! Kurssimme on suunniteltu antamaan sinulle ty\u00f6kalut ja tiedot, joita tarvitset vied\u00e4ksesi sis\u00e4isen tarkastuksen seuraavalle tasolle. J\u00e4rjest\u00e4mme kurssin et\u00e4n\u00e4 ja jaamme sen kahteen puolip\u00e4iv\u00e4\u00e4n, joten se on helppo sovittaa aikatauluusi.<\/p>\n<h2>Sis\u00e4lt\u00f6 ja tavoitteet<\/h2>\n<p>Saat syvemm\u00e4n ymm\u00e4rryksen siit\u00e4, miten ISO 9001:2015, ISO 14001:2015 ja ISO 45001:2018 tukevat ty\u00f6ntekij\u00f6iden sitoutumisen ja asiakastyytyv\u00e4isyyden lis\u00e4\u00e4mist\u00e4, mutta my\u00f6s menetelmi\u00e4, joilla ymp\u00e4rist\u00f6-, ty\u00f6terveys- ja ty\u00f6turvallisuusn\u00e4k\u00f6kohtia sek\u00e4 elinkaarin\u00e4k\u00f6kulmaa voidaan seurata. Opit tulkitsemaan standardien tarkoitusperi\u00e4 ja sit\u00e4, miten niit\u00e4 voidaan k\u00e4yt\u00e4nn\u00f6ss\u00e4 soveltaa organisaatiossasi. Tavoitteena on antaa sinulle v\u00e4lineet, joiden avulla voit tehd\u00e4 sis\u00e4isest\u00e4 tarkastuksesta strategisen ja lis\u00e4arvoa tuottavan liiketoiminnan kehitt\u00e4misv\u00e4lineen - ei vain muodollista vaatimusta. Saat my\u00f6s tietoa siit\u00e4, miten sitouttaa ylin johto niin, ett\u00e4 sis\u00e4isest\u00e4 tarkastuksesta tulee luonnollinen osa organisaatiosi parannustoimia ja tehokasta liiketoiminnan seurantaa.<\/p>\n<p>Koulutuksen j\u00e4lkeenkin on tehokasta lis\u00e4t\u00e4 yksi p\u00e4iv\u00e4 sis\u00e4isen tarkastuksen suorittamiseen omassa organisaatiossasi juuri hankkimiesi tietojen avulla kouluttajamme valvonnassa ja ohjauksessa.<\/p>\n<p>Kaikki kurssilaiset saavat kurssitodistuksen ohjelman p\u00e4\u00e4tytty\u00e4.&nbsp;<\/p>\n<h2>K\u00e4yt\u00e4nn\u00f6n tietoja<\/h2>\n<p>Sijainti: Digital<\/p>\n<p>Aika: P\u00e4iv\u00e4m\u00e4\u00e4r\u00e4 vahvistuu pian, ilmoita kiinnostuksestasi<\/p>\n<p>Viimeinen ilmoittautumisp\u00e4iv\u00e4:<\/p>\n<p>Hinta: SEK 5.900:-<\/p>\n<p>Hintaan sis\u00e4ltyy: Digitaalinen kurssimateriaali ja kurssitodistus.<\/p>\n<p>Muuta: Voidaan toteuttaa my\u00f6s yrityksen sis\u00e4ll\u00e4, eli paikan p\u00e4\u00e4ll\u00e4 tiloissanne.<\/p>\n<h2>Kurssin johtaja<\/h2>\n<p>Vanhempi kouluttaja\/tilintarkastusjohtaja ja entinen yritysjohtaja jakaa k\u00e4yt\u00e4nn\u00f6n n\u00e4kemyksi\u00e4 ja ty\u00f6kaluja, joiden avulla voit toteuttaa tehokkaan ja arvoa luovan sis\u00e4isen tarkastuksen.<\/p>\t\t\t\t\t\t\t\t<\/div>\n\t\t\t\t<\/div>\n\t\t\t\t<div class=\"elementor-element elementor-element-dded80a elementor-widget elementor-widget-spacer\" data-id=\"dded80a\" data-element_type=\"widget\" data-widget_type=\"spacer.default\">\n\t\t\t\t<div class=\"elementor-widget-container\">\n\t\t\t\t\t\t\t<div class=\"elementor-spacer\">\n\t\t\t<div class=\"elementor-spacer-inner\"><\/div>\n\t\t<\/div>\n\t\t\t\t\t\t<\/div>\n\t\t\t\t<\/div>\n\t\t\t\t\t<\/div>\n\t\t<\/div>\n\t\t\t\t\t<\/div>\n\t\t<\/section>\n\t\t\t\t<\/div>","protected":false},"excerpt":{"rendered":"<p>Sis\u00e4inen tarkastus Sis\u00e4isen tarkastuksen jatkokurssi Oletko jo sis\u00e4inen tarkastaja ja haluat saada uusia n\u00e4kemyksi\u00e4, syvemp\u00e4\u00e4 tietoa, ideoita ja inspiraatiota? T\u00e4ydellist\u00e4! Kurssimme on suunniteltu antamaan sinulle ty\u00f6kalut ja tiedot, joita tarvitset vied\u00e4ksesi sis\u00e4isen tarkastuksen seuraavalle tasolle. Toteutamme kurssin et\u00e4n\u00e4 ja jaamme sen kahteen puolip\u00e4iv\u00e4\u00e4n, jotka [...].<\/p>","protected":false},"author":7,"featured_media":0,"parent":0,"menu_order":0,"comment_status":"closed","ping_status":"closed","template":"","meta":{"_acf_changed":false,"footnotes":""},"class_list":["post-3831","page","type-page","status-publish","hentry"],"acf":[],"_links":{"self":[{"href":"https:\/\/c1cert.se\/fi\/wp-json\/wp\/v2\/pages\/3831"}],"collection":[{"href":"https:\/\/c1cert.se\/fi\/wp-json\/wp\/v2\/pages"}],"about":[{"href":"https:\/\/c1cert.se\/fi\/wp-json\/wp\/v2\/types\/page"}],"author":[{"embeddable":true,"href":"https:\/\/c1cert.se\/fi\/wp-json\/wp\/v2\/users\/7"}],"replies":[{"embeddable":true,"href":"https:\/\/c1cert.se\/fi\/wp-json\/wp\/v2\/comments?post=3831"}],"version-history":[{"count":22,"href":"https:\/\/c1cert.se\/fi\/wp-json\/wp\/v2\/pages\/3831\/revisions"}],"predecessor-version":[{"id":4318,"href":"https:\/\/c1cert.se\/fi\/wp-json\/wp\/v2\/pages\/3831\/revisions\/4318"}],"wp:attachment":[{"href":"https:\/\/c1cert.se\/fi\/wp-json\/wp\/v2\/media?parent=3831"}],"curies":[{"name":"wp","href":"https:\/\/api.w.org\/{rel}","templated":true}]}}