{"id":4006,"date":"2025-08-30T10:30:49","date_gmt":"2025-08-30T10:30:49","guid":{"rendered":"https:\/\/c1cert.se\/?page_id=4006"},"modified":"2025-11-11T19:05:04","modified_gmt":"2025-11-11T19:05:04","slug":"iso-9001-ledningssystem-for-kvalitet","status":"publish","type":"page","link":"https:\/\/c1cert.se\/fi\/iso-9001-ledningssystem-for-kvalitet\/","title":{"rendered":"ISO 9001 - Laadunhallintaj\u00e4rjestelm\u00e4"},"content":{"rendered":"<div data-elementor-type=\"wp-page\" data-elementor-id=\"4006\" class=\"elementor elementor-4006\" data-elementor-post-type=\"page\">\n\t\t\t\t\t\t<section class=\"elementor-section elementor-top-section elementor-element elementor-element-3877aec elementor-section-height-min-height elementor-section-items-bottom elementor-section-full_width elementor-section-height-default\" data-id=\"3877aec\" data-element_type=\"section\" data-settings=\"{&quot;background_background&quot;:&quot;classic&quot;}\">\n\t\t\t\t\t\t\t<div class=\"elementor-background-overlay\"><\/div>\n\t\t\t\t\t\t\t<div class=\"elementor-container elementor-column-gap-default\">\n\t\t\t\t\t<div class=\"elementor-column elementor-col-100 elementor-top-column elementor-element elementor-element-b36efa1\" data-id=\"b36efa1\" data-element_type=\"column\">\n\t\t\t<div class=\"elementor-widget-wrap elementor-element-populated\">\n\t\t\t\t\t\t<section class=\"elementor-section elementor-inner-section elementor-element elementor-element-e33e98d elementor-section-boxed elementor-section-height-default elementor-section-height-default\" data-id=\"e33e98d\" data-element_type=\"section\">\n\t\t\t\t\t\t<div class=\"elementor-container elementor-column-gap-default\">\n\t\t\t\t\t<div class=\"elementor-column elementor-col-100 elementor-inner-column elementor-element elementor-element-ec00b17\" data-id=\"ec00b17\" data-element_type=\"column\">\n\t\t\t<div class=\"elementor-widget-wrap elementor-element-populated\">\n\t\t\t\t\t\t<div class=\"elementor-element elementor-element-8700091 elementor-widget elementor-widget-text-editor\" data-id=\"8700091\" data-element_type=\"widget\" data-widget_type=\"text-editor.default\">\n\t\t\t\t<div class=\"elementor-widget-container\">\n\t\t\t\t\t\t\t\t\t<h1>ISO 9001<\/h1>\t\t\t\t\t\t\t\t<\/div>\n\t\t\t\t<\/div>\n\t\t\t\t\t<\/div>\n\t\t<\/div>\n\t\t\t\t\t<\/div>\n\t\t<\/section>\n\t\t\t\t\t<\/div>\n\t\t<\/div>\n\t\t\t\t\t<\/div>\n\t\t<\/section>\n\t\t\t\t<section class=\"elementor-section elementor-top-section elementor-element elementor-element-7289d3a elementor-section-boxed elementor-section-height-default elementor-section-height-default\" data-id=\"7289d3a\" data-element_type=\"section\">\n\t\t\t\t\t\t<div class=\"elementor-container elementor-column-gap-default\">\n\t\t\t\t\t<div class=\"elementor-column elementor-col-100 elementor-top-column elementor-element elementor-element-da9b391\" data-id=\"da9b391\" data-element_type=\"column\">\n\t\t\t<div class=\"elementor-widget-wrap elementor-element-populated\">\n\t\t\t\t\t\t<div class=\"elementor-element elementor-element-8ff2744 elementor-widget elementor-widget-spacer\" data-id=\"8ff2744\" data-element_type=\"widget\" data-widget_type=\"spacer.default\">\n\t\t\t\t<div class=\"elementor-widget-container\">\n\t\t\t\t\t\t\t<div class=\"elementor-spacer\">\n\t\t\t<div class=\"elementor-spacer-inner\"><\/div>\n\t\t<\/div>\n\t\t\t\t\t\t<\/div>\n\t\t\t\t<\/div>\n\t\t\t\t<div class=\"elementor-element elementor-element-8ddc71b elementor-widget elementor-widget-text-editor\" data-id=\"8ddc71b\" data-element_type=\"widget\" data-widget_type=\"text-editor.default\">\n\t\t\t\t<div class=\"elementor-widget-container\">\n\t\t\t\t\t\t\t\t\t<h2 class=\"p1\">Laadunhallintaj\u00e4rjestelm\u00e4<\/h2><p>ISO 9001 on maailman vakiintunein laadunhallintaj\u00e4rjestelmien standardi. Se auttaa yrityksi\u00e4 ja organisaatioita j\u00e4sent\u00e4m\u00e4\u00e4n prosessejaan, tehostamaan toimintaansa ja t\u00e4ytt\u00e4m\u00e4\u00e4n - ja ylitt\u00e4m\u00e4\u00e4n - asiakkaiden odotukset j\u00e4rjestelm\u00e4llisesti.<\/p><p>Akkreditoituna sertifiointilaitoksena varmistamme, ett\u00e4 t\u00e4yt\u00e4t standardin vaatimukset ja sinulla on johtamisj\u00e4rjestelm\u00e4, joka ei toimi vain paperilla vaan tuottaa todellista liiketoiminta-arvoa. <br \/>Monet menestyv\u00e4t yritykset sek\u00e4 palvelu- ett\u00e4 teollisuussektorilla k\u00e4ytt\u00e4v\u00e4t nyky\u00e4\u00e4n ISO 9001 -standardia liiketoiminnan johtamisen perustana, ja yh\u00e4 useammat asiakkaat ja toimeksiantajat asettavat sertifioinnin vaatimukseksi tarjouksissaan.<\/p><p>ISO 9001 ei ole vain todiste laadusta - se on strateginen v\u00e4line kasvun, tehokkuuden ja kilpailukyvyn edist\u00e4miseksi.<\/p><p>ISO 9001 -sertifikaatin saaminen edellytt\u00e4\u00e4, ett\u00e4 yrityksell\u00e4si on ensinn\u00e4kin johtamisj\u00e4rjestelm\u00e4 ja ett\u00e4 se t\u00e4ytt\u00e4\u00e4 standardissa asetetut vaatimukset. Vaatimukset puolestaan perustuvat seitsem\u00e4\u00e4n periaatteeseen:<\/p><ul><li>Asiakasl\u00e4ht\u00f6isyys<\/li><li>Johtaminen ja hallinto<\/li><li>Parannus<\/li><li>Suhteiden hallinta<\/li><li>Prosessisuuntautuneisuus<\/li><li>Tosiasioihin perustuvat p\u00e4\u00e4t\u00f6kset<\/li><li>Ty\u00f6ntekij\u00f6iden sitoutuminen<\/li><\/ul><p>\u00a0<\/p><h2 class=\"p1\">C1 Sertifioinnin sertifioinnin edut<\/h2><p>Aloitamme yrityksest\u00e4si. Asiakkaamme pit\u00e4v\u00e4t auditointimenetelm\u00e4st\u00e4mme, joka perustuu ISO 9001 -standardin perustana oleviin seitsem\u00e4\u00e4n johtamisperiaatteeseen. ISO-sertifiointi on todiste siit\u00e4, ett\u00e4 ty\u00f6skentelet suunnitelmallisesti jatkuvan parantamisen hyv\u00e4ksi. Se vahvistaa luottamusta organisaatiotasi kohtaan sek\u00e4 sis\u00e4isesti ty\u00f6ntekij\u00f6iden keskuudessa ett\u00e4 ulkoisesti asiakkaiden ja kumppaneiden kanssa. Sertifiointi luo edellytykset tehokkaammalle ja tavoitteellisemmalle organisaatiolle. Sertifioitu johtamisj\u00e4rjestelm\u00e4 voi ajan mittaan lis\u00e4t\u00e4 tuottavuutta ja v\u00e4hent\u00e4\u00e4 kustannuksia. Sertifiointimme ovat kansainv\u00e4lisesti tunnustettuja ja tarjoavat vahvan todisteen laadusta markkinoilla.<\/p>\t\t\t\t\t\t\t\t<\/div>\n\t\t\t\t<\/div>\n\t\t\t\t<div class=\"elementor-element elementor-element-7cbca4f elementor-widget elementor-widget-spacer\" data-id=\"7cbca4f\" data-element_type=\"widget\" data-widget_type=\"spacer.default\">\n\t\t\t\t<div class=\"elementor-widget-container\">\n\t\t\t\t\t\t\t<div class=\"elementor-spacer\">\n\t\t\t<div class=\"elementor-spacer-inner\"><\/div>\n\t\t<\/div>\n\t\t\t\t\t\t<\/div>\n\t\t\t\t<\/div>\n\t\t\t\t\t<\/div>\n\t\t<\/div>\n\t\t\t\t\t<\/div>\n\t\t<\/section>\n\t\t\t\t<section class=\"elementor-section elementor-top-section elementor-element elementor-element-19429e2 elementor-section-boxed elementor-section-height-default elementor-section-height-default\" data-id=\"19429e2\" data-element_type=\"section\" data-settings=\"{&quot;background_background&quot;:&quot;classic&quot;}\">\n\t\t\t\t\t\t<div class=\"elementor-container elementor-column-gap-default\">\n\t\t\t\t\t<div class=\"elementor-column elementor-col-100 elementor-top-column elementor-element elementor-element-cde1e75\" data-id=\"cde1e75\" data-element_type=\"column\">\n\t\t\t<div class=\"elementor-widget-wrap elementor-element-populated\">\n\t\t\t\t\t\t<div class=\"elementor-element elementor-element-0bbe57b elementor-widget elementor-widget-spacer\" data-id=\"0bbe57b\" data-element_type=\"widget\" data-widget_type=\"spacer.default\">\n\t\t\t\t<div class=\"elementor-widget-container\">\n\t\t\t\t\t\t\t<div class=\"elementor-spacer\">\n\t\t\t<div class=\"elementor-spacer-inner\"><\/div>\n\t\t<\/div>\n\t\t\t\t\t\t<\/div>\n\t\t\t\t<\/div>\n\t\t\t\t\t<\/div>\n\t\t<\/div>\n\t\t\t\t\t<\/div>\n\t\t<\/section>\n\t\t\t\t<section class=\"elementor-section elementor-top-section elementor-element elementor-element-fd59df5 elementor-section-boxed elementor-section-height-default elementor-section-height-default\" data-id=\"fd59df5\" data-element_type=\"section\" data-settings=\"{&quot;background_background&quot;:&quot;classic&quot;}\">\n\t\t\t\t\t\t<div class=\"elementor-container elementor-column-gap-default\">\n\t\t\t\t\t<div class=\"elementor-column elementor-col-50 elementor-top-column elementor-element elementor-element-239145e\" data-id=\"239145e\" data-element_type=\"column\">\n\t\t\t<div class=\"elementor-widget-wrap elementor-element-populated\">\n\t\t\t\t\t\t<div class=\"elementor-element elementor-element-8e9aa0a elementor-widget elementor-widget-text-editor\" data-id=\"8e9aa0a\" data-element_type=\"widget\" data-widget_type=\"text-editor.default\">\n\t\t\t\t<div class=\"elementor-widget-container\">\n\t\t\t\t\t\t\t\t\t<h2>Pit\u00e4isik\u00f6 meid\u00e4n sertifioida organisaatiosi?<\/h2><p>Onko organisaatiosi aika sertifioida, vai onko sinulla jo yksi tai useampi sertifiointi ja harkitsetko siirtymist\u00e4 nykyaikaiseen ja innovatiiviseen sertifiointielimeen? Olemme valmiita keskustelemaan sitoumuksetta siit\u00e4, miten voimme auttaa sinua eteenp\u00e4in.<\/p><p>Ota meihin yhteytt\u00e4, jos haluat lis\u00e4tietoja C1-sertifioinnista, tarjoamistamme palveluista ja siit\u00e4, miten voimme kehitt\u00e4\u00e4 liiketoimintaasi.<\/p>\t\t\t\t\t\t\t\t<\/div>\n\t\t\t\t<\/div>\n\t\t\t\t\t<\/div>\n\t\t<\/div>\n\t\t\t\t<div class=\"elementor-column elementor-col-50 elementor-top-column elementor-element elementor-element-0bd1df4\" data-id=\"0bd1df4\" data-element_type=\"column\">\n\t\t\t<div class=\"elementor-widget-wrap elementor-element-populated\">\n\t\t\t\t\t\t<div class=\"elementor-element elementor-element-73312de elementor-button-align-stretch elementor-widget elementor-widget-form\" data-id=\"73312de\" data-element_type=\"widget\" data-settings=\"{&quot;step_next_label&quot;:&quot;N\\u00e4sta&quot;,&quot;step_previous_label&quot;:&quot;F\\u00f6reg\\u00e5ende&quot;,&quot;button_width&quot;:&quot;100&quot;,&quot;step_type&quot;:&quot;number_text&quot;,&quot;step_icon_shape&quot;:&quot;circle&quot;}\" data-widget_type=\"form.default\">\n\t\t\t\t<div class=\"elementor-widget-container\">\n\t\t\t\t\t\t\t<form class=\"elementor-form\" method=\"post\" name=\"Certifiering\" action=\"\">\n\t\t\t<input type=\"hidden\" name=\"post_id\" value=\"4006\"\/>\n\t\t\t<input type=\"hidden\" name=\"form_id\" value=\"73312de\"\/>\n\t\t\t<input type=\"hidden\" name=\"referer_title\" value=\"C1 Certification &#x2d; Modernt &#038; Nyt\u00e4nkade &#x2d; ISO 9001 &#x2d; Ledningssystem f\u00f6r kvalitet\" \/>\n\n\t\t\t\t\t\t\t<input type=\"hidden\" name=\"queried_id\" value=\"4006\"\/>\n\t\t\t\n\t\t\t<div class=\"elementor-form-fields-wrapper elementor-labels-above\">\n\t\t\t\t\t\t\t\t<div class=\"elementor-field-type-text elementor-field-group elementor-column elementor-field-group-name elementor-col-100 elementor-field-required elementor-mark-required\">\n\t\t\t\t\t\t\t\t\t\t\t\t<label for=\"form-field-name\" class=\"elementor-field-label\">\n\t\t\t\t\t\t\t\tOrganisaation nimi\t\t\t\t\t\t\t<\/label>\n\t\t\t\t\t\t\t\t\t\t\t\t\t\t<input size=\"1\" type=\"text\" name=\"form_fields[name]\" id=\"form-field-name\" class=\"elementor-field elementor-size-sm  elementor-field-textual\" required=\"required\">\n\t\t\t\t\t\t\t\t\t\t\t<\/div>\n\t\t\t\t\t\t\t\t<div class=\"elementor-field-type-email elementor-field-group elementor-column elementor-field-group-email elementor-col-100 elementor-field-required elementor-mark-required\">\n\t\t\t\t\t\t\t\t\t\t\t\t<label for=\"form-field-email\" class=\"elementor-field-label\">\n\t\t\t\t\t\t\t\tS\u00e4hk\u00f6postiosoite\t\t\t\t\t\t\t<\/label>\n\t\t\t\t\t\t\t\t\t\t\t\t\t\t<input size=\"1\" type=\"email\" name=\"form_fields[email]\" id=\"form-field-email\" class=\"elementor-field elementor-size-sm  elementor-field-textual\" required=\"required\">\n\t\t\t\t\t\t\t\t\t\t\t<\/div>\n\t\t\t\t\t\t\t\t<div class=\"elementor-field-type-tel elementor-field-group elementor-column elementor-field-group-field_1fefeb0 elementor-col-100 elementor-field-required elementor-mark-required\">\n\t\t\t\t\t\t\t\t\t\t\t\t<label for=\"form-field-field_1fefeb0\" class=\"elementor-field-label\">\n\t\t\t\t\t\t\t\tPuhelinnumero\t\t\t\t\t\t\t<\/label>\n\t\t\t\t\t\t\t\t<input size=\"1\" type=\"tel\" name=\"form_fields[field_1fefeb0]\" id=\"form-field-field_1fefeb0\" class=\"elementor-field elementor-size-sm  elementor-field-textual\" required=\"required\" pattern=\"[0-9()#&amp;+*-=.]+\" title=\"Endast siffror och telefontecken (#, -, *, etc) accepteras.\" data-no-translation-title=\"\">\n\n\t\t\t\t\t\t<\/div>\n\t\t\t\t\t\t\t\t<div class=\"elementor-field-type-select elementor-field-group elementor-column elementor-field-group-field_2457421 elementor-col-100 elementor-field-required elementor-mark-required\">\n\t\t\t\t\t\t\t\t\t\t\t\t<label for=\"form-field-field_2457421\" class=\"elementor-field-label\">\n\t\t\t\t\t\t\t\tMist\u00e4 on kyse?\t\t\t\t\t\t\t<\/label>\n\t\t\t\t\t\t\t\t<div class=\"elementor-field elementor-select-wrapper remove-before\">\n\t\t\t<div class=\"select-caret-down-wrapper\">\n\t\t\t\t<svg aria-hidden=\"true\" class=\"e-font-icon-svg e-eicon-caret-down\" viewbox=\"0 0 571.4 571.4\" xmlns=\"http:\/\/www.w3.org\/2000\/svg\"><path d=\"M571 393Q571 407 561 418L311 668Q300 679 286 679T261 668L11 418Q0 407 0 393T11 368 36 357H536Q550 357 561 368T571 393Z\"><\/path><\/svg>\t\t\t<\/div>\n\t\t\t<select name=\"form_fields[field_2457421]\" id=\"form-field-field_2457421\" class=\"elementor-field-textual elementor-size-sm\" required=\"required\">\n\t\t\t\t\t\t\t\t\t<option value=\"ISO 9001\">ISO 9001<\/option>\n\t\t\t\t\t\t\t\t\t<option value=\"ISO 14001\">ISO 14001<\/option>\n\t\t\t\t\t\t\t\t\t<option value=\"ISO 27001\">ISO 27001<\/option>\n\t\t\t\t\t\t\t\t\t<option value=\"ISO 45001\">ISO 45001<\/option>\n\t\t\t\t\t\t\t\t\t<option value=\"\u00d6vrigt\">Muut<\/option>\n\t\t\t\t\t\t\t<\/select>\n\t\t<\/div>\n\t\t\t\t\t\t<\/div>\n\t\t\t\t\t\t\t\t<div class=\"elementor-field-type-textarea elementor-field-group elementor-column elementor-field-group-message elementor-col-100\">\n\t\t\t\t\t\t\t\t\t\t\t\t<label for=\"form-field-message\" class=\"elementor-field-label\">\n\t\t\t\t\t\t\t\tIlmoitus\t\t\t\t\t\t\t<\/label>\n\t\t\t\t\t\t<textarea class=\"elementor-field-textual elementor-field  elementor-size-sm\" name=\"form_fields[message]\" id=\"form-field-message\" rows=\"4\" placeholder=\"Haluan tiet\u00e4\u00e4 enemm\u00e4n...\"><\/textarea>\t\t\t\t<\/div>\n\t\t\t\t\t\t\t\t<div class=\"elementor-field-type-recaptcha elementor-field-group elementor-column elementor-field-group-field_a6e28f6 elementor-col-100\">\n\t\t\t\t\t<div class=\"elementor-field\" id=\"form-field-field_a6e28f6\"><div class=\"elementor-g-recaptcha\" data-sitekey=\"6LfXl5QpAAAAALTYX40FPb4IZtBuRSTFcJOOaHsU\" data-type=\"v2_checkbox\" data-theme=\"light\" data-size=\"normal\"><\/div><\/div>\t\t\t\t<\/div>\n\t\t\t\t\t\t\t\t<div class=\"elementor-field-group elementor-column elementor-field-type-submit elementor-col-100 e-form__buttons\">\n\t\t\t\t\t<button class=\"elementor-button elementor-size-sm\" type=\"submit\">\n\t\t\t\t\t\t<span class=\"elementor-button-content-wrapper\">\n\t\t\t\t\t\t\t\t\t\t\t\t\t\t\t\t\t\t\t\t\t\t<span class=\"elementor-button-text\">L\u00e4het\u00e4<\/span>\n\t\t\t\t\t\t\t\t\t\t\t\t\t<\/span>\n\t\t\t\t\t<\/button>\n\t\t\t\t<\/div>\n\t\t\t<\/div>\n\t\t<input type=\"hidden\" name=\"trp-form-language\" value=\"fi\"\/><\/form>\n\t\t\t\t\t\t<\/div>\n\t\t\t\t<\/div>\n\t\t\t\t\t<\/div>\n\t\t<\/div>\n\t\t\t\t\t<\/div>\n\t\t<\/section>\n\t\t\t\t<section class=\"elementor-section elementor-top-section elementor-element elementor-element-0a61ab6 elementor-section-boxed elementor-section-height-default elementor-section-height-default\" data-id=\"0a61ab6\" data-element_type=\"section\" data-settings=\"{&quot;background_background&quot;:&quot;classic&quot;}\">\n\t\t\t\t\t\t<div class=\"elementor-container elementor-column-gap-default\">\n\t\t\t\t\t<div class=\"elementor-column elementor-col-100 elementor-top-column elementor-element elementor-element-c94d75a\" data-id=\"c94d75a\" data-element_type=\"column\">\n\t\t\t<div class=\"elementor-widget-wrap elementor-element-populated\">\n\t\t\t\t\t\t<div class=\"elementor-element elementor-element-5744b52 elementor-widget elementor-widget-spacer\" data-id=\"5744b52\" data-element_type=\"widget\" data-widget_type=\"spacer.default\">\n\t\t\t\t<div class=\"elementor-widget-container\">\n\t\t\t\t\t\t\t<div class=\"elementor-spacer\">\n\t\t\t<div class=\"elementor-spacer-inner\"><\/div>\n\t\t<\/div>\n\t\t\t\t\t\t<\/div>\n\t\t\t\t<\/div>\n\t\t\t\t\t<\/div>\n\t\t<\/div>\n\t\t\t\t\t<\/div>\n\t\t<\/section>\n\t\t\t\t<\/div>","protected":false},"excerpt":{"rendered":"<p>ISO 9001 Laadunhallintaj\u00e4rjestelm\u00e4 ISO 9001 on maailman vakiintunein laadunhallintaj\u00e4rjestelmi\u00e4 koskeva standardi. Se auttaa yrityksi\u00e4 ja organisaatioita j\u00e4sent\u00e4m\u00e4\u00e4n prosessejaan, tehostamaan toimintaansa ja t\u00e4ytt\u00e4m\u00e4\u00e4n - ja ylitt\u00e4m\u00e4\u00e4n - asiakkaiden odotukset j\u00e4rjestelm\u00e4llisesti. Akkreditoituna sertifiointilaitoksena varmistamme, ett\u00e4 t\u00e4yt\u00e4t standardin vaatimukset ja sinulla on johtamisj\u00e4rjestelm\u00e4, joka ei toimi vain paperilla.<\/p>","protected":false},"author":7,"featured_media":0,"parent":0,"menu_order":0,"comment_status":"closed","ping_status":"closed","template":"","meta":{"_acf_changed":false,"footnotes":""},"class_list":["post-4006","page","type-page","status-publish","hentry"],"acf":[],"_links":{"self":[{"href":"https:\/\/c1cert.se\/fi\/wp-json\/wp\/v2\/pages\/4006"}],"collection":[{"href":"https:\/\/c1cert.se\/fi\/wp-json\/wp\/v2\/pages"}],"about":[{"href":"https:\/\/c1cert.se\/fi\/wp-json\/wp\/v2\/types\/page"}],"author":[{"embeddable":true,"href":"https:\/\/c1cert.se\/fi\/wp-json\/wp\/v2\/users\/7"}],"replies":[{"embeddable":true,"href":"https:\/\/c1cert.se\/fi\/wp-json\/wp\/v2\/comments?post=4006"}],"version-history":[{"count":10,"href":"https:\/\/c1cert.se\/fi\/wp-json\/wp\/v2\/pages\/4006\/revisions"}],"predecessor-version":[{"id":4258,"href":"https:\/\/c1cert.se\/fi\/wp-json\/wp\/v2\/pages\/4006\/revisions\/4258"}],"wp:attachment":[{"href":"https:\/\/c1cert.se\/fi\/wp-json\/wp\/v2\/media?parent=4006"}],"curies":[{"name":"wp","href":"https:\/\/api.w.org\/{rel}","templated":true}]}}