{"id":4023,"date":"2025-09-01T17:49:18","date_gmt":"2025-09-01T17:49:18","guid":{"rendered":"https:\/\/c1cert.se\/?page_id=4023"},"modified":"2025-11-11T19:06:07","modified_gmt":"2025-11-11T19:06:07","slug":"iso-14001-ledningssystem-for-miljo","status":"publish","type":"page","link":"https:\/\/c1cert.se\/fi\/iso-14001-ledningssystem-for-miljo\/","title":{"rendered":"ISO 14001 - Ymp\u00e4rist\u00f6asioiden hallintaj\u00e4rjestelm\u00e4"},"content":{"rendered":"<div data-elementor-type=\"wp-page\" data-elementor-id=\"4023\" class=\"elementor elementor-4023\" data-elementor-post-type=\"page\">\n\t\t\t\t\t\t<section class=\"elementor-section elementor-top-section elementor-element elementor-element-faecef6 elementor-section-height-min-height elementor-section-items-bottom elementor-section-full_width elementor-section-height-default\" data-id=\"faecef6\" data-element_type=\"section\" data-settings=\"{&quot;background_background&quot;:&quot;classic&quot;}\">\n\t\t\t\t\t\t\t<div class=\"elementor-background-overlay\"><\/div>\n\t\t\t\t\t\t\t<div class=\"elementor-container elementor-column-gap-default\">\n\t\t\t\t\t<div class=\"elementor-column elementor-col-100 elementor-top-column elementor-element elementor-element-59a8606\" data-id=\"59a8606\" data-element_type=\"column\">\n\t\t\t<div class=\"elementor-widget-wrap elementor-element-populated\">\n\t\t\t\t\t\t<section class=\"elementor-section elementor-inner-section elementor-element elementor-element-59d9cff elementor-section-boxed elementor-section-height-default elementor-section-height-default\" data-id=\"59d9cff\" data-element_type=\"section\">\n\t\t\t\t\t\t<div class=\"elementor-container elementor-column-gap-default\">\n\t\t\t\t\t<div class=\"elementor-column elementor-col-100 elementor-inner-column elementor-element elementor-element-1325c62\" data-id=\"1325c62\" data-element_type=\"column\">\n\t\t\t<div class=\"elementor-widget-wrap elementor-element-populated\">\n\t\t\t\t\t\t<div class=\"elementor-element elementor-element-3a9846e elementor-widget elementor-widget-text-editor\" data-id=\"3a9846e\" data-element_type=\"widget\" data-widget_type=\"text-editor.default\">\n\t\t\t\t<div class=\"elementor-widget-container\">\n\t\t\t\t\t\t\t\t\t<h1>ISO 14001<\/h1>\t\t\t\t\t\t\t\t<\/div>\n\t\t\t\t<\/div>\n\t\t\t\t\t<\/div>\n\t\t<\/div>\n\t\t\t\t\t<\/div>\n\t\t<\/section>\n\t\t\t\t\t<\/div>\n\t\t<\/div>\n\t\t\t\t\t<\/div>\n\t\t<\/section>\n\t\t\t\t<section class=\"elementor-section elementor-top-section elementor-element elementor-element-4834f15 elementor-section-boxed elementor-section-height-default elementor-section-height-default\" data-id=\"4834f15\" data-element_type=\"section\">\n\t\t\t\t\t\t<div class=\"elementor-container elementor-column-gap-default\">\n\t\t\t\t\t<div class=\"elementor-column elementor-col-100 elementor-top-column elementor-element elementor-element-89cfb95\" data-id=\"89cfb95\" data-element_type=\"column\">\n\t\t\t<div class=\"elementor-widget-wrap elementor-element-populated\">\n\t\t\t\t\t\t<div class=\"elementor-element elementor-element-95e28aa elementor-widget elementor-widget-spacer\" data-id=\"95e28aa\" data-element_type=\"widget\" data-widget_type=\"spacer.default\">\n\t\t\t\t<div class=\"elementor-widget-container\">\n\t\t\t\t\t\t\t<div class=\"elementor-spacer\">\n\t\t\t<div class=\"elementor-spacer-inner\"><\/div>\n\t\t<\/div>\n\t\t\t\t\t\t<\/div>\n\t\t\t\t<\/div>\n\t\t\t\t<div class=\"elementor-element elementor-element-9f9c9b0 elementor-widget elementor-widget-text-editor\" data-id=\"9f9c9b0\" data-element_type=\"widget\" data-widget_type=\"text-editor.default\">\n\t\t\t\t<div class=\"elementor-widget-container\">\n\t\t\t\t\t\t\t\t\t<h2>Ymp\u00e4rist\u00f6asioiden hallintaj\u00e4rjestelm\u00e4<\/h2><p>Aktiivinen ymp\u00e4rist\u00f6nhallinta ei ole t\u00e4rke\u00e4\u00e4 vain yhteisen tulevaisuutemme kannalta - se on my\u00f6s yrityksesi strateginen etu. ISO 14001 -sertifioidulla ymp\u00e4rist\u00f6j\u00e4rjestelm\u00e4ll\u00e4 sinulla on tehokas v\u00e4line ymp\u00e4rist\u00f6vaikutusten v\u00e4hent\u00e4miseen, resurssien k\u00e4yt\u00f6n optimointiin ja selviin kustannuss\u00e4\u00e4st\u00f6ihin.<\/p><p>ISO 14001 -standardi on helppo integroida nykyisiin toimintoihin, ja se auttaa sinua systematisoimaan, valvomaan ja kehitt\u00e4m\u00e4\u00e4n ymp\u00e4rist\u00f6ty\u00f6t\u00e4si - tavalla, joka vahvistaa br\u00e4ndi\u00e4si, t\u00e4ytt\u00e4\u00e4 kasvavat kest\u00e4v\u00e4n kehityksen vaatimukset ja tarjoaa kilpailuetua hankinnoissa.<\/p><h2>C1 Sertifioinnin sertifioinnin edut<\/h2><p>Ymp\u00e4rist\u00f6sertifiointi vahvistaa br\u00e4ndi\u00e4si ja luo luottamusta sitoutumiseesi kest\u00e4v\u00e4\u00e4n kehitykseen. Sertifiointi auttaa sinua kehitt\u00e4m\u00e4\u00e4n kest\u00e4v\u00e4mpi\u00e4 liiketoimintaprosesseja ja tehostamaan ymp\u00e4rist\u00f6ty\u00f6t\u00e4si. Se edist\u00e4\u00e4 resurssien ja materiaalien k\u00e4yt\u00f6n v\u00e4hent\u00e4mist\u00e4, mik\u00e4 hy\u00f6dytt\u00e4\u00e4 sek\u00e4 ymp\u00e4rist\u00f6\u00e4 ett\u00e4 taloutta. Sertifiointi vahvistaa asemaasi tarjouskilpailuissa, joissa ymp\u00e4rist\u00f6vaatimuksilla on ratkaiseva merkitys.<\/p>\t\t\t\t\t\t\t\t<\/div>\n\t\t\t\t<\/div>\n\t\t\t\t<div class=\"elementor-element elementor-element-4e6aae8 elementor-widget elementor-widget-spacer\" data-id=\"4e6aae8\" data-element_type=\"widget\" data-widget_type=\"spacer.default\">\n\t\t\t\t<div class=\"elementor-widget-container\">\n\t\t\t\t\t\t\t<div class=\"elementor-spacer\">\n\t\t\t<div class=\"elementor-spacer-inner\"><\/div>\n\t\t<\/div>\n\t\t\t\t\t\t<\/div>\n\t\t\t\t<\/div>\n\t\t\t\t\t<\/div>\n\t\t<\/div>\n\t\t\t\t\t<\/div>\n\t\t<\/section>\n\t\t\t\t<section class=\"elementor-section elementor-top-section elementor-element elementor-element-09aa289 elementor-section-boxed elementor-section-height-default elementor-section-height-default\" data-id=\"09aa289\" data-element_type=\"section\" data-settings=\"{&quot;background_background&quot;:&quot;classic&quot;}\">\n\t\t\t\t\t\t<div class=\"elementor-container elementor-column-gap-default\">\n\t\t\t\t\t<div class=\"elementor-column elementor-col-100 elementor-top-column elementor-element elementor-element-68cd9ed\" data-id=\"68cd9ed\" data-element_type=\"column\">\n\t\t\t<div class=\"elementor-widget-wrap elementor-element-populated\">\n\t\t\t\t\t\t<div class=\"elementor-element elementor-element-b178dfa elementor-widget elementor-widget-spacer\" data-id=\"b178dfa\" data-element_type=\"widget\" data-widget_type=\"spacer.default\">\n\t\t\t\t<div class=\"elementor-widget-container\">\n\t\t\t\t\t\t\t<div class=\"elementor-spacer\">\n\t\t\t<div class=\"elementor-spacer-inner\"><\/div>\n\t\t<\/div>\n\t\t\t\t\t\t<\/div>\n\t\t\t\t<\/div>\n\t\t\t\t\t<\/div>\n\t\t<\/div>\n\t\t\t\t\t<\/div>\n\t\t<\/section>\n\t\t\t\t<section class=\"elementor-section elementor-top-section elementor-element elementor-element-2ff0679 elementor-section-boxed elementor-section-height-default elementor-section-height-default\" data-id=\"2ff0679\" data-element_type=\"section\" data-settings=\"{&quot;background_background&quot;:&quot;classic&quot;}\">\n\t\t\t\t\t\t<div class=\"elementor-container elementor-column-gap-default\">\n\t\t\t\t\t<div class=\"elementor-column elementor-col-50 elementor-top-column elementor-element elementor-element-9fbd1fc\" data-id=\"9fbd1fc\" data-element_type=\"column\">\n\t\t\t<div class=\"elementor-widget-wrap elementor-element-populated\">\n\t\t\t\t\t\t<div class=\"elementor-element elementor-element-61005ba elementor-widget elementor-widget-text-editor\" data-id=\"61005ba\" data-element_type=\"widget\" data-widget_type=\"text-editor.default\">\n\t\t\t\t<div class=\"elementor-widget-container\">\n\t\t\t\t\t\t\t\t\t<h2>Pit\u00e4isik\u00f6 meid\u00e4n sertifioida organisaatiosi?<\/h2><p>Onko organisaatiosi aika sertifioida, vai onko sinulla jo yksi tai useampi sertifiointi ja harkitsetko siirtymist\u00e4 nykyaikaiseen ja innovatiiviseen sertifiointielimeen? Olemme valmiita keskustelemaan sitoumuksetta siit\u00e4, miten voimme auttaa sinua eteenp\u00e4in.<\/p><p>Ota meihin yhteytt\u00e4, jos haluat lis\u00e4tietoja C1-sertifioinnista, tarjoamistamme palveluista ja siit\u00e4, miten voimme kehitt\u00e4\u00e4 liiketoimintaasi.<\/p>\t\t\t\t\t\t\t\t<\/div>\n\t\t\t\t<\/div>\n\t\t\t\t\t<\/div>\n\t\t<\/div>\n\t\t\t\t<div class=\"elementor-column elementor-col-50 elementor-top-column elementor-element elementor-element-ecea302\" data-id=\"ecea302\" data-element_type=\"column\">\n\t\t\t<div class=\"elementor-widget-wrap elementor-element-populated\">\n\t\t\t\t\t\t<div class=\"elementor-element elementor-element-579ac9b elementor-button-align-stretch elementor-widget elementor-widget-form\" data-id=\"579ac9b\" data-element_type=\"widget\" data-settings=\"{&quot;step_next_label&quot;:&quot;N\\u00e4sta&quot;,&quot;step_previous_label&quot;:&quot;F\\u00f6reg\\u00e5ende&quot;,&quot;button_width&quot;:&quot;100&quot;,&quot;step_type&quot;:&quot;number_text&quot;,&quot;step_icon_shape&quot;:&quot;circle&quot;}\" data-widget_type=\"form.default\">\n\t\t\t\t<div class=\"elementor-widget-container\">\n\t\t\t\t\t\t\t<form class=\"elementor-form\" method=\"post\" name=\"Certifiering\" action=\"\">\n\t\t\t<input type=\"hidden\" name=\"post_id\" value=\"4023\"\/>\n\t\t\t<input type=\"hidden\" name=\"form_id\" value=\"579ac9b\"\/>\n\t\t\t<input type=\"hidden\" name=\"referer_title\" value=\"C1 Certification &#x2d; Modernt &#038; Nyt\u00e4nkade &#x2d; ISO 14001 &#x2d; Ledningssystem f\u00f6r milj\u00f6\" \/>\n\n\t\t\t\t\t\t\t<input type=\"hidden\" name=\"queried_id\" value=\"4023\"\/>\n\t\t\t\n\t\t\t<div class=\"elementor-form-fields-wrapper elementor-labels-above\">\n\t\t\t\t\t\t\t\t<div class=\"elementor-field-type-text elementor-field-group elementor-column elementor-field-group-name elementor-col-100 elementor-field-required elementor-mark-required\">\n\t\t\t\t\t\t\t\t\t\t\t\t<label for=\"form-field-name\" class=\"elementor-field-label\">\n\t\t\t\t\t\t\t\tOrganisaation nimi\t\t\t\t\t\t\t<\/label>\n\t\t\t\t\t\t\t\t\t\t\t\t\t\t<input size=\"1\" type=\"text\" name=\"form_fields[name]\" id=\"form-field-name\" class=\"elementor-field elementor-size-sm  elementor-field-textual\" required=\"required\">\n\t\t\t\t\t\t\t\t\t\t\t<\/div>\n\t\t\t\t\t\t\t\t<div class=\"elementor-field-type-email elementor-field-group elementor-column elementor-field-group-email elementor-col-100 elementor-field-required elementor-mark-required\">\n\t\t\t\t\t\t\t\t\t\t\t\t<label for=\"form-field-email\" class=\"elementor-field-label\">\n\t\t\t\t\t\t\t\tS\u00e4hk\u00f6postiosoite\t\t\t\t\t\t\t<\/label>\n\t\t\t\t\t\t\t\t\t\t\t\t\t\t<input size=\"1\" type=\"email\" name=\"form_fields[email]\" id=\"form-field-email\" class=\"elementor-field elementor-size-sm  elementor-field-textual\" required=\"required\">\n\t\t\t\t\t\t\t\t\t\t\t<\/div>\n\t\t\t\t\t\t\t\t<div class=\"elementor-field-type-tel elementor-field-group elementor-column elementor-field-group-field_1fefeb0 elementor-col-100 elementor-field-required elementor-mark-required\">\n\t\t\t\t\t\t\t\t\t\t\t\t<label for=\"form-field-field_1fefeb0\" class=\"elementor-field-label\">\n\t\t\t\t\t\t\t\tPuhelinnumero\t\t\t\t\t\t\t<\/label>\n\t\t\t\t\t\t\t\t<input size=\"1\" type=\"tel\" name=\"form_fields[field_1fefeb0]\" id=\"form-field-field_1fefeb0\" class=\"elementor-field elementor-size-sm  elementor-field-textual\" required=\"required\" pattern=\"[0-9()#&amp;+*-=.]+\" title=\"Endast siffror och telefontecken (#, -, *, etc) accepteras.\" data-no-translation-title=\"\">\n\n\t\t\t\t\t\t<\/div>\n\t\t\t\t\t\t\t\t<div class=\"elementor-field-type-select elementor-field-group elementor-column elementor-field-group-field_2457421 elementor-col-100 elementor-field-required elementor-mark-required\">\n\t\t\t\t\t\t\t\t\t\t\t\t<label for=\"form-field-field_2457421\" class=\"elementor-field-label\">\n\t\t\t\t\t\t\t\tMist\u00e4 on kyse?\t\t\t\t\t\t\t<\/label>\n\t\t\t\t\t\t\t\t<div class=\"elementor-field elementor-select-wrapper remove-before\">\n\t\t\t<div class=\"select-caret-down-wrapper\">\n\t\t\t\t<svg aria-hidden=\"true\" class=\"e-font-icon-svg e-eicon-caret-down\" viewbox=\"0 0 571.4 571.4\" xmlns=\"http:\/\/www.w3.org\/2000\/svg\"><path d=\"M571 393Q571 407 561 418L311 668Q300 679 286 679T261 668L11 418Q0 407 0 393T11 368 36 357H536Q550 357 561 368T571 393Z\"><\/path><\/svg>\t\t\t<\/div>\n\t\t\t<select name=\"form_fields[field_2457421]\" id=\"form-field-field_2457421\" class=\"elementor-field-textual elementor-size-sm\" required=\"required\">\n\t\t\t\t\t\t\t\t\t<option value=\"ISO 9001\">ISO 9001<\/option>\n\t\t\t\t\t\t\t\t\t<option value=\"ISO 14001\">ISO 14001<\/option>\n\t\t\t\t\t\t\t\t\t<option value=\"ISO 27001\">ISO 27001<\/option>\n\t\t\t\t\t\t\t\t\t<option value=\"ISO 45001\">ISO 45001<\/option>\n\t\t\t\t\t\t\t\t\t<option value=\"\u00d6vrigt\">Muut<\/option>\n\t\t\t\t\t\t\t<\/select>\n\t\t<\/div>\n\t\t\t\t\t\t<\/div>\n\t\t\t\t\t\t\t\t<div class=\"elementor-field-type-textarea elementor-field-group elementor-column elementor-field-group-message elementor-col-100\">\n\t\t\t\t\t\t\t\t\t\t\t\t<label for=\"form-field-message\" class=\"elementor-field-label\">\n\t\t\t\t\t\t\t\tIlmoitus\t\t\t\t\t\t\t<\/label>\n\t\t\t\t\t\t<textarea class=\"elementor-field-textual elementor-field  elementor-size-sm\" name=\"form_fields[message]\" id=\"form-field-message\" rows=\"4\" placeholder=\"Haluan tiet\u00e4\u00e4 enemm\u00e4n...\"><\/textarea>\t\t\t\t<\/div>\n\t\t\t\t\t\t\t\t<div class=\"elementor-field-type-recaptcha elementor-field-group elementor-column elementor-field-group-field_a6e28f6 elementor-col-100\">\n\t\t\t\t\t<div class=\"elementor-field\" id=\"form-field-field_a6e28f6\"><div class=\"elementor-g-recaptcha\" data-sitekey=\"6LfXl5QpAAAAALTYX40FPb4IZtBuRSTFcJOOaHsU\" data-type=\"v2_checkbox\" data-theme=\"light\" data-size=\"normal\"><\/div><\/div>\t\t\t\t<\/div>\n\t\t\t\t\t\t\t\t<div class=\"elementor-field-group elementor-column elementor-field-type-submit elementor-col-100 e-form__buttons\">\n\t\t\t\t\t<button class=\"elementor-button elementor-size-sm\" type=\"submit\">\n\t\t\t\t\t\t<span class=\"elementor-button-content-wrapper\">\n\t\t\t\t\t\t\t\t\t\t\t\t\t\t\t\t\t\t\t\t\t\t<span class=\"elementor-button-text\">L\u00e4het\u00e4<\/span>\n\t\t\t\t\t\t\t\t\t\t\t\t\t<\/span>\n\t\t\t\t\t<\/button>\n\t\t\t\t<\/div>\n\t\t\t<\/div>\n\t\t<input type=\"hidden\" name=\"trp-form-language\" value=\"fi\"\/><\/form>\n\t\t\t\t\t\t<\/div>\n\t\t\t\t<\/div>\n\t\t\t\t\t<\/div>\n\t\t<\/div>\n\t\t\t\t\t<\/div>\n\t\t<\/section>\n\t\t\t\t<section class=\"elementor-section elementor-top-section elementor-element elementor-element-2d25e40 elementor-section-boxed elementor-section-height-default elementor-section-height-default\" data-id=\"2d25e40\" data-element_type=\"section\" data-settings=\"{&quot;background_background&quot;:&quot;classic&quot;}\">\n\t\t\t\t\t\t<div class=\"elementor-container elementor-column-gap-default\">\n\t\t\t\t\t<div class=\"elementor-column elementor-col-100 elementor-top-column elementor-element elementor-element-6c28ce7\" data-id=\"6c28ce7\" data-element_type=\"column\">\n\t\t\t<div class=\"elementor-widget-wrap elementor-element-populated\">\n\t\t\t\t\t\t<div class=\"elementor-element elementor-element-cfebd31 elementor-widget elementor-widget-spacer\" data-id=\"cfebd31\" data-element_type=\"widget\" data-widget_type=\"spacer.default\">\n\t\t\t\t<div class=\"elementor-widget-container\">\n\t\t\t\t\t\t\t<div class=\"elementor-spacer\">\n\t\t\t<div class=\"elementor-spacer-inner\"><\/div>\n\t\t<\/div>\n\t\t\t\t\t\t<\/div>\n\t\t\t\t<\/div>\n\t\t\t\t\t<\/div>\n\t\t<\/div>\n\t\t\t\t\t<\/div>\n\t\t<\/section>\n\t\t\t\t<\/div>","protected":false},"excerpt":{"rendered":"<p>ISO 14001 Ymp\u00e4rist\u00f6j\u00e4rjestelm\u00e4 Aktiivinen ymp\u00e4rist\u00f6asioiden hallinta ei ole t\u00e4rke\u00e4\u00e4 vain yhteisen tulevaisuutemme kannalta - se on my\u00f6s yrityksesi strateginen etu. ISO 14001 -sertifioidulla ymp\u00e4rist\u00f6j\u00e4rjestelm\u00e4ll\u00e4 sinulla on tehokas v\u00e4line ymp\u00e4rist\u00f6vaikutusten v\u00e4hent\u00e4miseen, resurssien k\u00e4yt\u00f6n optimointiin ja selvien kustannuss\u00e4\u00e4st\u00f6jen aikaansaamiseen. ISO 14001 on helppo integroida olemassa olevaan [...]<\/p>","protected":false},"author":7,"featured_media":0,"parent":0,"menu_order":0,"comment_status":"closed","ping_status":"closed","template":"","meta":{"_acf_changed":false,"footnotes":""},"class_list":["post-4023","page","type-page","status-publish","hentry"],"acf":[],"_links":{"self":[{"href":"https:\/\/c1cert.se\/fi\/wp-json\/wp\/v2\/pages\/4023"}],"collection":[{"href":"https:\/\/c1cert.se\/fi\/wp-json\/wp\/v2\/pages"}],"about":[{"href":"https:\/\/c1cert.se\/fi\/wp-json\/wp\/v2\/types\/page"}],"author":[{"embeddable":true,"href":"https:\/\/c1cert.se\/fi\/wp-json\/wp\/v2\/users\/7"}],"replies":[{"embeddable":true,"href":"https:\/\/c1cert.se\/fi\/wp-json\/wp\/v2\/comments?post=4023"}],"version-history":[{"count":7,"href":"https:\/\/c1cert.se\/fi\/wp-json\/wp\/v2\/pages\/4023\/revisions"}],"predecessor-version":[{"id":4261,"href":"https:\/\/c1cert.se\/fi\/wp-json\/wp\/v2\/pages\/4023\/revisions\/4261"}],"wp:attachment":[{"href":"https:\/\/c1cert.se\/fi\/wp-json\/wp\/v2\/media?parent=4023"}],"curies":[{"name":"wp","href":"https:\/\/api.w.org\/{rel}","templated":true}]}}