{"id":4034,"date":"2025-09-01T18:10:50","date_gmt":"2025-09-01T18:10:50","guid":{"rendered":"https:\/\/c1cert.se\/?page_id=4034"},"modified":"2025-11-11T19:07:22","modified_gmt":"2025-11-11T19:07:22","slug":"iso-45001-ledningssystem-for-arbetsmiljo","status":"publish","type":"page","link":"https:\/\/c1cert.se\/fi\/iso-45001-ledningssystem-for-arbetsmiljo\/","title":{"rendered":"ISO 45001 - Ty\u00f6terveyden ja -turvallisuuden hallintaj\u00e4rjestelm\u00e4"},"content":{"rendered":"<div data-elementor-type=\"wp-page\" data-elementor-id=\"4034\" class=\"elementor elementor-4034\" data-elementor-post-type=\"page\">\n\t\t\t\t\t\t<section class=\"elementor-section elementor-top-section elementor-element elementor-element-ed4f8a5 elementor-section-height-min-height elementor-section-items-bottom elementor-section-full_width elementor-section-height-default\" data-id=\"ed4f8a5\" data-element_type=\"section\" data-settings=\"{&quot;background_background&quot;:&quot;classic&quot;}\">\n\t\t\t\t\t\t\t<div class=\"elementor-background-overlay\"><\/div>\n\t\t\t\t\t\t\t<div class=\"elementor-container elementor-column-gap-default\">\n\t\t\t\t\t<div class=\"elementor-column elementor-col-100 elementor-top-column elementor-element elementor-element-23532da\" data-id=\"23532da\" data-element_type=\"column\">\n\t\t\t<div class=\"elementor-widget-wrap elementor-element-populated\">\n\t\t\t\t\t\t<section class=\"elementor-section elementor-inner-section elementor-element elementor-element-2c270bc elementor-section-boxed elementor-section-height-default elementor-section-height-default\" data-id=\"2c270bc\" data-element_type=\"section\">\n\t\t\t\t\t\t<div class=\"elementor-container elementor-column-gap-default\">\n\t\t\t\t\t<div class=\"elementor-column elementor-col-100 elementor-inner-column elementor-element elementor-element-f8647be\" data-id=\"f8647be\" data-element_type=\"column\">\n\t\t\t<div class=\"elementor-widget-wrap elementor-element-populated\">\n\t\t\t\t\t\t<div class=\"elementor-element elementor-element-4ee3093 elementor-widget elementor-widget-text-editor\" data-id=\"4ee3093\" data-element_type=\"widget\" data-widget_type=\"text-editor.default\">\n\t\t\t\t<div class=\"elementor-widget-container\">\n\t\t\t\t\t\t\t\t\t<h1>ISO 45001<\/h1>\t\t\t\t\t\t\t\t<\/div>\n\t\t\t\t<\/div>\n\t\t\t\t\t<\/div>\n\t\t<\/div>\n\t\t\t\t\t<\/div>\n\t\t<\/section>\n\t\t\t\t\t<\/div>\n\t\t<\/div>\n\t\t\t\t\t<\/div>\n\t\t<\/section>\n\t\t\t\t<section class=\"elementor-section elementor-top-section elementor-element elementor-element-67944dd elementor-section-boxed elementor-section-height-default elementor-section-height-default\" data-id=\"67944dd\" data-element_type=\"section\">\n\t\t\t\t\t\t<div class=\"elementor-container elementor-column-gap-default\">\n\t\t\t\t\t<div class=\"elementor-column elementor-col-100 elementor-top-column elementor-element elementor-element-f9ee143\" data-id=\"f9ee143\" data-element_type=\"column\">\n\t\t\t<div class=\"elementor-widget-wrap elementor-element-populated\">\n\t\t\t\t\t\t<div class=\"elementor-element elementor-element-ecd714e elementor-widget elementor-widget-spacer\" data-id=\"ecd714e\" data-element_type=\"widget\" data-widget_type=\"spacer.default\">\n\t\t\t\t<div class=\"elementor-widget-container\">\n\t\t\t\t\t\t\t<div class=\"elementor-spacer\">\n\t\t\t<div class=\"elementor-spacer-inner\"><\/div>\n\t\t<\/div>\n\t\t\t\t\t\t<\/div>\n\t\t\t\t<\/div>\n\t\t\t\t<div class=\"elementor-element elementor-element-e4aaa1e elementor-widget elementor-widget-text-editor\" data-id=\"e4aaa1e\" data-element_type=\"widget\" data-widget_type=\"text-editor.default\">\n\t\t\t\t<div class=\"elementor-widget-container\">\n\t\t\t\t\t\t\t\t\t<h2 class=\"p1\">Terveys- ja turvallisuusjohtamisj\u00e4rjestelm\u00e4\u00a0<\/h2><p><span data-contrast=\"auto\">ISO 45001 on maailmanlaajuinen standardi ty\u00f6terveyden ja -turvallisuuden hallinnalle. Se auttaa organisaatioita luomaan turvallisen, varman ja kest\u00e4v\u00e4n ty\u00f6ymp\u00e4rist\u00f6n tunnistamalla j\u00e4rjestelm\u00e4llisesti riskit, ehk\u00e4isem\u00e4ll\u00e4 vaaratilanteita ja asettamalla ihmisten terveyden etusijalle.<\/span><span data-ccp-props=\"{}\">\u00a0<\/span><\/p><p><span data-contrast=\"auto\">Sertifioidulla terveys- ja turvallisuusjohtamisj\u00e4rjestelm\u00e4ll\u00e4 osoitat, ett\u00e4 otat vastuun - et vain lakis\u00e4\u00e4teisten vaatimusten t\u00e4ytt\u00e4misest\u00e4 vaan my\u00f6s vahvemman ja joustavamman organisaation rakentamisesta, jossa ty\u00f6ntekij\u00f6iden hyvinvointi on strateginen prioriteetti. Se tuo mukanaan muun muassa seuraavia etuja:<\/span><span data-ccp-props=\"{}\">\u00a0<\/span><\/p><ul><li aria-setsize=\"-1\" data-leveltext=\"\uf0b7\" data-font=\"Symbol\" data-listid=\"6\" data-list-defn-props=\"{&quot;335552541&quot;:1,&quot;335559685&quot;:720,&quot;335559991&quot;:360,&quot;469769226&quot;:&quot;Symbol&quot;,&quot;469769242&quot;:[8226],&quot;469777803&quot;:&quot;left&quot;,&quot;469777804&quot;:&quot;\uf0b7&quot;,&quot;469777815&quot;:&quot;multilevel&quot;}\" data-aria-posinset=\"1\" data-aria-level=\"1\"><span data-contrast=\"auto\">V\u00e4hemm\u00e4n onnettomuuksia ja terveysriskej\u00e4<\/span><span data-ccp-props=\"{}\">\u00a0<\/span><\/li><\/ul><ul><li aria-setsize=\"-1\" data-leveltext=\"\uf0b7\" data-font=\"Symbol\" data-listid=\"6\" data-list-defn-props=\"{&quot;335552541&quot;:1,&quot;335559685&quot;:720,&quot;335559991&quot;:360,&quot;469769226&quot;:&quot;Symbol&quot;,&quot;469769242&quot;:[8226],&quot;469777803&quot;:&quot;left&quot;,&quot;469777804&quot;:&quot;\uf0b7&quot;,&quot;469777815&quot;:&quot;multilevel&quot;}\" data-aria-posinset=\"2\" data-aria-level=\"1\"><span data-contrast=\"auto\">Poissaoloista ja ty\u00f6tapaturmista aiheutuvien kustannusten v\u00e4heneminen.<\/span><span data-ccp-props=\"{}\">\u00a0<\/span><\/li><\/ul><ul><li aria-setsize=\"-1\" data-leveltext=\"\uf0b7\" data-font=\"Symbol\" data-listid=\"6\" data-list-defn-props=\"{&quot;335552541&quot;:1,&quot;335559685&quot;:720,&quot;335559991&quot;:360,&quot;469769226&quot;:&quot;Symbol&quot;,&quot;469769242&quot;:[8226],&quot;469777803&quot;:&quot;left&quot;,&quot;469777804&quot;:&quot;\uf0b7&quot;,&quot;469777815&quot;:&quot;multilevel&quot;}\" data-aria-posinset=\"3\" data-aria-level=\"1\"><span data-contrast=\"auto\">Vahvempi ty\u00f6nantajabr\u00e4nd\u00e4ys ja ty\u00f6ntekij\u00f6iden sitoutuminen<\/span><span data-ccp-props=\"{}\">\u00a0<\/span><\/li><\/ul><ul><li aria-setsize=\"-1\" data-leveltext=\"\uf0b7\" data-font=\"Symbol\" data-listid=\"6\" data-list-defn-props=\"{&quot;335552541&quot;:1,&quot;335559685&quot;:720,&quot;335559991&quot;:360,&quot;469769226&quot;:&quot;Symbol&quot;,&quot;469769242&quot;:[8226],&quot;469777803&quot;:&quot;left&quot;,&quot;469777804&quot;:&quot;\uf0b7&quot;,&quot;469777815&quot;:&quot;multilevel&quot;}\" data-aria-posinset=\"4\" data-aria-level=\"1\"><span data-contrast=\"auto\">Asiakkaiden, kumppaneiden ja viranomaisten luottamuksen lis\u00e4\u00e4ntyminen<\/span><span data-ccp-props=\"{}\">\u00a0<\/span><\/li><\/ul><p><span data-contrast=\"auto\"><br \/>ISO 45001 on suunniteltu toimimaan kaikenlaisissa organisaatioissa - koosta tai toimialasta riippumatta - ja se integroituu saumattomasti olemassa olevaan johtamisj\u00e4rjestelm\u00e4\u00e4n.<\/span><span data-ccp-props=\"{}\">\u00a0<\/span><\/p>\t\t\t\t\t\t\t\t<\/div>\n\t\t\t\t<\/div>\n\t\t\t\t<div class=\"elementor-element elementor-element-6b418cc elementor-widget elementor-widget-spacer\" data-id=\"6b418cc\" data-element_type=\"widget\" data-widget_type=\"spacer.default\">\n\t\t\t\t<div class=\"elementor-widget-container\">\n\t\t\t\t\t\t\t<div class=\"elementor-spacer\">\n\t\t\t<div class=\"elementor-spacer-inner\"><\/div>\n\t\t<\/div>\n\t\t\t\t\t\t<\/div>\n\t\t\t\t<\/div>\n\t\t\t\t\t<\/div>\n\t\t<\/div>\n\t\t\t\t\t<\/div>\n\t\t<\/section>\n\t\t\t\t<section class=\"elementor-section elementor-top-section elementor-element elementor-element-c61c3bc elementor-section-boxed elementor-section-height-default elementor-section-height-default\" data-id=\"c61c3bc\" data-element_type=\"section\" data-settings=\"{&quot;background_background&quot;:&quot;classic&quot;}\">\n\t\t\t\t\t\t<div class=\"elementor-container elementor-column-gap-default\">\n\t\t\t\t\t<div class=\"elementor-column elementor-col-100 elementor-top-column elementor-element elementor-element-a4a50e5\" data-id=\"a4a50e5\" data-element_type=\"column\">\n\t\t\t<div class=\"elementor-widget-wrap elementor-element-populated\">\n\t\t\t\t\t\t<div class=\"elementor-element elementor-element-b1768ba elementor-widget elementor-widget-spacer\" data-id=\"b1768ba\" data-element_type=\"widget\" data-widget_type=\"spacer.default\">\n\t\t\t\t<div class=\"elementor-widget-container\">\n\t\t\t\t\t\t\t<div class=\"elementor-spacer\">\n\t\t\t<div class=\"elementor-spacer-inner\"><\/div>\n\t\t<\/div>\n\t\t\t\t\t\t<\/div>\n\t\t\t\t<\/div>\n\t\t\t\t\t<\/div>\n\t\t<\/div>\n\t\t\t\t\t<\/div>\n\t\t<\/section>\n\t\t\t\t<section class=\"elementor-section elementor-top-section elementor-element elementor-element-19bc6a8 elementor-section-boxed elementor-section-height-default elementor-section-height-default\" data-id=\"19bc6a8\" data-element_type=\"section\" data-settings=\"{&quot;background_background&quot;:&quot;classic&quot;}\">\n\t\t\t\t\t\t<div class=\"elementor-container elementor-column-gap-default\">\n\t\t\t\t\t<div class=\"elementor-column elementor-col-50 elementor-top-column elementor-element elementor-element-cbcb5c7\" data-id=\"cbcb5c7\" data-element_type=\"column\">\n\t\t\t<div class=\"elementor-widget-wrap elementor-element-populated\">\n\t\t\t\t\t\t<div class=\"elementor-element elementor-element-a90948f elementor-widget elementor-widget-text-editor\" data-id=\"a90948f\" data-element_type=\"widget\" data-widget_type=\"text-editor.default\">\n\t\t\t\t<div class=\"elementor-widget-container\">\n\t\t\t\t\t\t\t\t\t<h2>Pit\u00e4isik\u00f6 meid\u00e4n sertifioida organisaatiosi?<\/h2><p>Onko organisaatiosi aika sertifioida, vai onko sinulla jo yksi tai useampi sertifiointi ja harkitsetko siirtymist\u00e4 nykyaikaiseen ja innovatiiviseen sertifiointielimeen? Olemme valmiita keskustelemaan sitoumuksetta siit\u00e4, miten voimme auttaa sinua eteenp\u00e4in.<\/p><p>Ota meihin yhteytt\u00e4, jos haluat lis\u00e4tietoja C1-sertifioinnista, tarjoamistamme palveluista ja siit\u00e4, miten voimme kehitt\u00e4\u00e4 liiketoimintaasi.<\/p>\t\t\t\t\t\t\t\t<\/div>\n\t\t\t\t<\/div>\n\t\t\t\t\t<\/div>\n\t\t<\/div>\n\t\t\t\t<div class=\"elementor-column elementor-col-50 elementor-top-column elementor-element elementor-element-4f7c365\" data-id=\"4f7c365\" data-element_type=\"column\">\n\t\t\t<div class=\"elementor-widget-wrap elementor-element-populated\">\n\t\t\t\t\t\t<div class=\"elementor-element elementor-element-9520eee elementor-button-align-stretch elementor-widget elementor-widget-form\" data-id=\"9520eee\" data-element_type=\"widget\" data-settings=\"{&quot;step_next_label&quot;:&quot;N\\u00e4sta&quot;,&quot;step_previous_label&quot;:&quot;F\\u00f6reg\\u00e5ende&quot;,&quot;button_width&quot;:&quot;100&quot;,&quot;step_type&quot;:&quot;number_text&quot;,&quot;step_icon_shape&quot;:&quot;circle&quot;}\" data-widget_type=\"form.default\">\n\t\t\t\t<div class=\"elementor-widget-container\">\n\t\t\t\t\t\t\t<form class=\"elementor-form\" method=\"post\" name=\"Certifiering\" action=\"\">\n\t\t\t<input type=\"hidden\" name=\"post_id\" value=\"4034\"\/>\n\t\t\t<input type=\"hidden\" name=\"form_id\" value=\"9520eee\"\/>\n\t\t\t<input type=\"hidden\" name=\"referer_title\" value=\"C1 Certification &#x2d; Modernt &#038; Nyt\u00e4nkade &#x2d; ISO 45001 &#x2d; Ledningssystem f\u00f6r arbetsmilj\u00f6\" \/>\n\n\t\t\t\t\t\t\t<input type=\"hidden\" name=\"queried_id\" value=\"4034\"\/>\n\t\t\t\n\t\t\t<div class=\"elementor-form-fields-wrapper elementor-labels-above\">\n\t\t\t\t\t\t\t\t<div class=\"elementor-field-type-text elementor-field-group elementor-column elementor-field-group-name elementor-col-100 elementor-field-required elementor-mark-required\">\n\t\t\t\t\t\t\t\t\t\t\t\t<label for=\"form-field-name\" class=\"elementor-field-label\">\n\t\t\t\t\t\t\t\tOrganisaation nimi\t\t\t\t\t\t\t<\/label>\n\t\t\t\t\t\t\t\t\t\t\t\t\t\t<input size=\"1\" type=\"text\" name=\"form_fields[name]\" id=\"form-field-name\" class=\"elementor-field elementor-size-sm  elementor-field-textual\" required=\"required\">\n\t\t\t\t\t\t\t\t\t\t\t<\/div>\n\t\t\t\t\t\t\t\t<div class=\"elementor-field-type-email elementor-field-group elementor-column elementor-field-group-email elementor-col-100 elementor-field-required elementor-mark-required\">\n\t\t\t\t\t\t\t\t\t\t\t\t<label for=\"form-field-email\" class=\"elementor-field-label\">\n\t\t\t\t\t\t\t\tS\u00e4hk\u00f6postiosoite\t\t\t\t\t\t\t<\/label>\n\t\t\t\t\t\t\t\t\t\t\t\t\t\t<input size=\"1\" type=\"email\" name=\"form_fields[email]\" id=\"form-field-email\" class=\"elementor-field elementor-size-sm  elementor-field-textual\" required=\"required\">\n\t\t\t\t\t\t\t\t\t\t\t<\/div>\n\t\t\t\t\t\t\t\t<div class=\"elementor-field-type-tel elementor-field-group elementor-column elementor-field-group-field_1fefeb0 elementor-col-100 elementor-field-required elementor-mark-required\">\n\t\t\t\t\t\t\t\t\t\t\t\t<label for=\"form-field-field_1fefeb0\" class=\"elementor-field-label\">\n\t\t\t\t\t\t\t\tPuhelinnumero\t\t\t\t\t\t\t<\/label>\n\t\t\t\t\t\t\t\t<input size=\"1\" type=\"tel\" name=\"form_fields[field_1fefeb0]\" id=\"form-field-field_1fefeb0\" class=\"elementor-field elementor-size-sm  elementor-field-textual\" required=\"required\" pattern=\"[0-9()#&amp;+*-=.]+\" title=\"Endast siffror och telefontecken (#, -, *, etc) accepteras.\" data-no-translation-title=\"\">\n\n\t\t\t\t\t\t<\/div>\n\t\t\t\t\t\t\t\t<div class=\"elementor-field-type-select elementor-field-group elementor-column elementor-field-group-field_2457421 elementor-col-100 elementor-field-required elementor-mark-required\">\n\t\t\t\t\t\t\t\t\t\t\t\t<label for=\"form-field-field_2457421\" class=\"elementor-field-label\">\n\t\t\t\t\t\t\t\tMist\u00e4 on kyse?\t\t\t\t\t\t\t<\/label>\n\t\t\t\t\t\t\t\t<div class=\"elementor-field elementor-select-wrapper remove-before\">\n\t\t\t<div class=\"select-caret-down-wrapper\">\n\t\t\t\t<svg aria-hidden=\"true\" class=\"e-font-icon-svg e-eicon-caret-down\" viewbox=\"0 0 571.4 571.4\" xmlns=\"http:\/\/www.w3.org\/2000\/svg\"><path d=\"M571 393Q571 407 561 418L311 668Q300 679 286 679T261 668L11 418Q0 407 0 393T11 368 36 357H536Q550 357 561 368T571 393Z\"><\/path><\/svg>\t\t\t<\/div>\n\t\t\t<select name=\"form_fields[field_2457421]\" id=\"form-field-field_2457421\" class=\"elementor-field-textual elementor-size-sm\" required=\"required\">\n\t\t\t\t\t\t\t\t\t<option value=\"ISO 9001\">ISO 9001<\/option>\n\t\t\t\t\t\t\t\t\t<option value=\"ISO 14001\">ISO 14001<\/option>\n\t\t\t\t\t\t\t\t\t<option value=\"ISO 27001\">ISO 27001<\/option>\n\t\t\t\t\t\t\t\t\t<option value=\"ISO 45001\">ISO 45001<\/option>\n\t\t\t\t\t\t\t\t\t<option value=\"\u00d6vrigt\">Muut<\/option>\n\t\t\t\t\t\t\t<\/select>\n\t\t<\/div>\n\t\t\t\t\t\t<\/div>\n\t\t\t\t\t\t\t\t<div class=\"elementor-field-type-textarea elementor-field-group elementor-column elementor-field-group-message elementor-col-100\">\n\t\t\t\t\t\t\t\t\t\t\t\t<label for=\"form-field-message\" class=\"elementor-field-label\">\n\t\t\t\t\t\t\t\tIlmoitus\t\t\t\t\t\t\t<\/label>\n\t\t\t\t\t\t<textarea class=\"elementor-field-textual elementor-field  elementor-size-sm\" name=\"form_fields[message]\" id=\"form-field-message\" rows=\"4\" placeholder=\"Haluan tiet\u00e4\u00e4 enemm\u00e4n...\"><\/textarea>\t\t\t\t<\/div>\n\t\t\t\t\t\t\t\t<div class=\"elementor-field-type-recaptcha elementor-field-group elementor-column elementor-field-group-field_a6e28f6 elementor-col-100\">\n\t\t\t\t\t<div class=\"elementor-field\" id=\"form-field-field_a6e28f6\"><div class=\"elementor-g-recaptcha\" data-sitekey=\"6LfXl5QpAAAAALTYX40FPb4IZtBuRSTFcJOOaHsU\" data-type=\"v2_checkbox\" data-theme=\"light\" data-size=\"normal\"><\/div><\/div>\t\t\t\t<\/div>\n\t\t\t\t\t\t\t\t<div class=\"elementor-field-group elementor-column elementor-field-type-submit elementor-col-100 e-form__buttons\">\n\t\t\t\t\t<button class=\"elementor-button elementor-size-sm\" type=\"submit\">\n\t\t\t\t\t\t<span class=\"elementor-button-content-wrapper\">\n\t\t\t\t\t\t\t\t\t\t\t\t\t\t\t\t\t\t\t\t\t\t<span class=\"elementor-button-text\">L\u00e4het\u00e4<\/span>\n\t\t\t\t\t\t\t\t\t\t\t\t\t<\/span>\n\t\t\t\t\t<\/button>\n\t\t\t\t<\/div>\n\t\t\t<\/div>\n\t\t<input type=\"hidden\" name=\"trp-form-language\" value=\"fi\"\/><\/form>\n\t\t\t\t\t\t<\/div>\n\t\t\t\t<\/div>\n\t\t\t\t\t<\/div>\n\t\t<\/div>\n\t\t\t\t\t<\/div>\n\t\t<\/section>\n\t\t\t\t<section class=\"elementor-section elementor-top-section elementor-element elementor-element-92c7529 elementor-section-boxed elementor-section-height-default elementor-section-height-default\" data-id=\"92c7529\" data-element_type=\"section\" data-settings=\"{&quot;background_background&quot;:&quot;classic&quot;}\">\n\t\t\t\t\t\t<div class=\"elementor-container elementor-column-gap-default\">\n\t\t\t\t\t<div class=\"elementor-column elementor-col-100 elementor-top-column elementor-element elementor-element-cb8bba2\" data-id=\"cb8bba2\" data-element_type=\"column\">\n\t\t\t<div class=\"elementor-widget-wrap elementor-element-populated\">\n\t\t\t\t\t\t<div class=\"elementor-element elementor-element-51fc2e1 elementor-widget elementor-widget-spacer\" data-id=\"51fc2e1\" data-element_type=\"widget\" data-widget_type=\"spacer.default\">\n\t\t\t\t<div class=\"elementor-widget-container\">\n\t\t\t\t\t\t\t<div class=\"elementor-spacer\">\n\t\t\t<div class=\"elementor-spacer-inner\"><\/div>\n\t\t<\/div>\n\t\t\t\t\t\t<\/div>\n\t\t\t\t<\/div>\n\t\t\t\t\t<\/div>\n\t\t<\/div>\n\t\t\t\t\t<\/div>\n\t\t<\/section>\n\t\t\t\t<\/div>","protected":false},"excerpt":{"rendered":"<p>ISO 45001 Ty\u00f6terveyden ja -turvallisuuden hallintaj\u00e4rjestelm\u00e4 ISO 45001 on ty\u00f6terveyden ja -turvallisuuden hallintaa koskeva maailmanlaajuinen standardi. Se auttaa organisaatioita luomaan turvallisen, varman ja kest\u00e4v\u00e4n ty\u00f6ymp\u00e4rist\u00f6n tunnistamalla j\u00e4rjestelm\u00e4llisesti riskit, ehk\u00e4isem\u00e4ll\u00e4 vaaratilanteita ja asettamalla ihmisten terveyden etusijalle.  Sertifioidulla ty\u00f6terveys- ja ty\u00f6turvallisuusjohtamisj\u00e4rjestelm\u00e4ll\u00e4 osoitat, ett\u00e4 otat vastuun - et ainoastaan lakis\u00e4\u00e4teisten vaatimusten t\u00e4ytt\u00e4misest\u00e4, vaan [...]<\/p>","protected":false},"author":7,"featured_media":0,"parent":0,"menu_order":0,"comment_status":"closed","ping_status":"closed","template":"","meta":{"_acf_changed":false,"footnotes":""},"class_list":["post-4034","page","type-page","status-publish","hentry"],"acf":[],"_links":{"self":[{"href":"https:\/\/c1cert.se\/fi\/wp-json\/wp\/v2\/pages\/4034"}],"collection":[{"href":"https:\/\/c1cert.se\/fi\/wp-json\/wp\/v2\/pages"}],"about":[{"href":"https:\/\/c1cert.se\/fi\/wp-json\/wp\/v2\/types\/page"}],"author":[{"embeddable":true,"href":"https:\/\/c1cert.se\/fi\/wp-json\/wp\/v2\/users\/7"}],"replies":[{"embeddable":true,"href":"https:\/\/c1cert.se\/fi\/wp-json\/wp\/v2\/comments?post=4034"}],"version-history":[{"count":7,"href":"https:\/\/c1cert.se\/fi\/wp-json\/wp\/v2\/pages\/4034\/revisions"}],"predecessor-version":[{"id":4264,"href":"https:\/\/c1cert.se\/fi\/wp-json\/wp\/v2\/pages\/4034\/revisions\/4264"}],"wp:attachment":[{"href":"https:\/\/c1cert.se\/fi\/wp-json\/wp\/v2\/media?parent=4034"}],"curies":[{"name":"wp","href":"https:\/\/api.w.org\/{rel}","templated":true}]}}