{"id":4047,"date":"2025-09-01T18:29:14","date_gmt":"2025-09-01T18:29:14","guid":{"rendered":"https:\/\/c1cert.se\/?page_id=4047"},"modified":"2025-11-11T19:08:23","modified_gmt":"2025-11-11T19:08:23","slug":"iso-27001-informationssakerhet","status":"publish","type":"page","link":"https:\/\/c1cert.se\/fi\/iso-27001-informationssakerhet\/","title":{"rendered":"ISO 27001 - Tietoturva"},"content":{"rendered":"<div data-elementor-type=\"wp-page\" data-elementor-id=\"4047\" class=\"elementor elementor-4047\" data-elementor-post-type=\"page\">\n\t\t\t\t\t\t<section class=\"elementor-section elementor-top-section elementor-element elementor-element-efa27d1 elementor-section-height-min-height elementor-section-items-bottom elementor-section-full_width elementor-section-height-default\" data-id=\"efa27d1\" data-element_type=\"section\" data-settings=\"{&quot;background_background&quot;:&quot;classic&quot;}\">\n\t\t\t\t\t\t\t<div class=\"elementor-background-overlay\"><\/div>\n\t\t\t\t\t\t\t<div class=\"elementor-container elementor-column-gap-default\">\n\t\t\t\t\t<div class=\"elementor-column elementor-col-100 elementor-top-column elementor-element elementor-element-fedd669\" data-id=\"fedd669\" data-element_type=\"column\">\n\t\t\t<div class=\"elementor-widget-wrap elementor-element-populated\">\n\t\t\t\t\t\t<section class=\"elementor-section elementor-inner-section elementor-element elementor-element-4b5ed4b elementor-section-boxed elementor-section-height-default elementor-section-height-default\" data-id=\"4b5ed4b\" data-element_type=\"section\">\n\t\t\t\t\t\t<div class=\"elementor-container elementor-column-gap-default\">\n\t\t\t\t\t<div class=\"elementor-column elementor-col-100 elementor-inner-column elementor-element elementor-element-b4e5280\" data-id=\"b4e5280\" data-element_type=\"column\">\n\t\t\t<div class=\"elementor-widget-wrap elementor-element-populated\">\n\t\t\t\t\t\t<div class=\"elementor-element elementor-element-b555b09 elementor-widget elementor-widget-text-editor\" data-id=\"b555b09\" data-element_type=\"widget\" data-widget_type=\"text-editor.default\">\n\t\t\t\t<div class=\"elementor-widget-container\">\n\t\t\t\t\t\t\t\t\t<h1>ISO 27001<\/h1>\t\t\t\t\t\t\t\t<\/div>\n\t\t\t\t<\/div>\n\t\t\t\t\t<\/div>\n\t\t<\/div>\n\t\t\t\t\t<\/div>\n\t\t<\/section>\n\t\t\t\t\t<\/div>\n\t\t<\/div>\n\t\t\t\t\t<\/div>\n\t\t<\/section>\n\t\t\t\t<section class=\"elementor-section elementor-top-section elementor-element elementor-element-eb8992e elementor-section-boxed elementor-section-height-default elementor-section-height-default\" data-id=\"eb8992e\" data-element_type=\"section\">\n\t\t\t\t\t\t<div class=\"elementor-container elementor-column-gap-default\">\n\t\t\t\t\t<div class=\"elementor-column elementor-col-100 elementor-top-column elementor-element elementor-element-d13b525\" data-id=\"d13b525\" data-element_type=\"column\">\n\t\t\t<div class=\"elementor-widget-wrap elementor-element-populated\">\n\t\t\t\t\t\t<div class=\"elementor-element elementor-element-119caa5 elementor-widget elementor-widget-spacer\" data-id=\"119caa5\" data-element_type=\"widget\" data-widget_type=\"spacer.default\">\n\t\t\t\t<div class=\"elementor-widget-container\">\n\t\t\t\t\t\t\t<div class=\"elementor-spacer\">\n\t\t\t<div class=\"elementor-spacer-inner\"><\/div>\n\t\t<\/div>\n\t\t\t\t\t\t<\/div>\n\t\t\t\t<\/div>\n\t\t\t\t<div class=\"elementor-element elementor-element-bc6a5cf elementor-widget elementor-widget-text-editor\" data-id=\"bc6a5cf\" data-element_type=\"widget\" data-widget_type=\"text-editor.default\">\n\t\t\t\t<div class=\"elementor-widget-container\">\n\t\t\t\t\t\t\t\t\t<h2 class=\"p1\">Tietoturvallisuuden hallintaj\u00e4rjestelm\u00e4<\/h2><p><span data-contrast=\"auto\">Digitaalisessa maailmassa, jossa tietoturva on liiketoimintakriittist\u00e4, ISO 27001 tarjoaa organisaatiollesi selke\u00e4n rakenteen arkaluonteisten tietojen suojaamiseksi, s\u00e4\u00e4ntelyvaatimusten t\u00e4ytt\u00e4miseksi ja tietoverkkoriskien ehk\u00e4isemiseksi.<\/span><span data-ccp-props=\"{}\">\u00a0<\/span><\/p><p><span data-contrast=\"auto\">Sertifioitu tietoturvallisuuden hallintaj\u00e4rjestelm\u00e4 osoittaa sitoutumisenne tiedonhallintaan, eheyteen ja jatkuvuuteen - toimialasta tai organisaation koosta riippumatta. Se tarjoaa muun muassa seuraavia etuja:<\/span><span data-ccp-props=\"{}\">\u00a0<\/span><\/p><ul><li aria-setsize=\"-1\" data-leveltext=\"-\" data-font=\"Aptos\" data-listid=\"5\" data-list-defn-props=\"{&quot;335551671&quot;:0,&quot;335552541&quot;:1,&quot;335559685&quot;:720,&quot;335559991&quot;:360,&quot;469769226&quot;:&quot;Aptos&quot;,&quot;469769242&quot;:[8226],&quot;469777803&quot;:&quot;left&quot;,&quot;469777804&quot;:&quot;-&quot;,&quot;469777815&quot;:&quot;hybridMultilevel&quot;}\" data-aria-posinset=\"1\" data-aria-level=\"1\"><span data-contrast=\"auto\">Selke\u00e4t ja tehokkaat menettelyt tietovarallisuuden, kuten asiakastietojen, liikesalaisuuksien ja muiden arkaluonteisten tietojen, hallintaan.<\/span><span data-ccp-props=\"{}\">\u00a0<\/span><\/li><\/ul><ul><li aria-setsize=\"-1\" data-leveltext=\"-\" data-font=\"Aptos\" data-listid=\"5\" data-list-defn-props=\"{&quot;335551671&quot;:0,&quot;335552541&quot;:1,&quot;335559685&quot;:720,&quot;335559991&quot;:360,&quot;469769226&quot;:&quot;Aptos&quot;,&quot;469769242&quot;:[8226],&quot;469777803&quot;:&quot;left&quot;,&quot;469777804&quot;:&quot;-&quot;,&quot;469777815&quot;:&quot;hybridMultilevel&quot;}\" data-aria-posinset=\"2\" data-aria-level=\"1\"><span data-contrast=\"auto\">Tuki tiedonhallintaa koskevien lakien ja vaatimusten t\u00e4ytt\u00e4miseen ja seuraamusten v\u00e4ltt\u00e4miseen.<\/span><span data-ccp-props=\"{}\">\u00a0<\/span><\/li><\/ul><ul><li aria-setsize=\"-1\" data-leveltext=\"-\" data-font=\"Aptos\" data-listid=\"5\" data-list-defn-props=\"{&quot;335551671&quot;:0,&quot;335552541&quot;:1,&quot;335559685&quot;:720,&quot;335559991&quot;:360,&quot;469769226&quot;:&quot;Aptos&quot;,&quot;469769242&quot;:[8226],&quot;469777803&quot;:&quot;left&quot;,&quot;469777804&quot;:&quot;-&quot;,&quot;469777815&quot;:&quot;hybridMultilevel&quot;}\" data-aria-posinset=\"3\" data-aria-level=\"1\"><span data-contrast=\"auto\">Parempi maine sidosryhmien keskuudessa<\/span><span data-ccp-props=\"{}\">\u00a0<\/span><\/li><\/ul><ul><li aria-setsize=\"-1\" data-leveltext=\"-\" data-font=\"Aptos\" data-listid=\"5\" data-list-defn-props=\"{&quot;335551671&quot;:0,&quot;335552541&quot;:1,&quot;335559685&quot;:720,&quot;335559991&quot;:360,&quot;469769226&quot;:&quot;Aptos&quot;,&quot;469769242&quot;:[8226],&quot;469777803&quot;:&quot;left&quot;,&quot;469777804&quot;:&quot;-&quot;,&quot;469777815&quot;:&quot;hybridMultilevel&quot;}\" data-aria-posinset=\"4\" data-aria-level=\"1\"><span data-contrast=\"auto\">ISO 27001 -sertifiointi osoittaa, ett\u00e4 ty\u00f6skentelet korkeiden standardien mukaisesti, mit\u00e4 yh\u00e4 useammat ihmiset vaativat.<\/span><span data-ccp-props=\"{}\">\u00a0<\/span><\/li><\/ul><ul><li aria-setsize=\"-1\" data-leveltext=\"-\" data-font=\"Aptos\" data-listid=\"5\" data-list-defn-props=\"{&quot;335551671&quot;:0,&quot;335552541&quot;:1,&quot;335559685&quot;:720,&quot;335559991&quot;:360,&quot;469769226&quot;:&quot;Aptos&quot;,&quot;469769242&quot;:[8226],&quot;469777803&quot;:&quot;left&quot;,&quot;469777804&quot;:&quot;-&quot;,&quot;469777815&quot;:&quot;hybridMultilevel&quot;}\" data-aria-posinset=\"5\" data-aria-level=\"1\"><span data-contrast=\"auto\">V\u00e4hennet\u00e4\u00e4n keskeytysten, vaaratilanteiden ja tietovuodon riski\u00e4 j\u00e4sennellyn l\u00e4hestymistavan ansiosta.<\/span><span data-ccp-props=\"{}\">\u00a0<\/span><\/li><\/ul><h2><span data-contrast=\"auto\"><br \/>C1 Certificationin sertifioinnin edut<\/span><\/h2><p><span data-contrast=\"auto\">Tarkastajillamme on laaja tiet\u00e4mys ja kokemus alalta.<\/span> <span data-contrast=\"auto\">Operaatioon osallistuu paikallisia tarkastusp\u00e4\u00e4llik\u00f6it\u00e4.<\/span><\/p>\t\t\t\t\t\t\t\t<\/div>\n\t\t\t\t<\/div>\n\t\t\t\t<div class=\"elementor-element elementor-element-bdc4462 elementor-widget elementor-widget-spacer\" data-id=\"bdc4462\" data-element_type=\"widget\" data-widget_type=\"spacer.default\">\n\t\t\t\t<div class=\"elementor-widget-container\">\n\t\t\t\t\t\t\t<div class=\"elementor-spacer\">\n\t\t\t<div class=\"elementor-spacer-inner\"><\/div>\n\t\t<\/div>\n\t\t\t\t\t\t<\/div>\n\t\t\t\t<\/div>\n\t\t\t\t\t<\/div>\n\t\t<\/div>\n\t\t\t\t\t<\/div>\n\t\t<\/section>\n\t\t\t\t<section class=\"elementor-section elementor-top-section elementor-element elementor-element-d7cfbea elementor-section-boxed elementor-section-height-default elementor-section-height-default\" data-id=\"d7cfbea\" data-element_type=\"section\" data-settings=\"{&quot;background_background&quot;:&quot;classic&quot;}\">\n\t\t\t\t\t\t<div class=\"elementor-container elementor-column-gap-default\">\n\t\t\t\t\t<div class=\"elementor-column elementor-col-100 elementor-top-column elementor-element elementor-element-6bd7c90\" data-id=\"6bd7c90\" data-element_type=\"column\">\n\t\t\t<div class=\"elementor-widget-wrap elementor-element-populated\">\n\t\t\t\t\t\t<div class=\"elementor-element elementor-element-ecd9472 elementor-widget elementor-widget-spacer\" data-id=\"ecd9472\" data-element_type=\"widget\" data-widget_type=\"spacer.default\">\n\t\t\t\t<div class=\"elementor-widget-container\">\n\t\t\t\t\t\t\t<div class=\"elementor-spacer\">\n\t\t\t<div class=\"elementor-spacer-inner\"><\/div>\n\t\t<\/div>\n\t\t\t\t\t\t<\/div>\n\t\t\t\t<\/div>\n\t\t\t\t\t<\/div>\n\t\t<\/div>\n\t\t\t\t\t<\/div>\n\t\t<\/section>\n\t\t\t\t<section class=\"elementor-section elementor-top-section elementor-element elementor-element-d0a93b6 elementor-section-boxed elementor-section-height-default elementor-section-height-default\" data-id=\"d0a93b6\" data-element_type=\"section\" data-settings=\"{&quot;background_background&quot;:&quot;classic&quot;}\">\n\t\t\t\t\t\t<div class=\"elementor-container elementor-column-gap-default\">\n\t\t\t\t\t<div class=\"elementor-column elementor-col-50 elementor-top-column elementor-element elementor-element-573a021\" data-id=\"573a021\" data-element_type=\"column\">\n\t\t\t<div class=\"elementor-widget-wrap elementor-element-populated\">\n\t\t\t\t\t\t<div class=\"elementor-element elementor-element-0bb68b1 elementor-widget elementor-widget-text-editor\" data-id=\"0bb68b1\" data-element_type=\"widget\" data-widget_type=\"text-editor.default\">\n\t\t\t\t<div class=\"elementor-widget-container\">\n\t\t\t\t\t\t\t\t\t<h2>Pit\u00e4isik\u00f6 meid\u00e4n sertifioida organisaatiosi?<\/h2><p>Onko organisaatiosi aika sertifioida, vai onko sinulla jo yksi tai useampi sertifiointi ja harkitsetko siirtymist\u00e4 nykyaikaiseen ja innovatiiviseen sertifiointielimeen? Olemme valmiita keskustelemaan sitoumuksetta siit\u00e4, miten voimme auttaa sinua eteenp\u00e4in.<\/p><p>Ota meihin yhteytt\u00e4, jos haluat lis\u00e4tietoja C1-sertifioinnista, tarjoamistamme palveluista ja siit\u00e4, miten voimme kehitt\u00e4\u00e4 liiketoimintaasi.<\/p>\t\t\t\t\t\t\t\t<\/div>\n\t\t\t\t<\/div>\n\t\t\t\t\t<\/div>\n\t\t<\/div>\n\t\t\t\t<div class=\"elementor-column elementor-col-50 elementor-top-column elementor-element elementor-element-e4bcf37\" data-id=\"e4bcf37\" data-element_type=\"column\">\n\t\t\t<div class=\"elementor-widget-wrap elementor-element-populated\">\n\t\t\t\t\t\t<div class=\"elementor-element elementor-element-715e413 elementor-button-align-stretch elementor-widget elementor-widget-form\" data-id=\"715e413\" data-element_type=\"widget\" data-settings=\"{&quot;step_next_label&quot;:&quot;N\\u00e4sta&quot;,&quot;step_previous_label&quot;:&quot;F\\u00f6reg\\u00e5ende&quot;,&quot;button_width&quot;:&quot;100&quot;,&quot;step_type&quot;:&quot;number_text&quot;,&quot;step_icon_shape&quot;:&quot;circle&quot;}\" data-widget_type=\"form.default\">\n\t\t\t\t<div class=\"elementor-widget-container\">\n\t\t\t\t\t\t\t<form class=\"elementor-form\" method=\"post\" name=\"Certifiering\" action=\"\">\n\t\t\t<input type=\"hidden\" name=\"post_id\" value=\"4047\"\/>\n\t\t\t<input type=\"hidden\" name=\"form_id\" value=\"715e413\"\/>\n\t\t\t<input type=\"hidden\" name=\"referer_title\" value=\"C1 Certification &#x2d; Modernt &#038; Nyt\u00e4nkade &#x2d; ISO 27001 &#x2d; Informationss\u00e4kerhet\" \/>\n\n\t\t\t\t\t\t\t<input type=\"hidden\" name=\"queried_id\" value=\"4047\"\/>\n\t\t\t\n\t\t\t<div class=\"elementor-form-fields-wrapper elementor-labels-above\">\n\t\t\t\t\t\t\t\t<div class=\"elementor-field-type-text elementor-field-group elementor-column elementor-field-group-name elementor-col-100 elementor-field-required elementor-mark-required\">\n\t\t\t\t\t\t\t\t\t\t\t\t<label for=\"form-field-name\" class=\"elementor-field-label\">\n\t\t\t\t\t\t\t\tOrganisaation nimi\t\t\t\t\t\t\t<\/label>\n\t\t\t\t\t\t\t\t\t\t\t\t\t\t<input size=\"1\" type=\"text\" name=\"form_fields[name]\" id=\"form-field-name\" class=\"elementor-field elementor-size-sm  elementor-field-textual\" required=\"required\">\n\t\t\t\t\t\t\t\t\t\t\t<\/div>\n\t\t\t\t\t\t\t\t<div class=\"elementor-field-type-email elementor-field-group elementor-column elementor-field-group-email elementor-col-100 elementor-field-required elementor-mark-required\">\n\t\t\t\t\t\t\t\t\t\t\t\t<label for=\"form-field-email\" class=\"elementor-field-label\">\n\t\t\t\t\t\t\t\tS\u00e4hk\u00f6postiosoite\t\t\t\t\t\t\t<\/label>\n\t\t\t\t\t\t\t\t\t\t\t\t\t\t<input size=\"1\" type=\"email\" name=\"form_fields[email]\" id=\"form-field-email\" class=\"elementor-field elementor-size-sm  elementor-field-textual\" required=\"required\">\n\t\t\t\t\t\t\t\t\t\t\t<\/div>\n\t\t\t\t\t\t\t\t<div class=\"elementor-field-type-tel elementor-field-group elementor-column elementor-field-group-field_1fefeb0 elementor-col-100 elementor-field-required elementor-mark-required\">\n\t\t\t\t\t\t\t\t\t\t\t\t<label for=\"form-field-field_1fefeb0\" class=\"elementor-field-label\">\n\t\t\t\t\t\t\t\tPuhelinnumero\t\t\t\t\t\t\t<\/label>\n\t\t\t\t\t\t\t\t<input size=\"1\" type=\"tel\" name=\"form_fields[field_1fefeb0]\" id=\"form-field-field_1fefeb0\" class=\"elementor-field elementor-size-sm  elementor-field-textual\" required=\"required\" pattern=\"[0-9()#&amp;+*-=.]+\" title=\"Vain numerot ja puhelinmerkit (#, -, * jne.) hyv\u00e4ksyt\u00e4\u00e4n.\" data-no-translation-title=\"\">\n\n\t\t\t\t\t\t<\/div>\n\t\t\t\t\t\t\t\t<div class=\"elementor-field-type-select elementor-field-group elementor-column elementor-field-group-field_2457421 elementor-col-100 elementor-field-required elementor-mark-required\">\n\t\t\t\t\t\t\t\t\t\t\t\t<label for=\"form-field-field_2457421\" class=\"elementor-field-label\">\n\t\t\t\t\t\t\t\tMist\u00e4 on kyse?\t\t\t\t\t\t\t<\/label>\n\t\t\t\t\t\t\t\t<div class=\"elementor-field elementor-select-wrapper remove-before\">\n\t\t\t<div class=\"select-caret-down-wrapper\">\n\t\t\t\t<svg aria-hidden=\"true\" class=\"e-font-icon-svg e-eicon-caret-down\" viewbox=\"0 0 571.4 571.4\" xmlns=\"http:\/\/www.w3.org\/2000\/svg\"><path d=\"M571 393Q571 407 561 418L311 668Q300 679 286 679T261 668L11 418Q0 407 0 393T11 368 36 357H536Q550 357 561 368T571 393Z\"><\/path><\/svg>\t\t\t<\/div>\n\t\t\t<select name=\"form_fields[field_2457421]\" id=\"form-field-field_2457421\" class=\"elementor-field-textual elementor-size-sm\" required=\"required\">\n\t\t\t\t\t\t\t\t\t<option value=\"ISO 9001\">ISO 9001<\/option>\n\t\t\t\t\t\t\t\t\t<option value=\"ISO 14001\">ISO 14001<\/option>\n\t\t\t\t\t\t\t\t\t<option value=\"ISO 27001\">ISO 27001<\/option>\n\t\t\t\t\t\t\t\t\t<option value=\"ISO 45001\">ISO 45001<\/option>\n\t\t\t\t\t\t\t\t\t<option value=\"\u00d6vrigt\">Muut<\/option>\n\t\t\t\t\t\t\t<\/select>\n\t\t<\/div>\n\t\t\t\t\t\t<\/div>\n\t\t\t\t\t\t\t\t<div class=\"elementor-field-type-textarea elementor-field-group elementor-column elementor-field-group-message elementor-col-100\">\n\t\t\t\t\t\t\t\t\t\t\t\t<label for=\"form-field-message\" class=\"elementor-field-label\">\n\t\t\t\t\t\t\t\tIlmoitus\t\t\t\t\t\t\t<\/label>\n\t\t\t\t\t\t<textarea class=\"elementor-field-textual elementor-field  elementor-size-sm\" name=\"form_fields[message]\" id=\"form-field-message\" rows=\"4\" placeholder=\"Haluan tiet\u00e4\u00e4 enemm\u00e4n...\"><\/textarea>\t\t\t\t<\/div>\n\t\t\t\t\t\t\t\t<div class=\"elementor-field-type-recaptcha elementor-field-group elementor-column elementor-field-group-field_a6e28f6 elementor-col-100\">\n\t\t\t\t\t<div class=\"elementor-field\" id=\"form-field-field_a6e28f6\"><div class=\"elementor-g-recaptcha\" data-sitekey=\"6LfXl5QpAAAAALTYX40FPb4IZtBuRSTFcJOOaHsU\" data-type=\"v2_checkbox\" data-theme=\"light\" data-size=\"normal\"><\/div><\/div>\t\t\t\t<\/div>\n\t\t\t\t\t\t\t\t<div class=\"elementor-field-group elementor-column elementor-field-type-submit elementor-col-100 e-form__buttons\">\n\t\t\t\t\t<button class=\"elementor-button elementor-size-sm\" type=\"submit\">\n\t\t\t\t\t\t<span class=\"elementor-button-content-wrapper\">\n\t\t\t\t\t\t\t\t\t\t\t\t\t\t\t\t\t\t\t\t\t\t<span class=\"elementor-button-text\">L\u00e4het\u00e4<\/span>\n\t\t\t\t\t\t\t\t\t\t\t\t\t<\/span>\n\t\t\t\t\t<\/button>\n\t\t\t\t<\/div>\n\t\t\t<\/div>\n\t\t<input type=\"hidden\" name=\"trp-form-language\" value=\"fi\"\/><\/form>\n\t\t\t\t\t\t<\/div>\n\t\t\t\t<\/div>\n\t\t\t\t\t<\/div>\n\t\t<\/div>\n\t\t\t\t\t<\/div>\n\t\t<\/section>\n\t\t\t\t<section class=\"elementor-section elementor-top-section elementor-element elementor-element-d9ea945 elementor-section-boxed elementor-section-height-default elementor-section-height-default\" data-id=\"d9ea945\" data-element_type=\"section\" data-settings=\"{&quot;background_background&quot;:&quot;classic&quot;}\">\n\t\t\t\t\t\t<div class=\"elementor-container elementor-column-gap-default\">\n\t\t\t\t\t<div class=\"elementor-column elementor-col-100 elementor-top-column elementor-element elementor-element-0cedd6a\" data-id=\"0cedd6a\" data-element_type=\"column\">\n\t\t\t<div class=\"elementor-widget-wrap elementor-element-populated\">\n\t\t\t\t\t\t<div class=\"elementor-element elementor-element-12398f8 elementor-widget elementor-widget-spacer\" data-id=\"12398f8\" data-element_type=\"widget\" data-widget_type=\"spacer.default\">\n\t\t\t\t<div class=\"elementor-widget-container\">\n\t\t\t\t\t\t\t<div class=\"elementor-spacer\">\n\t\t\t<div class=\"elementor-spacer-inner\"><\/div>\n\t\t<\/div>\n\t\t\t\t\t\t<\/div>\n\t\t\t\t<\/div>\n\t\t\t\t\t<\/div>\n\t\t<\/div>\n\t\t\t\t\t<\/div>\n\t\t<\/section>\n\t\t\t\t<\/div>","protected":false},"excerpt":{"rendered":"<p>ISO 27001 -tietoturvallisuuden hallintaj\u00e4rjestelm\u00e4 Digitaalisessa maailmassa, jossa tietoturva on liiketoiminnan kannalta kriittist\u00e4, ISO 27001 -standardi tarjoaa organisaatiollesi selke\u00e4n rakenteen arkaluonteisten tietojen suojaamiseksi, s\u00e4\u00e4ntelyvaatimusten t\u00e4ytt\u00e4miseksi ja tietoverkkoriskien ehk\u00e4isemiseksi.  Sertifioitu tietoturvallisuuden hallintaj\u00e4rjestelm\u00e4 osoittaa, ett\u00e4 olet sitoutunut tietojen hallintaan, eheyteen ja jatkuvuuteen - toimialasta tai yrityksen koosta riippumatta. Se tarjoaa [...]<\/p>","protected":false},"author":7,"featured_media":0,"parent":0,"menu_order":0,"comment_status":"closed","ping_status":"closed","template":"","meta":{"_acf_changed":false,"footnotes":""},"class_list":["post-4047","page","type-page","status-publish","hentry"],"acf":[],"_links":{"self":[{"href":"https:\/\/c1cert.se\/fi\/wp-json\/wp\/v2\/pages\/4047"}],"collection":[{"href":"https:\/\/c1cert.se\/fi\/wp-json\/wp\/v2\/pages"}],"about":[{"href":"https:\/\/c1cert.se\/fi\/wp-json\/wp\/v2\/types\/page"}],"author":[{"embeddable":true,"href":"https:\/\/c1cert.se\/fi\/wp-json\/wp\/v2\/users\/7"}],"replies":[{"embeddable":true,"href":"https:\/\/c1cert.se\/fi\/wp-json\/wp\/v2\/comments?post=4047"}],"version-history":[{"count":13,"href":"https:\/\/c1cert.se\/fi\/wp-json\/wp\/v2\/pages\/4047\/revisions"}],"predecessor-version":[{"id":4267,"href":"https:\/\/c1cert.se\/fi\/wp-json\/wp\/v2\/pages\/4047\/revisions\/4267"}],"wp:attachment":[{"href":"https:\/\/c1cert.se\/fi\/wp-json\/wp\/v2\/media?parent=4047"}],"curies":[{"name":"wp","href":"https:\/\/api.w.org\/{rel}","templated":true}]}}