{"id":4063,"date":"2025-09-01T18:50:35","date_gmt":"2025-09-01T18:50:35","guid":{"rendered":"https:\/\/c1cert.se\/?page_id=4063"},"modified":"2025-11-11T19:09:22","modified_gmt":"2025-11-11T19:09:22","slug":"iso-26000-verifiering-av-organisationers-samhallsansvar","status":"publish","type":"page","link":"https:\/\/c1cert.se\/fi\/iso-26000-verifiering-av-organisationers-samhallsansvar\/","title":{"rendered":"ISO 26000 - Organisaatioiden sosiaalisen vastuun todentaminen"},"content":{"rendered":"<div data-elementor-type=\"wp-page\" data-elementor-id=\"4063\" class=\"elementor elementor-4063\" data-elementor-post-type=\"page\">\n\t\t\t\t\t\t<section class=\"elementor-section elementor-top-section elementor-element elementor-element-9c547b9 elementor-section-height-min-height elementor-section-items-bottom elementor-section-full_width elementor-section-height-default\" data-id=\"9c547b9\" data-element_type=\"section\" data-settings=\"{&quot;background_background&quot;:&quot;classic&quot;}\">\n\t\t\t\t\t\t\t<div class=\"elementor-background-overlay\"><\/div>\n\t\t\t\t\t\t\t<div class=\"elementor-container elementor-column-gap-default\">\n\t\t\t\t\t<div class=\"elementor-column elementor-col-100 elementor-top-column elementor-element elementor-element-e66cc97\" data-id=\"e66cc97\" data-element_type=\"column\">\n\t\t\t<div class=\"elementor-widget-wrap elementor-element-populated\">\n\t\t\t\t\t\t<section class=\"elementor-section elementor-inner-section elementor-element elementor-element-63c53a3 elementor-section-boxed elementor-section-height-default elementor-section-height-default\" data-id=\"63c53a3\" data-element_type=\"section\">\n\t\t\t\t\t\t<div class=\"elementor-container elementor-column-gap-default\">\n\t\t\t\t\t<div class=\"elementor-column elementor-col-100 elementor-inner-column elementor-element elementor-element-791665f\" data-id=\"791665f\" data-element_type=\"column\">\n\t\t\t<div class=\"elementor-widget-wrap elementor-element-populated\">\n\t\t\t\t\t\t<div class=\"elementor-element elementor-element-755590d elementor-widget elementor-widget-text-editor\" data-id=\"755590d\" data-element_type=\"widget\" data-widget_type=\"text-editor.default\">\n\t\t\t\t<div class=\"elementor-widget-container\">\n\t\t\t\t\t\t\t\t\t<h1>ISO 26000<\/h1>\t\t\t\t\t\t\t\t<\/div>\n\t\t\t\t<\/div>\n\t\t\t\t\t<\/div>\n\t\t<\/div>\n\t\t\t\t\t<\/div>\n\t\t<\/section>\n\t\t\t\t\t<\/div>\n\t\t<\/div>\n\t\t\t\t\t<\/div>\n\t\t<\/section>\n\t\t\t\t<section class=\"elementor-section elementor-top-section elementor-element elementor-element-c0dd0c2 elementor-section-boxed elementor-section-height-default elementor-section-height-default\" data-id=\"c0dd0c2\" data-element_type=\"section\">\n\t\t\t\t\t\t<div class=\"elementor-container elementor-column-gap-default\">\n\t\t\t\t\t<div class=\"elementor-column elementor-col-100 elementor-top-column elementor-element elementor-element-9116827\" data-id=\"9116827\" data-element_type=\"column\">\n\t\t\t<div class=\"elementor-widget-wrap elementor-element-populated\">\n\t\t\t\t\t\t<div class=\"elementor-element elementor-element-7851d05 elementor-widget elementor-widget-spacer\" data-id=\"7851d05\" data-element_type=\"widget\" data-widget_type=\"spacer.default\">\n\t\t\t\t<div class=\"elementor-widget-container\">\n\t\t\t\t\t\t\t<div class=\"elementor-spacer\">\n\t\t\t<div class=\"elementor-spacer-inner\"><\/div>\n\t\t<\/div>\n\t\t\t\t\t\t<\/div>\n\t\t\t\t<\/div>\n\t\t\t\t<div class=\"elementor-element elementor-element-faf8f42 elementor-widget elementor-widget-text-editor\" data-id=\"faf8f42\" data-element_type=\"widget\" data-widget_type=\"text-editor.default\">\n\t\t\t\t<div class=\"elementor-widget-container\">\n\t\t\t\t\t\t\t\t\t<h2>Organisaatioiden sosiaalisen vastuun todentaminen\u00a0<\/h2><p>ISO 26000 on kest\u00e4v\u00e4n kehityksen ja yritysten yhteiskuntavastuun ohjaava standardi, jota voivat soveltaa kaikenkokoiset ja -alaiset organisaatiot. Standardin noudattaminen tarjoaa j\u00e4sennellyn perustan YK:n kest\u00e4v\u00e4n kehityksen tavoitteiden edist\u00e4miselle ja kest\u00e4v\u00e4n kehityksen kysymysten sis\u00e4llytt\u00e4miselle liiketoimintaan. ISO 26000 -standardin ytimess\u00e4 on seitsem\u00e4n periaatetta - vastuullisuus, avoimuus, eettisyys, sidosryhmien kunnioittaminen, lain noudattaminen, kansainv\u00e4liset standardit ja ihmisoikeudet - jotka ovat sosiaalisen vastuun alalla teht\u00e4v\u00e4n ty\u00f6n keski\u00f6ss\u00e4.<\/p><p>Organisaatiot, jotka haluavat osoittaa sitoutumisensa, voivat k\u00e4ytt\u00e4\u00e4 SIS\/TS 2 -standardin mukaista omaehtoista ilmoitusta, jossa kuvataan ja arvioidaan niiden yhteiskuntavastuuty\u00f6t\u00e4. C1-sertifiointi tarjoaa puolueettoman varmennuksen omaehtoiselle ilmoitukselle - todisteen siit\u00e4, ett\u00e4 vastuullisuusty\u00f6 on avointa, merkityksellist\u00e4 ja luotettavaa. Toisin sanoen: ISO 26000 -standardi on kehys, ja itseilmoitus on tapa osoittaa, miten organisaatio noudattaa sit\u00e4, ja todentaminen vahvistaa organisaation oikeutusta ulkomaailmaan n\u00e4hden.<\/p><p>Se tarjoaa muun muassa seuraavia etuja:<\/p><ul><li>Parempi kest\u00e4vyysprofiili - todentaminen lis\u00e4\u00e4 yrityksen sosiaalisen vastuun viestinn\u00e4n uskottavuutta.<\/li><li>Parempi valvonta ja hallinto - selke\u00e4 yleiskuva vaikutuksista, tavoitteista ja parannuskohteista.<\/li><li>Vaatimustenmukaisuus - lakien, standardien ja sidosryhmien odotusten t\u00e4ytt\u00e4misen tukeminen.<\/li><li>Liiketoiminta-arvo - kest\u00e4v\u00e4n kehityksen ty\u00f6st\u00e4 tulee mitattavissa olevaa, strategista ja arvoa tuottavaa.<\/li><li>Todentaminen luo avoimuutta ja lis\u00e4\u00e4 luottamusta asiakkaiden, kumppaneiden ja sijoittajien keskuudessa.<\/li><\/ul>\t\t\t\t\t\t\t\t<\/div>\n\t\t\t\t<\/div>\n\t\t\t\t<div class=\"elementor-element elementor-element-bdf0587 elementor-widget elementor-widget-spacer\" data-id=\"bdf0587\" data-element_type=\"widget\" data-widget_type=\"spacer.default\">\n\t\t\t\t<div class=\"elementor-widget-container\">\n\t\t\t\t\t\t\t<div class=\"elementor-spacer\">\n\t\t\t<div class=\"elementor-spacer-inner\"><\/div>\n\t\t<\/div>\n\t\t\t\t\t\t<\/div>\n\t\t\t\t<\/div>\n\t\t\t\t\t<\/div>\n\t\t<\/div>\n\t\t\t\t\t<\/div>\n\t\t<\/section>\n\t\t\t\t<\/div>","protected":false},"excerpt":{"rendered":"<p>ISO 26000 Organisaatioiden sosiaalisen vastuun todentaminen ISO 26000 on kest\u00e4v\u00e4n kehityksen ja sosiaalisen vastuun standardi, jota voivat soveltaa kaikenkokoiset ja -alaiset organisaatiot. Standardin noudattaminen tarjoaa organisaatioille j\u00e4sennellyn perustan YK:n kest\u00e4v\u00e4n kehityksen tavoitteiden saavuttamiseen ja kest\u00e4v\u00e4n kehityksen kysymysten sis\u00e4llytt\u00e4miseen toimintaansa. ISO 26000 perustuu seitsem\u00e4\u00e4n periaatteeseen - [...]<\/p>","protected":false},"author":7,"featured_media":0,"parent":0,"menu_order":0,"comment_status":"closed","ping_status":"closed","template":"","meta":{"_acf_changed":false,"footnotes":""},"class_list":["post-4063","page","type-page","status-publish","hentry"],"acf":[],"_links":{"self":[{"href":"https:\/\/c1cert.se\/fi\/wp-json\/wp\/v2\/pages\/4063"}],"collection":[{"href":"https:\/\/c1cert.se\/fi\/wp-json\/wp\/v2\/pages"}],"about":[{"href":"https:\/\/c1cert.se\/fi\/wp-json\/wp\/v2\/types\/page"}],"author":[{"embeddable":true,"href":"https:\/\/c1cert.se\/fi\/wp-json\/wp\/v2\/users\/7"}],"replies":[{"embeddable":true,"href":"https:\/\/c1cert.se\/fi\/wp-json\/wp\/v2\/comments?post=4063"}],"version-history":[{"count":13,"href":"https:\/\/c1cert.se\/fi\/wp-json\/wp\/v2\/pages\/4063\/revisions"}],"predecessor-version":[{"id":4270,"href":"https:\/\/c1cert.se\/fi\/wp-json\/wp\/v2\/pages\/4063\/revisions\/4270"}],"wp:attachment":[{"href":"https:\/\/c1cert.se\/fi\/wp-json\/wp\/v2\/media?parent=4063"}],"curies":[{"name":"wp","href":"https:\/\/api.w.org\/{rel}","templated":true}]}}